{"id":766557,"date":"2025-08-28T12:17:28","date_gmt":"2025-08-28T09:17:28","guid":{"rendered":"https:\/\/roveyayinevi.com.tr\/index.php\/urun\/gokevi-hayalet-gezileri\/"},"modified":"2026-04-15T03:32:16","modified_gmt":"2026-04-15T00:32:16","slug":"gokevi-hayalet-gezileri","status":"publish","type":"product","link":"https:\/\/roveyayinevi.com.tr\/index.php\/urun\/gokevi-hayalet-gezileri\/","title":{"rendered":"G\u00f6kevi Hayalet Gezileri"},"content":{"rendered":"<p>&#8220;Bir evrende, gezegenleri ziyaret eden bir \u00e7ocuk varm\u0131\u015f. Bu \u00e7ocuk, art\u0131k uykuda olan gezegenlerin manzaralar\u0131n\u0131 kaydedermi\u015f. Peki, huzurlu uykunun h\u00e2kim oldu\u011fu bu g\u00f6klerde ne bulacak?&#8221; Gezegenler aras\u0131 fantastik bir maceraya davet eden bu eser, farkl\u0131 zaman ve mekanlarda ge\u00e7en bir yolculu\u011fu konu al\u0131yor. Kahraman\u0131m\u0131z, y\u0131ld\u0131zlar aras\u0131nda dolan\u0131rken farkl\u0131 gezegenlerdeki insanlar\u0131n, hayaletlerin ve bilinmeyen varl\u0131klar\u0131n hikayelerine tan\u0131kl\u0131k ediyor. Her durak, okuyucuyu derin d\u00fc\u015f\u00fcncelere sevk eden mistik manzaralar ve anlam aray\u0131\u015flar\u0131yla dolu. Kahraman\u0131m\u0131z\u0131n birbirinden farkl\u0131 gezegenlerde kar\u015f\u0131la\u015ft\u0131\u011f\u0131 tuhaf ve mistik olaylar, okuyucuyu s\u00fcr\u00fckleyici bir hayal d\u00fcnyas\u0131na \u00e7ekerken, yaln\u0131zl\u0131k, ke\u015fif ve evrenin derinliklerinde sakl\u0131 kalm\u0131\u015f ger\u00e7ekler \u00fczerine d\u00fc\u015f\u00fcnd\u00fcr\u00fcyor. Uykusuz \u00c7ocuk Ay\u2019a do\u011fru bir yolculu\u011fa \u00e7\u0131karken, yava\u015f yava\u015f y\u0131ld\u0131zlar\u0131n ve gezegenlerin s\u0131rlar\u0131na da tan\u0131k oluyor. G\u00f6kevi Takvimi&#8217;ne g\u00f6re 2050 y\u0131l\u0131nda ba\u015flayan bu ser\u00fcven, okuyucuyu uzak diyarlara ta\u015f\u0131rken hem g\u00f6rsel hem de duygusal anlamda zengin bir deneyim sunuyor. Bu eser, gezegenler, y\u0131ld\u0131zlar ve g\u00f6kler aras\u0131nda derin anlamlar ta\u015f\u0131yan, bir ke\u015ffetme ve ke\u015ffedilme hik\u00e2yesi.<\/p>\n","protected":false},"excerpt":{"rendered":"<p>&#8220;Bir evrende, gezegenleri ziyaret eden bir \u00e7ocuk varm\u0131\u015f. Bu \u00e7ocuk, art\u0131k uykuda olan gezegenlerin manzaralar\u0131n\u0131 kaydedermi\u015f. Peki, huzurlu uykunun h\u00e2kim oldu\u011fu bu g\u00f6klerde ne bulacak?&#8221; Gezegenler<span class=\"excerpt-hellip\"> [\u2026]<\/span><\/p>\n","protected":false},"featured_media":0,"template":"","meta":{"_monsterinsights_skip_tracking":false,"_monsterinsights_sitenote_active":false,"_monsterinsights_sitenote_note":"","_monsterinsights_sitenote_category":0},"product_brand":[],"product_cat":[12689,12274],"product_tag":[],"class_list":{"0":"post-766557","1":"product","2":"type-product","3":"status-publish","5":"product_cat-cizgi-roman-cocuk-ve-genclik-kitaplari","6":"product_cat-cocuk-ve-genclik-kitaplari","7":"pa_cilt-ciltsiz","8":"pa_tur-kitap","9":"pa_yayinevi-yuzu-kitap","10":"pa_yazar-sakana-sakatsuki","12":"first","13":"instock","14":"sale","15":"shipping-taxable","16":"purchasable","17":"product-type-simple"},"_links":{"self":[{"href":"https:\/\/roveyayinevi.com.tr\/index.php\/wp-json\/wp\/v2\/product\/766557","targetHints":{"allow":["GET"]}}],"collection":[{"href":"https:\/\/roveyayinevi.com.tr\/index.php\/wp-json\/wp\/v2\/product"}],"about":[{"href":"https:\/\/roveyayinevi.com.tr\/index.php\/wp-json\/wp\/v2\/types\/product"}],"wp:attachment":[{"href":"https:\/\/roveyayinevi.com.tr\/index.php\/wp-json\/wp\/v2\/media?parent=766557"}],"wp:term":[{"taxonomy":"product_brand","embeddable":true,"href":"https:\/\/roveyayinevi.com.tr\/index.php\/wp-json\/wp\/v2\/product_brand?post=766557"},{"taxonomy":"product_cat","embeddable":true,"href":"https:\/\/roveyayinevi.com.tr\/index.php\/wp-json\/wp\/v2\/product_cat?post=766557"},{"taxonomy":"product_tag","embeddable":true,"href":"https:\/\/roveyayinevi.com.tr\/index.php\/wp-json\/wp\/v2\/product_tag?post=766557"}],"curies":[{"name":"wp","href":"https:\/\/api.w.org\/{rel}","templated":true}]}}