{"id":766555,"date":"2025-08-28T12:17:23","date_gmt":"2025-08-28T09:17:23","guid":{"rendered":"https:\/\/roveyayinevi.com.tr\/index.php\/urun\/kanolanin-umudu\/"},"modified":"2026-04-15T03:32:16","modified_gmt":"2026-04-15T00:32:16","slug":"kanolanin-umudu","status":"publish","type":"product","link":"https:\/\/roveyayinevi.com.tr\/index.php\/urun\/kanolanin-umudu\/","title":{"rendered":"Kanolan\u0131n Umudu"},"content":{"rendered":"<p>Ben bah\u00e7edeki Kanola&#8217;yd\u0131m, yaln\u0131zca Ar\u0131&#8217;m taraf\u0131ndan fark edilmeyi bekliyordum.   \u00d6l\u00fcm kaderin oyunlar\u0131ndan yaln\u0131zca biriydi. Bazen sana bir \u015feyleri g\u00f6sterir ve sen de\u011fi\u015ftirmek i\u00e7in \u00e7abalarken arkas\u0131na yaslan\u0131p keyifle seni izlerdi. Kader ac\u0131dan zevk al\u0131rd\u0131. Kader y\u0131k\u0131l\u0131\u015flardan beslenir ve tekrar in\u015fa etmeni beklerdi seni bir daha y\u0131kabilmek i\u00e7in. Peki ben kaderi de\u011fi\u015ftirebilecek kadar g\u00fc\u00e7l\u00fc m\u00fcyd\u00fcm? Ummad\u0131\u011f\u0131m anda r\u00fcyalar\u0131ma giren kad\u0131n\u0131 kurtarabilecek miydim? G\u00f6rd\u00fc\u011f\u00fcm ate\u015fler yaln\u0131zca onun ruhunu mu kopartacakt\u0131 benden yoksa beni de onunla beraber g\u00f6t\u00fcr\u00fcr m\u00fcyd\u00fc? Kadere kar\u015f\u0131 a\u00e7\u0131lan sava\u015f elbette yak\u0131c\u0131 olacakt\u0131. Kendi se\u00e7imlerimle gelece\u011fi yeniden \u015fekillendirme g\u00fcc\u00fcne sahip miydim? Peki sevdi\u011fim kad\u0131n bu yolda benimle y\u00fcr\u00fcyecek miydi?<\/p>\n","protected":false},"excerpt":{"rendered":"<p>Ben bah\u00e7edeki Kanola&#8217;yd\u0131m, yaln\u0131zca Ar\u0131&#8217;m taraf\u0131ndan fark edilmeyi bekliyordum. \u00d6l\u00fcm kaderin oyunlar\u0131ndan yaln\u0131zca biriydi. Bazen sana bir \u015feyleri g\u00f6sterir ve sen de\u011fi\u015ftirmek i\u00e7in \u00e7abalarken arkas\u0131na yaslan\u0131p<span class=\"excerpt-hellip\"> [\u2026]<\/span><\/p>\n","protected":false},"featured_media":0,"template":"","meta":{"_monsterinsights_skip_tracking":false,"_monsterinsights_sitenote_active":false,"_monsterinsights_sitenote_note":"","_monsterinsights_sitenote_category":0},"product_brand":[],"product_cat":[12291,12711],"product_tag":[],"class_list":{"0":"post-766555","1":"product","2":"type-product","3":"status-publish","5":"product_cat-edebiyat","6":"product_cat-roman-oyku","7":"pa_cilt-ciltsiz","8":"pa_tur-kitap","9":"pa_yayinevi-perseus","10":"pa_yazar-lamari","12":"first","13":"instock","14":"sale","15":"shipping-taxable","16":"purchasable","17":"product-type-simple"},"_links":{"self":[{"href":"https:\/\/roveyayinevi.com.tr\/index.php\/wp-json\/wp\/v2\/product\/766555","targetHints":{"allow":["GET"]}}],"collection":[{"href":"https:\/\/roveyayinevi.com.tr\/index.php\/wp-json\/wp\/v2\/product"}],"about":[{"href":"https:\/\/roveyayinevi.com.tr\/index.php\/wp-json\/wp\/v2\/types\/product"}],"wp:attachment":[{"href":"https:\/\/roveyayinevi.com.tr\/index.php\/wp-json\/wp\/v2\/media?parent=766555"}],"wp:term":[{"taxonomy":"product_brand","embeddable":true,"href":"https:\/\/roveyayinevi.com.tr\/index.php\/wp-json\/wp\/v2\/product_brand?post=766555"},{"taxonomy":"product_cat","embeddable":true,"href":"https:\/\/roveyayinevi.com.tr\/index.php\/wp-json\/wp\/v2\/product_cat?post=766555"},{"taxonomy":"product_tag","embeddable":true,"href":"https:\/\/roveyayinevi.com.tr\/index.php\/wp-json\/wp\/v2\/product_tag?post=766555"}],"curies":[{"name":"wp","href":"https:\/\/api.w.org\/{rel}","templated":true}]}}