{"id":766554,"date":"2025-08-28T12:17:21","date_gmt":"2025-08-28T09:17:21","guid":{"rendered":"https:\/\/roveyayinevi.com.tr\/index.php\/urun\/cizgiler\/"},"modified":"2026-04-15T03:32:16","modified_gmt":"2026-04-15T00:32:16","slug":"cizgiler","status":"publish","type":"product","link":"https:\/\/roveyayinevi.com.tr\/index.php\/urun\/cizgiler\/","title":{"rendered":"\u00c7izgiler"},"content":{"rendered":"<p>Gen\u00e7lik y\u0131llar\u0131n\u0131 geride b\u0131rakm\u0131\u015f bir \u015fairin, uzun bir aradan sonra, pandemi ortam\u0131nda \u00fcretti\u011fi, ihtiyarl\u0131k ve \u00f6l\u00fcm temalar\u0131n\u0131, karamsarl\u0131\u011fa kap\u0131lmadan, esprili ve pozitif bir tav\u0131rla i\u015fledi\u011fi \u015fiirler.   Ve kad\u0131n erkek ili\u015fkileri, a\u015fk, nas\u0131l insan olu\u011fumuz,  al\u0131n teri, mitoloji, kozmos ve \u015fiirin konusu olan ve belki \u00f6yle oldu\u011fu bilinmeyen ba\u015fka her \u015fey\u2026 Yazar \u015fiirle bir araya getirdi\u011fi duygu, d\u00fc\u015f\u00fcnce ve bilgilerle dokudu\u011fu dizeleriyle okurlar\u0131n\u0131 d\u00fc\u015f\u00fcnd\u00fcr\u00fcrken duyguland\u0131r\u0131yor.   Re\u015fit Ergener&#8217; in \u015fiirleri 1980&#8217;li y\u0131llarda Varl\u0131k, D\u00fc\u015f\u00fcn, G\u00f6steri, Adam Sanat, Soyut gibi d\u00f6nemin \u00f6nde gelen dergilerinde yay\u0131nland\u0131. \u015eair, \u0130lk Deniz Vard\u0131 adl\u0131 ilk \u015fiir derlemesinden bu yana yakla\u015f\u0131k 30 y\u0131ll\u0131k bir aran\u0131n ard\u0131ndan ikinci \u015fiir derlemesini okurlar\u0131yla payla\u015fmaktan sevin\u00e7 duyuyor.<\/p>\n","protected":false},"excerpt":{"rendered":"<p>Gen\u00e7lik y\u0131llar\u0131n\u0131 geride b\u0131rakm\u0131\u015f bir \u015fairin, uzun bir aradan sonra, pandemi ortam\u0131nda \u00fcretti\u011fi, ihtiyarl\u0131k ve \u00f6l\u00fcm temalar\u0131n\u0131, karamsarl\u0131\u011fa kap\u0131lmadan, esprili ve pozitif bir tav\u0131rla i\u015fledi\u011fi \u015fiirler.<span class=\"excerpt-hellip\"> [\u2026]<\/span><\/p>\n","protected":false},"featured_media":0,"template":"","meta":{"_monsterinsights_skip_tracking":false,"_monsterinsights_sitenote_active":false,"_monsterinsights_sitenote_note":"","_monsterinsights_sitenote_category":0},"product_brand":[],"product_cat":[12291,12509],"product_tag":[],"class_list":{"0":"post-766554","1":"product","2":"type-product","3":"status-publish","5":"product_cat-edebiyat","6":"product_cat-siir","7":"pa_cilt-ciltsiz","8":"pa_tur-kitap","9":"pa_yayinevi-elpis-yayinlari","10":"pa_yazar-resit-ergener","12":"first","13":"instock","14":"sale","15":"shipping-taxable","16":"purchasable","17":"product-type-simple"},"_links":{"self":[{"href":"https:\/\/roveyayinevi.com.tr\/index.php\/wp-json\/wp\/v2\/product\/766554","targetHints":{"allow":["GET"]}}],"collection":[{"href":"https:\/\/roveyayinevi.com.tr\/index.php\/wp-json\/wp\/v2\/product"}],"about":[{"href":"https:\/\/roveyayinevi.com.tr\/index.php\/wp-json\/wp\/v2\/types\/product"}],"wp:attachment":[{"href":"https:\/\/roveyayinevi.com.tr\/index.php\/wp-json\/wp\/v2\/media?parent=766554"}],"wp:term":[{"taxonomy":"product_brand","embeddable":true,"href":"https:\/\/roveyayinevi.com.tr\/index.php\/wp-json\/wp\/v2\/product_brand?post=766554"},{"taxonomy":"product_cat","embeddable":true,"href":"https:\/\/roveyayinevi.com.tr\/index.php\/wp-json\/wp\/v2\/product_cat?post=766554"},{"taxonomy":"product_tag","embeddable":true,"href":"https:\/\/roveyayinevi.com.tr\/index.php\/wp-json\/wp\/v2\/product_tag?post=766554"}],"curies":[{"name":"wp","href":"https:\/\/api.w.org\/{rel}","templated":true}]}}