{"id":766553,"date":"2025-08-28T12:17:20","date_gmt":"2025-08-28T09:17:20","guid":{"rendered":"https:\/\/roveyayinevi.com.tr\/index.php\/urun\/savasin-bedeli-nasil-odenir\/"},"modified":"2026-04-15T03:32:16","modified_gmt":"2026-04-15T00:32:16","slug":"savasin-bedeli-nasil-odenir","status":"publish","type":"product","link":"https:\/\/roveyayinevi.com.tr\/index.php\/urun\/savasin-bedeli-nasil-odenir\/","title":{"rendered":"Sava\u015f\u0131n Bedeli Nas\u0131l \u00d6denir?"},"content":{"rendered":"<p>\u201cElinizdeki \u00e7al\u0131\u015fma, sava\u015f\u0131n zorunlu k\u0131ld\u0131\u011f\u0131 ihtiya\u00e7lar ile \u00f6zel t\u00fcketim aras\u0131nda dengenin nas\u0131l kurulabilece\u011fine dair bir de\u011ferlendirmedir. Bu konudaki plan\u0131m\u0131 Kas\u0131m ay\u0131nda The Times\u2019ta yay\u0131mlanan \u00fc\u00e7 makalemde \u2018Zorunlu Tasarruf\u2019 ba\u015fl\u0131\u011f\u0131 alt\u0131nda taslak olarak ortaya koymu\u015ftum. Plan\u0131m\u0131n heyecanla kar\u015f\u0131lanmas\u0131n\u0131 tabii ki beklemiyordum. Ancak \u00f6nerilerim konunun uzmanlar\u0131 ve halk\u0131m\u0131z taraf\u0131ndan do\u011frudan reddedilmedi. B\u00f6yle bir plana hen\u00fcz haz\u0131r olunmad\u0131\u011f\u0131 en \u00e7ok kar\u015f\u0131la\u015ft\u0131\u011f\u0131m ele\u015ftirilerden birisi oldu. Do\u011frusu, bu g\u00f6r\u00fc\u015fte hakl\u0131l\u0131k pay\u0131 yok de\u011fil. Bununla birlikte, sava\u015fa haz\u0131r olmak i\u00e7in gereken ad\u0131mlar\u0131n at\u0131lmas\u0131n\u0131n ka\u00e7\u0131n\u0131lmaz oldu\u011fu g\u00fcnler \u00e7ok yak\u0131nda kap\u0131m\u0131z\u0131 \u00e7alacakt\u0131r. Halk, durumun vahametinin fark\u0131ndad\u0131r.\u201d   &#8211; John Maynard Keynes, \u00d6ns\u00f6z<\/p>\n","protected":false},"excerpt":{"rendered":"<p>\u201cElinizdeki \u00e7al\u0131\u015fma, sava\u015f\u0131n zorunlu k\u0131ld\u0131\u011f\u0131 ihtiya\u00e7lar ile \u00f6zel t\u00fcketim aras\u0131nda dengenin nas\u0131l kurulabilece\u011fine dair bir de\u011ferlendirmedir. Bu konudaki plan\u0131m\u0131 Kas\u0131m ay\u0131nda The Times\u2019ta yay\u0131mlanan \u00fc\u00e7 makalemde<span class=\"excerpt-hellip\"> [\u2026]<\/span><\/p>\n","protected":false},"featured_media":0,"template":"","meta":{"_monsterinsights_skip_tracking":false,"_monsterinsights_sitenote_active":false,"_monsterinsights_sitenote_note":"","_monsterinsights_sitenote_category":0},"product_brand":[],"product_cat":[14841,13043],"product_tag":[],"class_list":{"0":"post-766553","1":"product","2":"type-product","3":"status-publish","5":"product_cat-arastirma-inceleme-kuram","6":"product_cat-ekonomi","7":"pa_cilt-ciltsiz","8":"pa_tur-kitap","9":"pa_yayinevi-efil-yayinevi","10":"pa_yazar-john-maynard-keynes","12":"first","13":"instock","14":"sale","15":"shipping-taxable","16":"purchasable","17":"product-type-simple"},"_links":{"self":[{"href":"https:\/\/roveyayinevi.com.tr\/index.php\/wp-json\/wp\/v2\/product\/766553","targetHints":{"allow":["GET"]}}],"collection":[{"href":"https:\/\/roveyayinevi.com.tr\/index.php\/wp-json\/wp\/v2\/product"}],"about":[{"href":"https:\/\/roveyayinevi.com.tr\/index.php\/wp-json\/wp\/v2\/types\/product"}],"wp:attachment":[{"href":"https:\/\/roveyayinevi.com.tr\/index.php\/wp-json\/wp\/v2\/media?parent=766553"}],"wp:term":[{"taxonomy":"product_brand","embeddable":true,"href":"https:\/\/roveyayinevi.com.tr\/index.php\/wp-json\/wp\/v2\/product_brand?post=766553"},{"taxonomy":"product_cat","embeddable":true,"href":"https:\/\/roveyayinevi.com.tr\/index.php\/wp-json\/wp\/v2\/product_cat?post=766553"},{"taxonomy":"product_tag","embeddable":true,"href":"https:\/\/roveyayinevi.com.tr\/index.php\/wp-json\/wp\/v2\/product_tag?post=766553"}],"curies":[{"name":"wp","href":"https:\/\/api.w.org\/{rel}","templated":true}]}}