{"id":766550,"date":"2025-08-28T12:17:15","date_gmt":"2025-08-28T09:17:15","guid":{"rendered":"https:\/\/roveyayinevi.com.tr\/index.php\/urun\/sanatta-girisimcilik-yaratici-is-modelinizi-nasil-gelistirirsiniz\/"},"modified":"2026-01-30T04:02:37","modified_gmt":"2026-01-30T01:02:37","slug":"sanatta-girisimcilik-yaratici-is-modelinizi-nasil-gelistirirsiniz","status":"publish","type":"product","link":"https:\/\/roveyayinevi.com.tr\/index.php\/urun\/sanatta-girisimcilik-yaratici-is-modelinizi-nasil-gelistirirsiniz\/","title":{"rendered":"Sanatta Giri\u015fimcilik \u2013 Yarat\u0131c\u0131 \u0130\u015f Modelinizi Nas\u0131l Geli\u015ftirirsiniz ?"},"content":{"rendered":"<p>Sanatta Giri\u015fimcilik: Yarat\u0131c\u0131 \u0130\u015f Modelinizi Nas\u0131l Olu\u015fturabilirsiniz?               G\u00fcn\u00fcm\u00fcz\u00fcn h\u0131zl\u0131 tempolu ve s\u00fcrekli de\u011fi\u015fen d\u00fcnyas\u0131nda, sanat\u00e7\u0131lar giderek daha fazla yarat\u0131c\u0131l\u0131k ve ticaretin kesi\u015fim noktas\u0131nda yer al\u0131yor. Geleneksel a\u00e7 sanat\u00e7\u0131 kavram\u0131n\u0131n yerini, yarat\u0131c\u0131 kariyerlerini giri\u015fimcilik uzmanl\u0131\u011f\u0131yla beslemeye hevesli yarat\u0131c\u0131 nesiller al\u0131yor.  Bu kitapta, sanatta giri\u015fimcilik yolculu\u011funun hayati y\u00f6nlerine odaklanan kaynaklar\u0131 ve ara\u00e7lar\u0131 ile yarat\u0131c\u0131 \u201c\u0130\u015f Modelleri\u201d olu\u015fturmay\u0131 \u00f6\u011freneceksiniz. Sanatta \u0130\u015f Modeliniz i\u00e7in: \u00b7           Hedef m\u00fc\u015fterilerinizi belirleyin  \u00b7           Sanatsal de\u011fer teklifinizi tan\u0131mlay\u0131n ve geli\u015ftirin \u00b7           M\u00fc\u015fteri ili\u015fkileri kurma ve kanallar arac\u0131l\u0131\u011f\u0131yla ba\u011flant\u0131 kurma konusunda i\u00e7g\u00f6r\u00fcler elde edin  \u00b7           Gelir ak\u0131\u015flar\u0131n\u0131z\u0131 belirleyin ve giderleri y\u00f6netin \u00b7           \u00d6nemli ili\u015fkilerin, etkinliklerin ve kaynaklar\u0131n profilini \u00e7\u0131kar\u0131n   \u00b7           Sanat kariyerinizi s\u00fcrd\u00fcrmek i\u00e7in stratejik bir i\u015f plan\u0131 olu\u015fturun   <\/p>\n","protected":false},"excerpt":{"rendered":"<p>Sanatta Giri\u015fimcilik: Yarat\u0131c\u0131 \u0130\u015f Modelinizi Nas\u0131l Olu\u015fturabilirsiniz? G\u00fcn\u00fcm\u00fcz\u00fcn h\u0131zl\u0131 tempolu ve s\u00fcrekli de\u011fi\u015fen d\u00fcnyas\u0131nda, sanat\u00e7\u0131lar giderek daha fazla yarat\u0131c\u0131l\u0131k ve ticaretin kesi\u015fim noktas\u0131nda yer al\u0131yor. Geleneksel<span class=\"excerpt-hellip\"> [\u2026]<\/span><\/p>\n","protected":false},"featured_media":0,"template":"","meta":{"_monsterinsights_skip_tracking":false,"_monsterinsights_sitenote_active":false,"_monsterinsights_sitenote_note":"","_monsterinsights_sitenote_category":0},"product_brand":[],"product_cat":[12408],"product_tag":[],"class_list":{"0":"post-766550","1":"product","2":"type-product","3":"status-publish","5":"product_cat-sanat","6":"pa_cilt-ciltsiz","7":"pa_tur-kitap","8":"pa_yayinevi-vova-yayinlari","9":"pa_yazar-tufan-karaca-dr-amy-kweskin","11":"first","12":"instock","13":"sale","14":"shipping-taxable","15":"purchasable","16":"product-type-simple"},"_links":{"self":[{"href":"https:\/\/roveyayinevi.com.tr\/index.php\/wp-json\/wp\/v2\/product\/766550","targetHints":{"allow":["GET"]}}],"collection":[{"href":"https:\/\/roveyayinevi.com.tr\/index.php\/wp-json\/wp\/v2\/product"}],"about":[{"href":"https:\/\/roveyayinevi.com.tr\/index.php\/wp-json\/wp\/v2\/types\/product"}],"wp:attachment":[{"href":"https:\/\/roveyayinevi.com.tr\/index.php\/wp-json\/wp\/v2\/media?parent=766550"}],"wp:term":[{"taxonomy":"product_brand","embeddable":true,"href":"https:\/\/roveyayinevi.com.tr\/index.php\/wp-json\/wp\/v2\/product_brand?post=766550"},{"taxonomy":"product_cat","embeddable":true,"href":"https:\/\/roveyayinevi.com.tr\/index.php\/wp-json\/wp\/v2\/product_cat?post=766550"},{"taxonomy":"product_tag","embeddable":true,"href":"https:\/\/roveyayinevi.com.tr\/index.php\/wp-json\/wp\/v2\/product_tag?post=766550"}],"curies":[{"name":"wp","href":"https:\/\/api.w.org\/{rel}","templated":true}]}}