{"id":766546,"date":"2025-08-28T12:17:06","date_gmt":"2025-08-28T09:17:06","guid":{"rendered":"https:\/\/roveyayinevi.com.tr\/index.php\/urun\/turkce-ikilemeler-sozlugu-2\/"},"modified":"2026-04-15T03:32:16","modified_gmt":"2026-04-15T00:32:16","slug":"turkce-ikilemeler-sozlugu-2","status":"publish","type":"product","link":"https:\/\/roveyayinevi.com.tr\/index.php\/urun\/turkce-ikilemeler-sozlugu-2\/","title":{"rendered":"T\u00fcrk\u00e7e \u0130kilemeler  S\u00f6zl\u00fc\u011f\u00fc"},"content":{"rendered":"<p>T\u00fcrk Dili, VIII. Y\u00fczy\u0131lda, geli\u015fmi\u015f bir alfabe ve yaz\u0131nsal bir dil ile  yaz\u0131l\u0131 belge  ortaya koyabilen, eski bir dildir. \u00c7in\u2019den Balkanlar\u2019a geni\u015f bir co\u011frafyada milyonlarca konu\u015furu, zengin bir s\u00f6z varl\u0131\u011f\u0131 hazinesi olan T\u00fcrk\u00e7e, b\u00fcy\u00fck bir dildir. Elinizdeki bu S\u00f6zl\u00fckte, T\u00fcrk\u00e7enin S\u00f6z Varl\u0131\u011f\u0131  i\u00e7inde \u00f6nemli bir yere sahip olan, \u0130kilemeler ele al\u0131nm\u0131\u015ft\u0131r. \u0130kilemeler, Orhon Yaz\u0131tlar\u0131\u2019nda da  \u201ceb bark, ag\u0131\u015f bar\u0131m, k\u0131z koduz, t\u00fcnli k\u00fcnl\u00fc\u201d ge\u00e7mektedir. T\u00fcrk\u00e7enin anlat\u0131m g\u00fcc\u00fcne \u00f6nemli katk\u0131lar sunan ikilemelerle ilgili, 7000 dolay\u0131nda madde ba\u015f\u0131 bulunan bu \u00e7al\u0131\u015fmada; ikilemeler  tan\u0131klarla da desteklenmi\u015ftir. Dilerim, bu \u00e7al\u0131\u015fmayla b\u00fcy\u00fck T\u00fcrk diline, okyanustaki bir su damlas\u0131 kadar da olsa;  katk\u0131 sunabilmi\u015fimdir. \u2013Dr. Necmi AKYAL\u00c7IN <\/p>\n","protected":false},"excerpt":{"rendered":"<p>T\u00fcrk Dili, VIII. Y\u00fczy\u0131lda, geli\u015fmi\u015f bir alfabe ve yaz\u0131nsal bir dil ile yaz\u0131l\u0131 belge ortaya koyabilen, eski bir dildir. \u00c7in\u2019den Balkanlar\u2019a geni\u015f bir co\u011frafyada milyonlarca konu\u015furu,<span class=\"excerpt-hellip\"> [\u2026]<\/span><\/p>\n","protected":false},"featured_media":0,"template":"","meta":{"_monsterinsights_skip_tracking":false,"_monsterinsights_sitenote_active":false,"_monsterinsights_sitenote_note":"","_monsterinsights_sitenote_category":0},"product_brand":[],"product_cat":[12566,13611],"product_tag":[],"class_list":{"0":"post-766546","1":"product","2":"type-product","3":"status-publish","5":"product_cat-egitim","6":"product_cat-sozlukler-ve-konusma-kilavuzlari","7":"pa_cilt-ciltsiz","8":"pa_tur-kitap","9":"pa_yayinevi-alfa-yayinlari","10":"pa_yazar-necmi-akyalcin","12":"first","13":"instock","14":"sale","15":"shipping-taxable","16":"purchasable","17":"product-type-simple"},"_links":{"self":[{"href":"https:\/\/roveyayinevi.com.tr\/index.php\/wp-json\/wp\/v2\/product\/766546","targetHints":{"allow":["GET"]}}],"collection":[{"href":"https:\/\/roveyayinevi.com.tr\/index.php\/wp-json\/wp\/v2\/product"}],"about":[{"href":"https:\/\/roveyayinevi.com.tr\/index.php\/wp-json\/wp\/v2\/types\/product"}],"wp:attachment":[{"href":"https:\/\/roveyayinevi.com.tr\/index.php\/wp-json\/wp\/v2\/media?parent=766546"}],"wp:term":[{"taxonomy":"product_brand","embeddable":true,"href":"https:\/\/roveyayinevi.com.tr\/index.php\/wp-json\/wp\/v2\/product_brand?post=766546"},{"taxonomy":"product_cat","embeddable":true,"href":"https:\/\/roveyayinevi.com.tr\/index.php\/wp-json\/wp\/v2\/product_cat?post=766546"},{"taxonomy":"product_tag","embeddable":true,"href":"https:\/\/roveyayinevi.com.tr\/index.php\/wp-json\/wp\/v2\/product_tag?post=766546"}],"curies":[{"name":"wp","href":"https:\/\/api.w.org\/{rel}","templated":true}]}}