{"id":766544,"date":"2025-08-28T12:17:03","date_gmt":"2025-08-28T09:17:03","guid":{"rendered":"https:\/\/roveyayinevi.com.tr\/index.php\/urun\/kedi-dili-kedinizi-anlayabilmeniz-icin-resimli-bir-rehber\/"},"modified":"2026-04-15T03:32:16","modified_gmt":"2026-04-15T00:32:16","slug":"kedi-dili-kedinizi-anlayabilmeniz-icin-resimli-bir-rehber","status":"publish","type":"product","link":"https:\/\/roveyayinevi.com.tr\/index.php\/urun\/kedi-dili-kedinizi-anlayabilmeniz-icin-resimli-bir-rehber\/","title":{"rendered":"Kedi Dili Kedinizi Anlayabilmeniz i\u00e7in Resimli Bir Rehber"},"content":{"rendered":"<p>Kedinizin ger\u00e7ekte ne d\u00fc\u015f\u00fcnd\u00fc\u011f\u00fcn\u00fc ve yapt\u0131\u011f\u0131n\u0131 \u00f6\u011frenmek ister misiniz?Bu e\u011flenceli ve bilgi dolu rehberle kedinizin koklama, t\u0131rmalama, yo\u011furma, gevezelik, oyun-avc\u0131l\u0131k ve anl\u0131k enerji patlamalar\u0131 gibi yayg\u0131n davran\u0131\u015flar\u0131n\u0131 anlamay\u0131 \u00f6\u011frenin. \u015eunu biliyor muydunuz: Kediniz kulaklar\u0131n\u0131 birbirinden ne kadar uzak tutarsa, o kadar az rahat hissediyor demektir? Ya da kediniz size tosluyorsa, sevgi g\u00f6steriyor, ilgi istiyor veya \u201cSen benim arkada\u015f\u0131ms\u0131n\u201d sinyali veriyor olabilir mi?Bu davran\u0131\u015flar (ve \u00e7ok daha fazlas\u0131) canl\u0131 ve renkli detaylarla a\u00e7\u0131klanm\u0131\u015f ve resimlenmi\u015ftir, b\u00f6ylece kedinizin kendini g\u00fcvende, huzurlu, canlanm\u0131\u015f ve mutlu hissetmesine yard\u0131mc\u0131 olabilirsiniz. Bilimsel ara\u015ft\u0131rmalara dayanan ve hayvan davran\u0131\u015f uzmanlar\u0131 ile veterinerler taraf\u0131ndan onaylanan Kedi Dili, bir kedi taraf\u0131ndan \u201csahiplenilen\u201d herkes i\u00e7in temel bilgilerle ve bolca sevimlilikle dolu.\u201cBen her zaman Lili Chin\u2019in kedilerin d\u00fcnyas\u0131na dair sanatsal bak\u0131\u015f a\u00e7\u0131s\u0131na bay\u0131lm\u0131\u015f\u0131md\u0131r. Kedi Dili ile bu yetene\u011fini daha da ileriye ta\u015f\u0131yarak g\u00f6rsel becerilerini tam yerinde bilgilerle birle\u015ftirmi\u015f. Sonu\u00e7 olarak, e\u011fitici, canl\u0131 ve mizahi bir ba\u015fyap\u0131t ortaya \u00e7\u0131km\u0131\u015f.T\u00fcyl\u00fc dostunuzu daha da iyi tan\u0131mak i\u00e7in Kedi Dili mutlaka okunmal\u0131!\u201d\u2014Jackson Galaxy,Animal Planet\u2019s My Cat From Hell adl\u0131 New York Times \u00e7ok satan kitab\u0131n yazar\u0131 \u201cLili Chin, kedilerin v\u00fccut dilini sevimli ve son derece do\u011fru \u00e7izimlerle, en tuhaf \u00f6zelliklerini de net a\u00e7\u0131klamalarla ustal\u0131kla tasvir ediyor. Kedi Dili, ister bir kedi tutkunu olun ister sadece kedilere merakl\u0131 olun, okumaktan b\u00fcy\u00fck keyif alaca\u011f\u0131n\u0131z bir kitap.\u201d\u2014Hannah Shaw, Tiny But Mighty adl\u0131 New York Times \u00e7oksatan kitab\u0131n\u0131n yazar\u0131<\/p>\n","protected":false},"excerpt":{"rendered":"<p>Kedinizin ger\u00e7ekte ne d\u00fc\u015f\u00fcnd\u00fc\u011f\u00fcn\u00fc ve yapt\u0131\u011f\u0131n\u0131 \u00f6\u011frenmek ister misiniz?Bu e\u011flenceli ve bilgi dolu rehberle kedinizin koklama, t\u0131rmalama, yo\u011furma, gevezelik, oyun-avc\u0131l\u0131k ve anl\u0131k enerji patlamalar\u0131 gibi yayg\u0131n<span class=\"excerpt-hellip\"> [\u2026]<\/span><\/p>\n","protected":false},"featured_media":0,"template":"","meta":{"_monsterinsights_skip_tracking":false,"_monsterinsights_sitenote_active":false,"_monsterinsights_sitenote_note":"","_monsterinsights_sitenote_category":0},"product_brand":[],"product_cat":[21076,15563],"product_tag":[],"class_list":{"0":"post-766544","1":"product","2":"type-product","3":"status-publish","5":"product_cat-hayvan-bakimi-ve-egitimi","6":"product_cat-hobi","7":"pa_cilt-ciltsiz","8":"pa_tur-kitap","9":"pa_yayinevi-nesnel-yayinlari","10":"pa_yazar-lili-chin","12":"first","13":"instock","14":"sale","15":"shipping-taxable","16":"purchasable","17":"product-type-simple"},"_links":{"self":[{"href":"https:\/\/roveyayinevi.com.tr\/index.php\/wp-json\/wp\/v2\/product\/766544","targetHints":{"allow":["GET"]}}],"collection":[{"href":"https:\/\/roveyayinevi.com.tr\/index.php\/wp-json\/wp\/v2\/product"}],"about":[{"href":"https:\/\/roveyayinevi.com.tr\/index.php\/wp-json\/wp\/v2\/types\/product"}],"wp:attachment":[{"href":"https:\/\/roveyayinevi.com.tr\/index.php\/wp-json\/wp\/v2\/media?parent=766544"}],"wp:term":[{"taxonomy":"product_brand","embeddable":true,"href":"https:\/\/roveyayinevi.com.tr\/index.php\/wp-json\/wp\/v2\/product_brand?post=766544"},{"taxonomy":"product_cat","embeddable":true,"href":"https:\/\/roveyayinevi.com.tr\/index.php\/wp-json\/wp\/v2\/product_cat?post=766544"},{"taxonomy":"product_tag","embeddable":true,"href":"https:\/\/roveyayinevi.com.tr\/index.php\/wp-json\/wp\/v2\/product_tag?post=766544"}],"curies":[{"name":"wp","href":"https:\/\/api.w.org\/{rel}","templated":true}]}}