{"id":766543,"date":"2025-08-28T12:17:01","date_gmt":"2025-08-28T09:17:01","guid":{"rendered":"https:\/\/roveyayinevi.com.tr\/index.php\/urun\/melankoliymis-hastaligimin-adi\/"},"modified":"2026-04-15T03:32:16","modified_gmt":"2026-04-15T00:32:16","slug":"melankoliymis-hastaligimin-adi","status":"publish","type":"product","link":"https:\/\/roveyayinevi.com.tr\/index.php\/urun\/melankoliymis-hastaligimin-adi\/","title":{"rendered":"Melankoliymi\u015f Hastal\u0131\u011f\u0131m\u0131n Ad\u0131"},"content":{"rendered":"<p>Yeni bir kelime daha duydum Uykusuz ge\u00e7en birka\u00e7 geceden sonra Bana bunu yak\u0131\u015ft\u0131rm\u0131\u015f dostlar\u0131m O kadar \u015fiirden, g\u00f6zya\u015f\u0131ndan sonra Te\u015fhisi nas\u0131lda kolay koyuverdiler Sen de\u011filmi\u015fsin sebebi Kafam\u0131n i\u00e7inde ki bu kalabal\u0131\u011f\u0131m\u0131n Melankoliymi\u015f ad\u0131 hastal\u0131\u011f\u0131m\u0131n\u2026 Benim ad\u0131n\u0131 koyamad\u0131\u011f\u0131m ac\u0131lar\u0131m M\u0131sra aralar\u0131na saklad\u0131\u011f\u0131m duygular\u0131m Hi\u00e7 kapanmayan onca yaralar\u0131m Tek kelimeye s\u0131\u011f\u0131yormu\u015f asl\u0131nda, yeni duydum Sen de\u011filmi\u015fsin asl\u0131nda sebebi Bu sessiz karanl\u0131\u011f\u0131m\u0131n Melankoliymi\u015f ad\u0131 hastal\u0131\u011f\u0131m\u0131n\u2026 K\u00fcl tablas\u0131na s\u0131ralad\u0131\u011f\u0131m izmaritlerim Yerli yersiz akan g\u00f6zya\u015flar\u0131m Kadehlerde arad\u0131\u011f\u0131m tesellilerim Sesim duyulmas\u0131n diye s\u0131kt\u0131\u011f\u0131m di\u015flerim Akrep ile yelkovan aras\u0131nda kaybolan g\u00fcl\u00fc\u015flerim G\u00f6\u011fs\u00fcm\u00fc par\u00e7alarcas\u0131na \u00e7\u0131kan off \u00e7eki\u015flerim Sen de\u011filmi\u015fsin asl\u0131nda sebebi Yaln\u0131zl\u0131\u011fa olan ba\u011f\u0131ml\u0131l\u0131\u011f\u0131m\u0131n Melankoliymi\u015f ad\u0131 hastal\u0131\u011f\u0131m\u0131n\u2026 D\u00f6rt duvar aras\u0131na s\u0131k\u0131\u015f\u0131p kalmam\u0131n Nas\u0131ls\u0131n diyenlerden bile \u015f\u00fcphe duymam\u0131n H\u0131\u00e7k\u0131ra h\u0131\u00e7k\u0131ra susmam\u0131n Kalabal\u0131klar i\u00e7inde yaln\u0131z kalmam\u0131n Herkes kahkahalar atarken, h\u00fcz\u00fcnl\u00fc olmam\u0131n Bo\u015flu\u011fa dal\u0131p, sigara \u00fcst\u00fcne sigara yakmam\u0131n Sen de\u011filmi\u015fsin asl\u0131nda sebebi sevgili Yerin 7 kat dibine batmam\u0131n Melankoliymi\u015f ad\u0131 hastal\u0131\u011f\u0131m\u0131n\u2026. De\u011fer veriyormu\u015f gibi yapanlardan korkmam\u0131n Y\u00fcz\u00fcme g\u00fclen sahte g\u00f6zlerden uzakla\u015fmam\u0131n Kendimle konu\u015fup, kendimle a\u011flamam\u0131n G\u00fcnlerce gecelerce uykusuz kalmam\u0131n Bu kadar kolay inan\u0131p, kolay kand\u0131r\u0131lmam\u0131n Mutluluk maskesi tak\u0131p, asl\u0131nda mutsuz olmam\u0131n Sebebi sen de\u011filmi\u015fsin sevgili karamsarl\u0131\u011f\u0131m\u0131n Melankoliymi\u015f ad\u0131 hastal\u0131\u011f\u0131m\u0131n\u2026. <\/p>\n","protected":false},"excerpt":{"rendered":"<p>Yeni bir kelime daha duydum Uykusuz ge\u00e7en birka\u00e7 geceden sonra Bana bunu yak\u0131\u015ft\u0131rm\u0131\u015f dostlar\u0131m O kadar \u015fiirden, g\u00f6zya\u015f\u0131ndan sonra Te\u015fhisi nas\u0131lda kolay koyuverdiler Sen de\u011filmi\u015fsin sebebi<span class=\"excerpt-hellip\"> [\u2026]<\/span><\/p>\n","protected":false},"featured_media":0,"template":"","meta":{"_monsterinsights_skip_tracking":false,"_monsterinsights_sitenote_active":false,"_monsterinsights_sitenote_note":"","_monsterinsights_sitenote_category":0},"product_brand":[],"product_cat":[12291,12509],"product_tag":[],"class_list":{"0":"post-766543","1":"product","2":"type-product","3":"status-publish","5":"product_cat-edebiyat","6":"product_cat-siir","7":"pa_cilt-ciltsiz","8":"pa_tur-kitap","9":"pa_yayinevi-gulnar-yayinlari","10":"pa_yazar-guven-kucuk","12":"first","13":"instock","14":"sale","15":"shipping-taxable","16":"purchasable","17":"product-type-simple"},"_links":{"self":[{"href":"https:\/\/roveyayinevi.com.tr\/index.php\/wp-json\/wp\/v2\/product\/766543","targetHints":{"allow":["GET"]}}],"collection":[{"href":"https:\/\/roveyayinevi.com.tr\/index.php\/wp-json\/wp\/v2\/product"}],"about":[{"href":"https:\/\/roveyayinevi.com.tr\/index.php\/wp-json\/wp\/v2\/types\/product"}],"wp:attachment":[{"href":"https:\/\/roveyayinevi.com.tr\/index.php\/wp-json\/wp\/v2\/media?parent=766543"}],"wp:term":[{"taxonomy":"product_brand","embeddable":true,"href":"https:\/\/roveyayinevi.com.tr\/index.php\/wp-json\/wp\/v2\/product_brand?post=766543"},{"taxonomy":"product_cat","embeddable":true,"href":"https:\/\/roveyayinevi.com.tr\/index.php\/wp-json\/wp\/v2\/product_cat?post=766543"},{"taxonomy":"product_tag","embeddable":true,"href":"https:\/\/roveyayinevi.com.tr\/index.php\/wp-json\/wp\/v2\/product_tag?post=766543"}],"curies":[{"name":"wp","href":"https:\/\/api.w.org\/{rel}","templated":true}]}}