{"id":766540,"date":"2025-08-28T12:16:56","date_gmt":"2025-08-28T09:16:56","guid":{"rendered":"https:\/\/roveyayinevi.com.tr\/index.php\/urun\/az-gelismenin-sosyolojisi\/"},"modified":"2026-04-15T03:32:16","modified_gmt":"2026-04-15T00:32:16","slug":"az-gelismenin-sosyolojisi","status":"publish","type":"product","link":"https:\/\/roveyayinevi.com.tr\/index.php\/urun\/az-gelismenin-sosyolojisi\/","title":{"rendered":"Az Geli\u015fmenin Sosyolojisi"},"content":{"rendered":"<p>\u201cCavit Orhan T\u00fctengil\u2019in bu kitab\u0131 az geli\u015fmi\u015f \u00fclkelerin genel \u00f6zelliklerini toplayan, dilimizdeki ilk derli toplu el kitab\u0131d\u0131r&#8230; Kitab\u0131n en \u00f6nemli y\u00f6n\u00fc istatistiklere, \u00f6zellikle mukayeseli olarak geni\u015f \u00f6l\u00e7\u00fcde ba\u015fvurmas\u0131d\u0131r. Yazar, kitab\u0131n\u0131 siyasal ba\u011f\u0131ms\u0131zl\u0131\u011f\u0131n az geli\u015fmi\u015fler i\u00e7in hi\u00e7bir anlam ifade etmedi\u011fini, Atat\u00fcrk\u2019\u00fcn dedi\u011fi gibi, \u2018mal\u00ee, iktisad\u00ee, adl\u00ee, asker\u00ee, hars\u00ee ve ilh.\u2019 alanlarda da ba\u011f\u0131ms\u0131zl\u0131\u011f\u0131n bu \u00fclkeler i\u00e7in \u015fart oldu\u011funu s\u00f6yleyerek bitiriyor. Bu \u00e7al\u0131\u015fma, sistematik tasnif ve tan\u0131mlar\u0131 bol istatistik\u00ee mal\u00fbmat\u0131 ile her zaman ba\u015fvurulacak eserdir.\u201d \u0130lber Ortayl\u0131, 1970<\/p>\n","protected":false},"excerpt":{"rendered":"<p>\u201cCavit Orhan T\u00fctengil\u2019in bu kitab\u0131 az geli\u015fmi\u015f \u00fclkelerin genel \u00f6zelliklerini toplayan, dilimizdeki ilk derli toplu el kitab\u0131d\u0131r&#8230; Kitab\u0131n en \u00f6nemli y\u00f6n\u00fc istatistiklere, \u00f6zellikle mukayeseli olarak geni\u015f<span class=\"excerpt-hellip\"> [\u2026]<\/span><\/p>\n","protected":false},"featured_media":0,"template":"","meta":{"_monsterinsights_skip_tracking":false,"_monsterinsights_sitenote_active":false,"_monsterinsights_sitenote_note":"","_monsterinsights_sitenote_category":0},"product_brand":[],"product_cat":[12324],"product_tag":[],"class_list":{"0":"post-766540","1":"product","2":"type-product","3":"status-publish","5":"product_cat-sosyoloji","6":"pa_cilt-ciltsiz","7":"pa_tur-kitap","8":"pa_yayinevi-efil-yayinevi","9":"pa_yazar-cavit-orhan-tutengil","11":"first","12":"instock","13":"sale","14":"shipping-taxable","15":"purchasable","16":"product-type-simple"},"_links":{"self":[{"href":"https:\/\/roveyayinevi.com.tr\/index.php\/wp-json\/wp\/v2\/product\/766540","targetHints":{"allow":["GET"]}}],"collection":[{"href":"https:\/\/roveyayinevi.com.tr\/index.php\/wp-json\/wp\/v2\/product"}],"about":[{"href":"https:\/\/roveyayinevi.com.tr\/index.php\/wp-json\/wp\/v2\/types\/product"}],"wp:attachment":[{"href":"https:\/\/roveyayinevi.com.tr\/index.php\/wp-json\/wp\/v2\/media?parent=766540"}],"wp:term":[{"taxonomy":"product_brand","embeddable":true,"href":"https:\/\/roveyayinevi.com.tr\/index.php\/wp-json\/wp\/v2\/product_brand?post=766540"},{"taxonomy":"product_cat","embeddable":true,"href":"https:\/\/roveyayinevi.com.tr\/index.php\/wp-json\/wp\/v2\/product_cat?post=766540"},{"taxonomy":"product_tag","embeddable":true,"href":"https:\/\/roveyayinevi.com.tr\/index.php\/wp-json\/wp\/v2\/product_tag?post=766540"}],"curies":[{"name":"wp","href":"https:\/\/api.w.org\/{rel}","templated":true}]}}