{"id":766535,"date":"2025-08-28T12:16:48","date_gmt":"2025-08-28T09:16:48","guid":{"rendered":"https:\/\/roveyayinevi.com.tr\/index.php\/urun\/merkez-45-30\/"},"modified":"2026-04-15T03:32:16","modified_gmt":"2026-04-15T00:32:16","slug":"merkez-45-30","status":"publish","type":"product","link":"https:\/\/roveyayinevi.com.tr\/index.php\/urun\/merkez-45-30\/","title":{"rendered":"Merkez 45 30"},"content":{"rendered":"<p>Bir ak\u015fam\u00fczeri emniyette otururken \u201cMerkez 45 30\u201d anonsu geldi. Bu bir cinayeti bildiriyordu. \u201c45 30\u201d kodunu duyan herkes bunun \u00f6nemli bir olay oldu\u011funu bilir.   Ger\u00e7ek hayattan al\u0131nan cinayet vakalar\u0131 ve i\u015fyerlerindeki etik problemler&#8230; Bir ba\u015fkomiserle bir insan kaynaklar\u0131 y\u00f6neticisinin kendi \u00e7al\u0131\u015fma alanlar\u0131nda kar\u015f\u0131la\u015ft\u0131klar\u0131 vakalarla ilgili sorular soruyor, vakalar\u0131 onlarla \u00e7\u00f6z\u00fcyor ve organizasyonel davran\u0131\u015fla y\u00f6netim bilimi a\u00e7\u0131s\u0131ndan olaylar\u0131 de\u011ferlendiriyoruz. Haks\u0131z yere su\u00e7lananlar, g\u00f6revi de\u011fi\u015ftirilenler, cezaland\u0131r\u0131lanlar, i\u015ften \u00e7\u0131kar\u0131lanlar, hatta i\u015ften ayr\u0131lmaya zorlananlar, tutanakla veya savunma ile tehdit edilenler, korkudan seslerini \u00e7\u0131karamayanlar\u2026 \u00dcstelik bu vakalar sadece \u201ckurumsalla\u015famam\u0131\u015f\u201d k\u00fc\u00e7\u00fck i\u015fletmelerde, \u00fcretimde, fabrikalarda de\u011fil kocaman kocaman \u015firketlerde, \u015f\u0131k plaza katlar\u0131nda da oluyor. K\u0131sacas\u0131 insan\u0131n oldu\u011fu her yerde i\u015fyeri cinayetleri de i\u015fleniyor. Her i\u015fyerinde kar\u015f\u0131la\u015f\u0131lan etik sorunlar, y\u00fczeyde basit gibi g\u00f6r\u00fcnse de derinlemesine incelendi\u011finde karma\u015f\u0131k ve \u00e7ok katmanl\u0131 olabilir, t\u0131pk\u0131 cinayet vakalar\u0131 gibi. Bu kitap, kriminal vakalar ile \u201ckuruminal\u201d vakalar\u0131n derinlemesine bir incelemesini sunarak, olaylar\u0131n sadece g\u00f6r\u00fcnenden ibaret olmad\u0131\u011f\u0131n\u0131 ortaya koyuyor. Olaylar\u0131n \u00e7\u00f6z\u00fcmlenmesinde detaylar\u0131n, do\u011fru sorular\u0131n ve merak\u0131n ne kadar \u00f6nemli oldu\u011funu, evrensel ilkelerin uygulanmas\u0131n\u0131n nas\u0131l katk\u0131 sa\u011flad\u0131\u011f\u0131n\u0131 g\u00f6receksiniz.   \u201cMerkez 45 30-Cinayet Hik\u00e2yeleri\u201d, i\u015f d\u00fcnyas\u0131nda etik y\u00f6netim, liderlik ve problem \u00e7\u00f6zme becerilerini geli\u015ftirmek isteyen herkes i\u00e7in de\u011ferli bir kaynak. <\/p>\n","protected":false},"excerpt":{"rendered":"<p>Bir ak\u015fam\u00fczeri emniyette otururken \u201cMerkez 45 30\u201d anonsu geldi. Bu bir cinayeti bildiriyordu. \u201c45 30\u201d kodunu duyan herkes bunun \u00f6nemli bir olay oldu\u011funu bilir. Ger\u00e7ek hayattan<span class=\"excerpt-hellip\"> [\u2026]<\/span><\/p>\n","protected":false},"featured_media":0,"template":"","meta":{"_monsterinsights_skip_tracking":false,"_monsterinsights_sitenote_active":false,"_monsterinsights_sitenote_note":"","_monsterinsights_sitenote_category":0},"product_brand":[],"product_cat":[13043,17647],"product_tag":[],"class_list":{"0":"post-766535","1":"product","2":"type-product","3":"status-publish","5":"product_cat-ekonomi","6":"product_cat-is-dunyasi","7":"pa_cilt-ciltsiz","8":"pa_tur-kitap","9":"pa_yayinevi-elma-yayinevi","10":"pa_yazar-idil-turkmenoglu-akif-aktug","12":"first","13":"instock","14":"sale","15":"shipping-taxable","16":"purchasable","17":"product-type-simple"},"_links":{"self":[{"href":"https:\/\/roveyayinevi.com.tr\/index.php\/wp-json\/wp\/v2\/product\/766535","targetHints":{"allow":["GET"]}}],"collection":[{"href":"https:\/\/roveyayinevi.com.tr\/index.php\/wp-json\/wp\/v2\/product"}],"about":[{"href":"https:\/\/roveyayinevi.com.tr\/index.php\/wp-json\/wp\/v2\/types\/product"}],"wp:attachment":[{"href":"https:\/\/roveyayinevi.com.tr\/index.php\/wp-json\/wp\/v2\/media?parent=766535"}],"wp:term":[{"taxonomy":"product_brand","embeddable":true,"href":"https:\/\/roveyayinevi.com.tr\/index.php\/wp-json\/wp\/v2\/product_brand?post=766535"},{"taxonomy":"product_cat","embeddable":true,"href":"https:\/\/roveyayinevi.com.tr\/index.php\/wp-json\/wp\/v2\/product_cat?post=766535"},{"taxonomy":"product_tag","embeddable":true,"href":"https:\/\/roveyayinevi.com.tr\/index.php\/wp-json\/wp\/v2\/product_tag?post=766535"}],"curies":[{"name":"wp","href":"https:\/\/api.w.org\/{rel}","templated":true}]}}