{"id":766534,"date":"2025-08-28T12:16:47","date_gmt":"2025-08-28T09:16:47","guid":{"rendered":"https:\/\/roveyayinevi.com.tr\/index.php\/urun\/bir-umuttu-yasatan-insani\/"},"modified":"2026-04-15T03:32:16","modified_gmt":"2026-04-15T00:32:16","slug":"bir-umuttu-yasatan-insani","status":"publish","type":"product","link":"https:\/\/roveyayinevi.com.tr\/index.php\/urun\/bir-umuttu-yasatan-insani\/","title":{"rendered":"Bir Umuttu Ya\u015fatan \u0130nsan\u0131"},"content":{"rendered":"<p>\u00c7ocuklu\u011fumun g\u00fczel g\u00fcnlerinden kareler geliyor akl\u0131ma. Her \u015feyin saf ve temiz oldu\u011fu, insanlar\u0131nhayat\u0131 payla\u015ft\u0131\u011f\u0131, a\u015fkla, sevgiyle birbirine sar\u0131ld\u0131\u011f\u0131 mutlu kareler\u2026 T\u00fcketmek yerine \u00fcretmenin erdemine inand\u0131\u011f\u0131m\u0131z, kendi \u00fcrettiklerimizle ya\u015fam\u0131 s\u00fcrd\u00fcrmeye \u00e7al\u0131\u015ft\u0131\u011f\u0131m\u0131z b\u00fcy\u00fcl\u00fc g\u00fcnlerden umut dolu kareler\u2026O zamanlar, her yerde fukaral\u0131k vard\u0131  ama umutsuzluk hi\u00e7 yoktu. \u00dclkenin her bir ferdi, yokluk i\u00e7inde \u00e7ocuklar\u0131n\u0131 okuturken, onlar\u0131n gelece\u011finin g\u00fczel olaca\u011f\u0131na y\u00fcrekten inan\u0131rd\u0131.  O yokluktan \u00e7\u0131kan Cumhuriyet \u00e7ocuklar\u0131ndaysa umut hep vard\u0131. Eksik ve yanl\u0131\u015flar\u0131na ra\u011fmen Cumhuriyet, \u00e7ocuklar\u0131n\u0131 asla yaln\u0131z b\u0131rakmam\u0131\u015ft\u0131. \u0130\u015fte bu kitap, favelalar \u00f6zelinde, fakirli\u011fin i\u00e7inde yo\u011furulmu\u015f, hepimizin hayat\u0131d\u0131r. Burada,\u201ckaybolan umutlar\u0131 umut edebilmek\u201d i\u00e7in bir k\u00fc\u00e7\u00fck i\u015faretin pe\u015fine tak\u0131lm\u0131\u015f insanlar\u0131n \u00f6yk\u00fcleri vard\u0131r. Burada, ne \u0130sa\u2019ya ne Musa\u2019ya yaranamayan umut yoksunu, her \u015fey yoksunu insanlar\u0131n ruh d\u00fcnyalar\u0131 vard\u0131r. Burada, ac\u0131mas\u0131z kapitalizmin, insan\u0131 nas\u0131l insan olmaktan \u00e7\u0131kard\u0131\u011f\u0131 anlat\u0131lmaktad\u0131r. Bu kitapta yeni bir \u015fey anlat\u0131l\u0131r \u201cFAVELA SENDROMU\u201d ad\u0131yla. Bu kitapta umut anlat\u0131l\u0131r \u00e7ok\u00e7a ve umudu umut ederek ya\u015fayan ve \u00f6len insanlar\u2026 <\/p>\n","protected":false},"excerpt":{"rendered":"<p>\u00c7ocuklu\u011fumun g\u00fczel g\u00fcnlerinden kareler geliyor akl\u0131ma. Her \u015feyin saf ve temiz oldu\u011fu, insanlar\u0131nhayat\u0131 payla\u015ft\u0131\u011f\u0131, a\u015fkla, sevgiyle birbirine sar\u0131ld\u0131\u011f\u0131 mutlu kareler\u2026 T\u00fcketmek yerine \u00fcretmenin erdemine inand\u0131\u011f\u0131m\u0131z, kendi<span class=\"excerpt-hellip\"> [\u2026]<\/span><\/p>\n","protected":false},"featured_media":0,"template":"","meta":{"_monsterinsights_skip_tracking":false,"_monsterinsights_sitenote_active":false,"_monsterinsights_sitenote_note":"","_monsterinsights_sitenote_category":0},"product_brand":[],"product_cat":[12357],"product_tag":[],"class_list":{"0":"post-766534","1":"product","2":"type-product","3":"status-publish","5":"product_cat-psikoloji","6":"pa_cilt-ciltsiz","7":"pa_tur-kitap","8":"pa_yayinevi-ilkim-ozan-yayinlari","9":"pa_yazar-semih-dikkatli","11":"first","12":"instock","13":"sale","14":"shipping-taxable","15":"purchasable","16":"product-type-simple"},"_links":{"self":[{"href":"https:\/\/roveyayinevi.com.tr\/index.php\/wp-json\/wp\/v2\/product\/766534","targetHints":{"allow":["GET"]}}],"collection":[{"href":"https:\/\/roveyayinevi.com.tr\/index.php\/wp-json\/wp\/v2\/product"}],"about":[{"href":"https:\/\/roveyayinevi.com.tr\/index.php\/wp-json\/wp\/v2\/types\/product"}],"wp:attachment":[{"href":"https:\/\/roveyayinevi.com.tr\/index.php\/wp-json\/wp\/v2\/media?parent=766534"}],"wp:term":[{"taxonomy":"product_brand","embeddable":true,"href":"https:\/\/roveyayinevi.com.tr\/index.php\/wp-json\/wp\/v2\/product_brand?post=766534"},{"taxonomy":"product_cat","embeddable":true,"href":"https:\/\/roveyayinevi.com.tr\/index.php\/wp-json\/wp\/v2\/product_cat?post=766534"},{"taxonomy":"product_tag","embeddable":true,"href":"https:\/\/roveyayinevi.com.tr\/index.php\/wp-json\/wp\/v2\/product_tag?post=766534"}],"curies":[{"name":"wp","href":"https:\/\/api.w.org\/{rel}","templated":true}]}}