{"id":766533,"date":"2025-08-28T12:16:45","date_gmt":"2025-08-28T09:16:45","guid":{"rendered":"https:\/\/roveyayinevi.com.tr\/index.php\/urun\/agackakanlar-2\/"},"modified":"2026-04-15T03:32:16","modified_gmt":"2026-04-15T00:32:16","slug":"agackakanlar-2","status":"publish","type":"product","link":"https:\/\/roveyayinevi.com.tr\/index.php\/urun\/agackakanlar-2\/","title":{"rendered":"A\u011fa\u00e7kakanlar"},"content":{"rendered":"<p>\u201cFakat du\u0308\u015fu\u0308n bir kere, du\u0308nya o kadar, o kadar, o ka-dar geni\u015f ki burada minnac\u0131k bir arazi par\u00e7as\u0131na s\u0131k\u0131\u015f\u0131p kalmak aptall\u0131k olur. Deden anlatm\u0131\u015ft\u0131, taaa uzaklardan gelmi\u015fler. Bil bakal\u0131m ne kadar uzaklardan?\u201d Fakat Upuy cevap vermedi. Rengi solmu\u015f gibi, isteksiz bir \u015fekilde babas\u0131na bakt\u0131. Ve dalg\u0131n dalg\u0131n, \u201cNe kadar uzaklardan?\u201d diye sordu. \u201cTam bir milyon kanat vuru\u015fu uzaktan.\u201d Cahit Zarifo\u011flu, hayal ve ger\u00e7e\u011fin i\u00e7inden filizlenen bir hik\u00e2ye ile selaml\u0131yor bizi. Anne ve baba a\u011fa\u00e7kakanlar\u0131n korkular\u0131 ya\u015famlar\u0131na y\u00f6n verirken ceviz a\u011fa\u00e7lar\u0131n\u0131n u\u0308zerinden h\u0131zla ge\u00e7en yavru ku\u015f, ru\u0308ya i\u00e7inde ru\u0308yaya, ger\u00e7ek i\u00e7inde ger\u00e7e\u011fe dikkatle bakmam\u0131z i\u00e7in kanat \u00e7\u0131rp\u0131yor.<\/p>\n","protected":false},"excerpt":{"rendered":"<p>\u201cFakat du\u0308\u015fu\u0308n bir kere, du\u0308nya o kadar, o kadar, o ka-dar geni\u015f ki burada minnac\u0131k bir arazi par\u00e7as\u0131na s\u0131k\u0131\u015f\u0131p kalmak aptall\u0131k olur. Deden anlatm\u0131\u015ft\u0131, taaa uzaklardan<span class=\"excerpt-hellip\"> [\u2026]<\/span><\/p>\n","protected":false},"featured_media":0,"template":"","meta":{"_monsterinsights_skip_tracking":false,"_monsterinsights_sitenote_active":false,"_monsterinsights_sitenote_note":"","_monsterinsights_sitenote_category":0},"product_brand":[],"product_cat":[12274,12284],"product_tag":[],"class_list":{"0":"post-766533","1":"product","2":"type-product","3":"status-publish","5":"product_cat-cocuk-ve-genclik-kitaplari","6":"product_cat-hikayeler","7":"pa_cilt-ciltsiz","8":"pa_tur-kitap","9":"pa_yayinevi-ketebe-yayinlari","10":"pa_yazar-cahit-zarifoglu","12":"first","13":"instock","14":"sale","15":"shipping-taxable","16":"purchasable","17":"product-type-simple"},"_links":{"self":[{"href":"https:\/\/roveyayinevi.com.tr\/index.php\/wp-json\/wp\/v2\/product\/766533","targetHints":{"allow":["GET"]}}],"collection":[{"href":"https:\/\/roveyayinevi.com.tr\/index.php\/wp-json\/wp\/v2\/product"}],"about":[{"href":"https:\/\/roveyayinevi.com.tr\/index.php\/wp-json\/wp\/v2\/types\/product"}],"wp:attachment":[{"href":"https:\/\/roveyayinevi.com.tr\/index.php\/wp-json\/wp\/v2\/media?parent=766533"}],"wp:term":[{"taxonomy":"product_brand","embeddable":true,"href":"https:\/\/roveyayinevi.com.tr\/index.php\/wp-json\/wp\/v2\/product_brand?post=766533"},{"taxonomy":"product_cat","embeddable":true,"href":"https:\/\/roveyayinevi.com.tr\/index.php\/wp-json\/wp\/v2\/product_cat?post=766533"},{"taxonomy":"product_tag","embeddable":true,"href":"https:\/\/roveyayinevi.com.tr\/index.php\/wp-json\/wp\/v2\/product_tag?post=766533"}],"curies":[{"name":"wp","href":"https:\/\/api.w.org\/{rel}","templated":true}]}}