{"id":766532,"date":"2025-08-28T12:16:44","date_gmt":"2025-08-28T09:16:44","guid":{"rendered":"https:\/\/roveyayinevi.com.tr\/index.php\/urun\/renk-sifresi-ciltli\/"},"modified":"2026-04-15T03:32:16","modified_gmt":"2026-04-15T00:32:16","slug":"renk-sifresi-ciltli","status":"publish","type":"product","link":"https:\/\/roveyayinevi.com.tr\/index.php\/urun\/renk-sifresi-ciltli\/","title":{"rendered":"Renk \u015eifresi (Ciltli)"},"content":{"rendered":"<p>RENKLER B\u0130R TUTKU! Ama konu ki\u015fisel renk se\u00e7imlerine geldi\u011finde kafan \u00e7ok kar\u0131\u015f\u0131yor biliyorum. Renk paleti testi, mevsimsel renk analizi, cilt alt tonu, cilt \u00fcst tonu, kavramlar\u0131 her yerde kar\u015f\u0131na \u00e7\u0131k\u0131yor. Peki, renklerin sendeki etkisini ger\u00e7ekten anlamak ister misin?      HAYD\u0130 GEL, B\u0130RL\u0130KTE RENK \u015e\u0130FREN\u0130 \u00c7\u00d6ZEL\u0130M! Renk \u015eifresi\u2122 Sistemi\u2019yle Goddess, Divine, Royal, Whisper Gruplar\u0131ndan hangisindesin, bu interaktif kitapla kolayca ke\u015ffet! Renk \u015eifresi sistemiyle kolayca ki\u015fisel renk analizini yapabilir, renk \u015fifresi grubuna \u00f6zel renk paletini ve g\u00fc\u00e7l\u00fc renklerini \u00f6\u011frenebilirsin. Stil, moda, al\u0131\u015fveri\u015f, kozmetik, sa\u00e7 tonu, dekorasyon, kal\u0131c\u0131 makyaj, di\u015f kaplamas\u0131, g\u00f6zl\u00fck, m\u00fccevher, saat gibi hayat\u0131nda \u00f6nemli renk kararlar\u0131 verdi\u011fin her konuda Renk \u015eifresi\u2019ni kullan!   G\u00dc\u00c7L\u00dc RENKLER\u0130NLE M\u00dcKEMMEL HAL\u0130NE SEN DE MERHABA DE!<\/p>\n","protected":false},"excerpt":{"rendered":"<p>RENKLER B\u0130R TUTKU! Ama konu ki\u015fisel renk se\u00e7imlerine geldi\u011finde kafan \u00e7ok kar\u0131\u015f\u0131yor biliyorum. Renk paleti testi, mevsimsel renk analizi, cilt alt tonu, cilt \u00fcst tonu, kavramlar\u0131<span class=\"excerpt-hellip\"> [\u2026]<\/span><\/p>\n","protected":false},"featured_media":0,"template":"","meta":{"_monsterinsights_skip_tracking":false,"_monsterinsights_sitenote_active":false,"_monsterinsights_sitenote_note":"","_monsterinsights_sitenote_category":0},"product_brand":[],"product_cat":[12364,12376],"product_tag":[],"class_list":{"0":"post-766532","1":"product","2":"type-product","3":"status-publish","5":"product_cat-genel-konular","6":"product_cat-kisisel-gelisim","7":"pa_cilt-ciltli","8":"pa_tur-kitap","9":"pa_yayinevi-alfa-yayinlari","10":"pa_yazar-zeynep-tarhan-muslu","12":"first","13":"instock","14":"sale","15":"shipping-taxable","16":"purchasable","17":"product-type-simple"},"_links":{"self":[{"href":"https:\/\/roveyayinevi.com.tr\/index.php\/wp-json\/wp\/v2\/product\/766532","targetHints":{"allow":["GET"]}}],"collection":[{"href":"https:\/\/roveyayinevi.com.tr\/index.php\/wp-json\/wp\/v2\/product"}],"about":[{"href":"https:\/\/roveyayinevi.com.tr\/index.php\/wp-json\/wp\/v2\/types\/product"}],"wp:attachment":[{"href":"https:\/\/roveyayinevi.com.tr\/index.php\/wp-json\/wp\/v2\/media?parent=766532"}],"wp:term":[{"taxonomy":"product_brand","embeddable":true,"href":"https:\/\/roveyayinevi.com.tr\/index.php\/wp-json\/wp\/v2\/product_brand?post=766532"},{"taxonomy":"product_cat","embeddable":true,"href":"https:\/\/roveyayinevi.com.tr\/index.php\/wp-json\/wp\/v2\/product_cat?post=766532"},{"taxonomy":"product_tag","embeddable":true,"href":"https:\/\/roveyayinevi.com.tr\/index.php\/wp-json\/wp\/v2\/product_tag?post=766532"}],"curies":[{"name":"wp","href":"https:\/\/api.w.org\/{rel}","templated":true}]}}