{"id":766529,"date":"2025-08-28T12:16:37","date_gmt":"2025-08-28T09:16:37","guid":{"rendered":"https:\/\/roveyayinevi.com.tr\/index.php\/urun\/dunyanin-yan-etkileri\/"},"modified":"2026-04-13T03:27:48","modified_gmt":"2026-04-13T00:27:48","slug":"dunyanin-yan-etkileri","status":"publish","type":"product","link":"https:\/\/roveyayinevi.com.tr\/index.php\/urun\/dunyanin-yan-etkileri\/","title":{"rendered":"D\u00fcnyan\u0131n Yan Etkileri"},"content":{"rendered":"<p>\u201cBazen b\u00fct\u00fcn d\u00fcnyadan m\u0131, tek bir yerden mi, ge\u00e7mi\u015ften mi gelecekten mi yoksa o andan m\u0131 bahsetti\u011finiz fark etmez; s\u00f6yledi\u011finiz her \u015feyin, herkesi var olan t\u00fcm zamanlarda ilgilendirdi\u011fini hissedersiniz.\u201d   A\u00e7g\u00f6zl\u00fcl\u00fck, k\u00f6t\u00fc mizah anlay\u0131\u015f\u0131, ba\u015far\u0131 saplant\u0131s\u0131, kurnazl\u0131k, sab\u0131rs\u0131zl\u0131k, hayal k\u0131r\u0131kl\u0131\u011f\u0131, bencillik, ilgi delili\u011fi, yaln\u0131zl\u0131k, kadercilik, vasatl\u0131k, d\u00fc\u015fmanl\u0131k, kibir, can s\u0131k\u0131nt\u0131s\u0131, alayc\u0131l\u0131k, s\u0131radanl\u0131k, delilik, hayal g\u00fcc\u00fc eksikli\u011fi, umutsuzluk, kronik iyimserlik, \u015fanss\u0131zl\u0131k, \u015f\u00f6hret budalal\u0131\u011f\u0131\u2026 \u0130lkay Y\u0131ld\u0131z, okuru alt\u0131 b\u00f6l\u00fcm ve on iki \u00f6yk\u00fcde d\u00fcnyan\u0131n yan etkilerinden mustarip insanlar\u0131n hayatlar\u0131nda ve zihinlerinde dola\u015ft\u0131r\u0131yor. <\/p>\n","protected":false},"excerpt":{"rendered":"<p>\u201cBazen b\u00fct\u00fcn d\u00fcnyadan m\u0131, tek bir yerden mi, ge\u00e7mi\u015ften mi gelecekten mi yoksa o andan m\u0131 bahsetti\u011finiz fark etmez; s\u00f6yledi\u011finiz her \u015feyin, herkesi var olan t\u00fcm<span class=\"excerpt-hellip\"> [\u2026]<\/span><\/p>\n","protected":false},"featured_media":0,"template":"","meta":{"_monsterinsights_skip_tracking":false,"_monsterinsights_sitenote_active":false,"_monsterinsights_sitenote_note":"","_monsterinsights_sitenote_category":0},"product_brand":[],"product_cat":[12291,12711],"product_tag":[],"class_list":{"0":"post-766529","1":"product","2":"type-product","3":"status-publish","5":"product_cat-edebiyat","6":"product_cat-roman-oyku","7":"pa_cilt-ciltsiz","8":"pa_tur-kitap","9":"pa_yayinevi-alfa-yayinlari","10":"pa_yazar-ilkay-yildiz","12":"first","13":"instock","14":"sale","15":"shipping-taxable","16":"purchasable","17":"product-type-simple"},"_links":{"self":[{"href":"https:\/\/roveyayinevi.com.tr\/index.php\/wp-json\/wp\/v2\/product\/766529","targetHints":{"allow":["GET"]}}],"collection":[{"href":"https:\/\/roveyayinevi.com.tr\/index.php\/wp-json\/wp\/v2\/product"}],"about":[{"href":"https:\/\/roveyayinevi.com.tr\/index.php\/wp-json\/wp\/v2\/types\/product"}],"wp:attachment":[{"href":"https:\/\/roveyayinevi.com.tr\/index.php\/wp-json\/wp\/v2\/media?parent=766529"}],"wp:term":[{"taxonomy":"product_brand","embeddable":true,"href":"https:\/\/roveyayinevi.com.tr\/index.php\/wp-json\/wp\/v2\/product_brand?post=766529"},{"taxonomy":"product_cat","embeddable":true,"href":"https:\/\/roveyayinevi.com.tr\/index.php\/wp-json\/wp\/v2\/product_cat?post=766529"},{"taxonomy":"product_tag","embeddable":true,"href":"https:\/\/roveyayinevi.com.tr\/index.php\/wp-json\/wp\/v2\/product_tag?post=766529"}],"curies":[{"name":"wp","href":"https:\/\/api.w.org\/{rel}","templated":true}]}}