{"id":766527,"date":"2025-08-28T12:16:33","date_gmt":"2025-08-28T09:16:33","guid":{"rendered":"https:\/\/roveyayinevi.com.tr\/index.php\/urun\/komur-kentin-sirlari\/"},"modified":"2026-04-15T03:32:16","modified_gmt":"2026-04-15T00:32:16","slug":"komur-kentin-sirlari","status":"publish","type":"product","link":"https:\/\/roveyayinevi.com.tr\/index.php\/urun\/komur-kentin-sirlari\/","title":{"rendered":"K\u00f6m\u00fcr Kent\u2019in S\u0131rlar\u0131"},"content":{"rendered":"<p>Eski bir dostundan ald\u0131\u011f\u0131 iki gizemli mektup James Starr\u2019\u0131 kapand\u0131\u011f\u0131n\u0131 sand\u0131\u011f\u0131 ge\u00e7mi\u015fi yeniden a\u00e7mak \u00fczere yollara d\u00fc\u015f\u00fcr\u00fcr. K\u00fcllerinden do\u011fan Yeni Aberfoyle, nam\u0131 di\u011fer K\u00f6m\u00fcr Kent refahla birlikte s\u0131rlar da getirir. Karanl\u0131klarda dola\u015fan gizemli fig\u00fcrler, a\u00e7\u0131klanamaz silsileler, a\u015fklar\u0131n\u0131 tamam\u0131na erdirmek isteyen Harry ve Nell\u2026 Peki, her \u015feye ra\u011fmen K\u00f6m\u00fcr Kent\u2019in s\u0131rlar\u0131 g\u00fcn y\u00fcz\u00fcne \u00e7\u0131kacak m\u0131d\u0131r? <\/p>\n","protected":false},"excerpt":{"rendered":"<p>Eski bir dostundan ald\u0131\u011f\u0131 iki gizemli mektup James Starr\u2019\u0131 kapand\u0131\u011f\u0131n\u0131 sand\u0131\u011f\u0131 ge\u00e7mi\u015fi yeniden a\u00e7mak \u00fczere yollara d\u00fc\u015f\u00fcr\u00fcr. K\u00fcllerinden do\u011fan Yeni Aberfoyle, nam\u0131 di\u011fer K\u00f6m\u00fcr Kent refahla<span class=\"excerpt-hellip\"> [\u2026]<\/span><\/p>\n","protected":false},"featured_media":0,"template":"","meta":{"_monsterinsights_skip_tracking":false,"_monsterinsights_sitenote_active":false,"_monsterinsights_sitenote_note":"","_monsterinsights_sitenote_category":0},"product_brand":[],"product_cat":[12291,12711],"product_tag":[],"class_list":{"0":"post-766527","1":"product","2":"type-product","3":"status-publish","5":"product_cat-edebiyat","6":"product_cat-roman-oyku","7":"pa_cilt-ciltsiz","8":"pa_tur-kitap","9":"pa_yayinevi-alfa-yayinlari","10":"pa_yazar-jules-verne","12":"first","13":"instock","14":"sale","15":"shipping-taxable","16":"purchasable","17":"product-type-simple"},"_links":{"self":[{"href":"https:\/\/roveyayinevi.com.tr\/index.php\/wp-json\/wp\/v2\/product\/766527","targetHints":{"allow":["GET"]}}],"collection":[{"href":"https:\/\/roveyayinevi.com.tr\/index.php\/wp-json\/wp\/v2\/product"}],"about":[{"href":"https:\/\/roveyayinevi.com.tr\/index.php\/wp-json\/wp\/v2\/types\/product"}],"wp:attachment":[{"href":"https:\/\/roveyayinevi.com.tr\/index.php\/wp-json\/wp\/v2\/media?parent=766527"}],"wp:term":[{"taxonomy":"product_brand","embeddable":true,"href":"https:\/\/roveyayinevi.com.tr\/index.php\/wp-json\/wp\/v2\/product_brand?post=766527"},{"taxonomy":"product_cat","embeddable":true,"href":"https:\/\/roveyayinevi.com.tr\/index.php\/wp-json\/wp\/v2\/product_cat?post=766527"},{"taxonomy":"product_tag","embeddable":true,"href":"https:\/\/roveyayinevi.com.tr\/index.php\/wp-json\/wp\/v2\/product_tag?post=766527"}],"curies":[{"name":"wp","href":"https:\/\/api.w.org\/{rel}","templated":true}]}}