{"id":766525,"date":"2025-08-28T12:16:29","date_gmt":"2025-08-28T09:16:29","guid":{"rendered":"https:\/\/roveyayinevi.com.tr\/index.php\/urun\/bir-dunya-sairi-nazim-hikmet\/"},"modified":"2026-04-15T03:32:16","modified_gmt":"2026-04-15T00:32:16","slug":"bir-dunya-sairi-nazim-hikmet","status":"publish","type":"product","link":"https:\/\/roveyayinevi.com.tr\/index.php\/urun\/bir-dunya-sairi-nazim-hikmet\/","title":{"rendered":"Bir D\u00fcnya \u015eairi Naz\u0131m Hikmet"},"content":{"rendered":"<p>Yirminci y\u00fczy\u0131l \u015fiirinin kahramanlar\u0131ndan N\u00e2z\u0131m Hikmet hayat\u0131n\u0131n \u00fc\u00e7te birinden fazlas\u0131n\u0131 hapishanelerde ve s\u00fcrg\u00fcnde ge\u00e7irdi. B\u00fcy\u00fck bedeller \u00f6deyerek ortak iyili\u011fe olan ba\u011fl\u0131l\u0131\u011f\u0131yla uluslararas\u0131 \u00fcn kazanan devrimci \u015fairin miras\u0131n\u0131n \u0130ngilizcede g\u00fcvence alt\u0131da al\u0131nmas\u0131nda b\u00fcy\u00fck rol oynayan Blasing, bu biyografiyle \u015fairi d\u00fcnya sahnesindeki yerine yerle\u015ftiriyor. Bu ele\u015ftirel biyografi onu, devlet g\u00fc\u00e7lerinin korktu\u011fu gibi tehlikeli ya da efsanevi bir fig\u00fcr olarak de\u011fil, kar\u015f\u0131tl\u0131klar\u0131n\u0131n toplam\u0131 olarak sunuyor.   \u201cN\u00e2z\u0131m Hikmet, yeni bir ulusun ruhunu yal\u0131n ama derinden etkileyici s\u00f6zlerle yakalad\u0131 ve ayn\u0131 zamanda \u00e7a\u011f\u0131n\u0131n b\u00fcy\u00fck toplumsal ve politik kavgalar\u0131na kar\u0131\u015fmaktan ka\u00e7\u0131nmad\u0131. G\u00fczelliklerle dolu ve g\u00fczelce anlat\u0131lan bir hik\u00e2ye bu.\u201d \u2013Stephen Kinzer   \u201cPablo Neruda gibi inan\u00e7, ba\u011fl\u0131l\u0131k ve adalet tutkusuyla dolu bu dev d\u00fcnya \u015fairinin biyografisi, minnettar olmam\u0131z gereken bir hediyedir.\u201d \u2013C. K. Williams <\/p>\n","protected":false},"excerpt":{"rendered":"<p>Yirminci y\u00fczy\u0131l \u015fiirinin kahramanlar\u0131ndan N\u00e2z\u0131m Hikmet hayat\u0131n\u0131n \u00fc\u00e7te birinden fazlas\u0131n\u0131 hapishanelerde ve s\u00fcrg\u00fcnde ge\u00e7irdi. B\u00fcy\u00fck bedeller \u00f6deyerek ortak iyili\u011fe olan ba\u011fl\u0131l\u0131\u011f\u0131yla uluslararas\u0131 \u00fcn kazanan devrimci \u015fairin<span class=\"excerpt-hellip\"> [\u2026]<\/span><\/p>\n","protected":false},"featured_media":0,"template":"","meta":{"_monsterinsights_skip_tracking":false,"_monsterinsights_sitenote_active":false,"_monsterinsights_sitenote_note":"","_monsterinsights_sitenote_category":0},"product_brand":[],"product_cat":[14009,12291],"product_tag":[],"class_list":{"0":"post-766525","1":"product","2":"type-product","3":"status-publish","5":"product_cat-biyografi-otobiyografi-edebiyat","6":"product_cat-edebiyat","7":"pa_cilt-ciltsiz","8":"pa_tur-kitap","9":"pa_yayinevi-alfa-yayinlari","10":"pa_yazar-mutlu-konuk-blasing","12":"first","13":"instock","14":"sale","15":"shipping-taxable","16":"purchasable","17":"product-type-simple"},"_links":{"self":[{"href":"https:\/\/roveyayinevi.com.tr\/index.php\/wp-json\/wp\/v2\/product\/766525","targetHints":{"allow":["GET"]}}],"collection":[{"href":"https:\/\/roveyayinevi.com.tr\/index.php\/wp-json\/wp\/v2\/product"}],"about":[{"href":"https:\/\/roveyayinevi.com.tr\/index.php\/wp-json\/wp\/v2\/types\/product"}],"wp:attachment":[{"href":"https:\/\/roveyayinevi.com.tr\/index.php\/wp-json\/wp\/v2\/media?parent=766525"}],"wp:term":[{"taxonomy":"product_brand","embeddable":true,"href":"https:\/\/roveyayinevi.com.tr\/index.php\/wp-json\/wp\/v2\/product_brand?post=766525"},{"taxonomy":"product_cat","embeddable":true,"href":"https:\/\/roveyayinevi.com.tr\/index.php\/wp-json\/wp\/v2\/product_cat?post=766525"},{"taxonomy":"product_tag","embeddable":true,"href":"https:\/\/roveyayinevi.com.tr\/index.php\/wp-json\/wp\/v2\/product_tag?post=766525"}],"curies":[{"name":"wp","href":"https:\/\/api.w.org\/{rel}","templated":true}]}}