{"id":766524,"date":"2025-08-28T12:16:27","date_gmt":"2025-08-28T09:16:27","guid":{"rendered":"https:\/\/roveyayinevi.com.tr\/index.php\/urun\/kizil-akrepler\/"},"modified":"2026-04-15T03:32:16","modified_gmt":"2026-04-15T00:32:16","slug":"kizil-akrepler","status":"publish","type":"product","link":"https:\/\/roveyayinevi.com.tr\/index.php\/urun\/kizil-akrepler\/","title":{"rendered":"K\u0131z\u0131l Akrepler"},"content":{"rendered":"<p>KIZIL AKREPLER, al\u0131 bu kitapta, bu topraklarda ya\u015faman\u0131n \u00e7ok a\u011f\u0131r bir bedelinin oldu\u011funu \u00e7ok iyi bilen Ali \u00d6\u011fretmen\u2019in, kendisini \u00f6l\u00fcmle tehdit eden, ka\u00e7\u0131ran, i\u015fkence alt\u0131nda a\u00e7 susuz b\u0131rakan ter\u00f6ristlere kar\u015f\u0131 verdi\u011fi m\u00fccadele anlat\u0131lmaktad\u0131r. Ali, \u00f6l\u00fcm\u00fc g\u00f6ze al\u0131p teslim olmam\u0131\u015f, yapt\u0131klar\u0131 her t\u00fcrl\u00fc i\u015fkenceye bilin\u00e7le ve inatla direnmi\u015f bir Cumhuriyet \u00f6\u011fretmeni kimli\u011fini g\u00f6stermi\u015ftir. Ka\u00e7\u0131r\u0131ld\u0131\u011f\u0131 on g\u00fcn i\u00e7inde \u00e7ok karma\u015f\u0131k olaylar ya\u015fayan e\u011fitimci biri olarak, yeri geldi\u011finde \u00f6\u011f\u00fct verip insanc\u0131l ve bar\u0131\u015f\u00e7\u0131 tavr\u0131n\u0131 da daima \u00f6ne \u00e7\u0131kartm\u0131\u015ft\u0131r. Bilgili, cesur, \u00f6zg\u00fcrl\u00fc\u011f\u00fcne d\u00fc\u015fk\u00fcn, \u00e7a\u011fda\u015f yap\u0131s\u0131yla \u00f6rnek bir y\u00fcrek olarak kar\u015f\u0131m\u0131za \u00e7\u0131k\u0131yor Ali \u00d6\u011fretmen. Ali \u00d6\u011fretmenin, ter\u00f6ristlerle, da\u011flarda zaman zaman ter\u00f6r \u00fczerine yapt\u0131\u011f\u0131 konu\u015fma ve tart\u0131\u015fmalarda s\u00fcrekli savundu\u011fu g\u00f6r\u00fc\u015fleri, kendini \u00f6ld\u00fcrmeye niyetli ter\u00f6ristleri de etkiler. Bir anlamda KIZIL AKREPLER, T\u00fcrkiye\u2019nin ter\u00f6r tarihinde, ter\u00f6ristlere direnen bir \u00f6\u011fretmenin g\u00f6sterdi\u011fi \u00f6nemli bir zaman kesitinde, ter\u00f6r\u00fcn g\u00f6r\u00fcnmeyen y\u00fcz\u00fcn\u00fc de bizlere g\u00f6sterir. B\u00f6lgede ter\u00f6r\u00fcn etkisi alt\u0131nda ya\u015fayanlar i\u00e7in de Ali \u00d6\u011fretmen, ter\u00f6re kar\u015f\u0131 direnen bir sembol, halk i\u00e7in \u201ckalk borusu\u201d \u00e7alan bir kahramand\u0131r.  Bu kitap, \u00fclkemizde y\u0131llarca kan d\u00f6ken, cinayetler i\u015fleyen ve i\u015fletenler, masum \u00e7ocuklar\u0131, kad\u0131nlar\u0131 katleden, kiral\u0131k kukla ter\u00f6ristlerin gizli ama\u00e7lar\u0131n\u0131 ve gizli destek\u00e7ilerinin sinsi kodlar\u0131n\u0131 daha kolay anlaman\u0131za yard\u0131mc\u0131 olacakt\u0131r. <\/p>\n","protected":false},"excerpt":{"rendered":"<p>KIZIL AKREPLER, al\u0131 bu kitapta, bu topraklarda ya\u015faman\u0131n \u00e7ok a\u011f\u0131r bir bedelinin oldu\u011funu \u00e7ok iyi bilen Ali \u00d6\u011fretmen\u2019in, kendisini \u00f6l\u00fcmle tehdit eden, ka\u00e7\u0131ran, i\u015fkence alt\u0131nda a\u00e7<span class=\"excerpt-hellip\"> [\u2026]<\/span><\/p>\n","protected":false},"featured_media":0,"template":"","meta":{"_monsterinsights_skip_tracking":false,"_monsterinsights_sitenote_active":false,"_monsterinsights_sitenote_note":"","_monsterinsights_sitenote_category":0},"product_brand":[],"product_cat":[12291,12711],"product_tag":[],"class_list":{"0":"post-766524","1":"product","2":"type-product","3":"status-publish","5":"product_cat-edebiyat","6":"product_cat-roman-oyku","7":"pa_cilt-ciltsiz","8":"pa_tur-kitap","9":"pa_yayinevi-denizkizi-yayinlari","10":"pa_yazar-selehattin-sert","12":"first","13":"instock","14":"sale","15":"shipping-taxable","16":"purchasable","17":"product-type-simple"},"_links":{"self":[{"href":"https:\/\/roveyayinevi.com.tr\/index.php\/wp-json\/wp\/v2\/product\/766524","targetHints":{"allow":["GET"]}}],"collection":[{"href":"https:\/\/roveyayinevi.com.tr\/index.php\/wp-json\/wp\/v2\/product"}],"about":[{"href":"https:\/\/roveyayinevi.com.tr\/index.php\/wp-json\/wp\/v2\/types\/product"}],"wp:attachment":[{"href":"https:\/\/roveyayinevi.com.tr\/index.php\/wp-json\/wp\/v2\/media?parent=766524"}],"wp:term":[{"taxonomy":"product_brand","embeddable":true,"href":"https:\/\/roveyayinevi.com.tr\/index.php\/wp-json\/wp\/v2\/product_brand?post=766524"},{"taxonomy":"product_cat","embeddable":true,"href":"https:\/\/roveyayinevi.com.tr\/index.php\/wp-json\/wp\/v2\/product_cat?post=766524"},{"taxonomy":"product_tag","embeddable":true,"href":"https:\/\/roveyayinevi.com.tr\/index.php\/wp-json\/wp\/v2\/product_tag?post=766524"}],"curies":[{"name":"wp","href":"https:\/\/api.w.org\/{rel}","templated":true}]}}