{"id":766523,"date":"2025-08-28T12:16:25","date_gmt":"2025-08-28T09:16:25","guid":{"rendered":"https:\/\/roveyayinevi.com.tr\/index.php\/urun\/duayen\/"},"modified":"2026-04-15T03:32:16","modified_gmt":"2026-04-15T00:32:16","slug":"duayen","status":"publish","type":"product","link":"https:\/\/roveyayinevi.com.tr\/index.php\/urun\/duayen\/","title":{"rendered":"Duayen"},"content":{"rendered":"<p>B\u00fcy\u00fck bir m\u00fczik dehas\u0131, zarif bir beyefendi!   Sanat\u00e7\u0131 bir ailede do\u011fdu, gen\u00e7 ya\u015flar\u0131nda ilk bestesini yapt\u0131. Aralar\u0131nda T\u00fcrkiye\u2019nin s\u00fcperstar\u0131 Ajda Pekkan\u2019\u0131n da oldu\u011fu bir\u00e7ok \u00fcnl\u00fc ismi sahneye ilk \u00e7\u0131karan o oldu.   Eartha Kitt gibi d\u00fcnyaca \u00fcnl\u00fc sanat\u00e7\u0131lara yol g\u00f6sterdi. Kurucusu oldu\u011fu \u00c7at\u0131 Kul\u00fcb\u00fc, gen\u00e7 m\u00fczisyenler i\u00e7in bir okul, cemiyet hayat\u0131 i\u00e7in de pop\u00fcler bir e\u011flence mek\u00e2n\u0131yd\u0131.   \u00dclkemizi Hollywood\u2019da tan\u0131tt\u0131. Yabanc\u0131 m\u00fczisyenler i\u00e7in iyi bir ev sahibiydi, yurtd\u0131\u015f\u0131nda da T\u00fcrkiye\u2019nin m\u00fczik el\u00e7isiydi. T\u00fcrk olmakla gurur duysa da evrensel k\u00fclt\u00fcr\u00fc her zaman kucaklad\u0131.   Kendisi gibi m\u00fczik a\u015fk\u0131yla ya\u015fayan evlatlar yeti\u015ftirdi. Doksan yedi y\u0131ll\u0131k \u00f6mr\u00fcne pek \u00e7ok ba\u015far\u0131 \u00f6yk\u00fcs\u00fc s\u0131\u011fd\u0131rd\u0131. Zevk sahibi bir insan, h\u00fcmanist ve sevgi dolu bir baba, Atat\u00fcrk\u00e7\u00fc bir T\u00fcrk vatanda\u015f\u0131, hayattan keyif almas\u0131n\u0131 bilen bir dosttu.   T\u00fcrk m\u00fczi\u011finin duayen ismi Bozkurt \u0130lham Gencer\u2019in ya\u015fam\u0131, hat\u0131ralar\u0131 ve geride b\u0131rakt\u0131klar\u0131, o\u011flu Bora Gencer\u2019in kalemiyle okurlar\u0131na ula\u015f\u0131yor. <\/p>\n","protected":false},"excerpt":{"rendered":"<p>B\u00fcy\u00fck bir m\u00fczik dehas\u0131, zarif bir beyefendi! Sanat\u00e7\u0131 bir ailede do\u011fdu, gen\u00e7 ya\u015flar\u0131nda ilk bestesini yapt\u0131. Aralar\u0131nda T\u00fcrkiye\u2019nin s\u00fcperstar\u0131 Ajda Pekkan\u2019\u0131n da oldu\u011fu bir\u00e7ok \u00fcnl\u00fc ismi<span class=\"excerpt-hellip\"> [\u2026]<\/span><\/p>\n","protected":false},"featured_media":0,"template":"","meta":{"_monsterinsights_skip_tracking":false,"_monsterinsights_sitenote_active":false,"_monsterinsights_sitenote_note":"","_monsterinsights_sitenote_category":0},"product_brand":[],"product_cat":[18545,12291],"product_tag":[],"class_list":{"0":"post-766523","1":"product","2":"type-product","3":"status-publish","5":"product_cat-anlati","6":"product_cat-edebiyat","7":"pa_cilt-ciltsiz","8":"pa_tur-kitap","9":"pa_yayinevi-destek-yayinlari","10":"pa_yazar-bora-gencer","12":"first","13":"instock","14":"sale","15":"shipping-taxable","16":"purchasable","17":"product-type-simple"},"_links":{"self":[{"href":"https:\/\/roveyayinevi.com.tr\/index.php\/wp-json\/wp\/v2\/product\/766523","targetHints":{"allow":["GET"]}}],"collection":[{"href":"https:\/\/roveyayinevi.com.tr\/index.php\/wp-json\/wp\/v2\/product"}],"about":[{"href":"https:\/\/roveyayinevi.com.tr\/index.php\/wp-json\/wp\/v2\/types\/product"}],"wp:attachment":[{"href":"https:\/\/roveyayinevi.com.tr\/index.php\/wp-json\/wp\/v2\/media?parent=766523"}],"wp:term":[{"taxonomy":"product_brand","embeddable":true,"href":"https:\/\/roveyayinevi.com.tr\/index.php\/wp-json\/wp\/v2\/product_brand?post=766523"},{"taxonomy":"product_cat","embeddable":true,"href":"https:\/\/roveyayinevi.com.tr\/index.php\/wp-json\/wp\/v2\/product_cat?post=766523"},{"taxonomy":"product_tag","embeddable":true,"href":"https:\/\/roveyayinevi.com.tr\/index.php\/wp-json\/wp\/v2\/product_tag?post=766523"}],"curies":[{"name":"wp","href":"https:\/\/api.w.org\/{rel}","templated":true}]}}