{"id":766522,"date":"2025-08-28T12:16:23","date_gmt":"2025-08-28T09:16:23","guid":{"rendered":"https:\/\/roveyayinevi.com.tr\/index.php\/urun\/evreni-tersine-cevir-ve-kazan-1\/"},"modified":"2026-04-15T03:32:16","modified_gmt":"2026-04-15T00:32:16","slug":"evreni-tersine-cevir-ve-kazan-1","status":"publish","type":"product","link":"https:\/\/roveyayinevi.com.tr\/index.php\/urun\/evreni-tersine-cevir-ve-kazan-1\/","title":{"rendered":"Evreni Tersine \u00c7evir ve Kazan 1"},"content":{"rendered":"<p>H\u0130K\u00c2YE TERS\u0130NE \u00c7EV\u0130RME YETENE\u011e\u0130 Y\u00dcZ\u00dcNDEN SIRADAN \u0130NSANLARDAN B\u0130LE DAHA ZAYIF OLAN FLAMME, B\u0130L\u0130NMEYEN B\u0130R SEBEPTEN DOLAYI TANRI TARAFINDAN KAHRAMAN PART\u0130S\u0130\u2019NE SE\u00c7\u0130L\u0130R. SAVA\u015eLARDA EK\u0130B\u0130N \u0130\u015e\u0130NE YARAMASA DA EL\u0130NDEN GELEN\u0130 ORTAYA KOYAR. Y\u0130NE DE ONDAN NEFRET EDEN JEAN, ONA ZORBALIK ETMEYE DEVAM EDER VE FLAMME\u2019\u0130 B\u0130R K\u00d6LE T\u00dcCCARINA SATAR. ANCAK FLAMME\u2019\u0130N BU UMUTSUZ D\u00dcNYADA LANETL\u0130 KILI\u00c7\u2019I ELE GE\u00c7\u0130RMES\u0130 HER \u015eEY\u0130 DE\u011e\u0130\u015eT\u0130R\u0130R&#8230;   FLAMME VE K\u00d6LE OLARAK SATILDI\u011eI YERDE TANI\u015eTI\u011eI M\u0130LK\u0130T ADLI KIZIN KADER\u0130 TAM ANLAMIYLA TERS\u0130NE \u00c7EVR\u0130LECEKT\u0130. <\/p>\n","protected":false},"excerpt":{"rendered":"<p>H\u0130K\u00c2YE TERS\u0130NE \u00c7EV\u0130RME YETENE\u011e\u0130 Y\u00dcZ\u00dcNDEN SIRADAN \u0130NSANLARDAN B\u0130LE DAHA ZAYIF OLAN FLAMME, B\u0130L\u0130NMEYEN B\u0130R SEBEPTEN DOLAYI TANRI TARAFINDAN KAHRAMAN PART\u0130S\u0130\u2019NE SE\u00c7\u0130L\u0130R. SAVA\u015eLARDA EK\u0130B\u0130N \u0130\u015e\u0130NE YARAMASA DA<span class=\"excerpt-hellip\"> [\u2026]<\/span><\/p>\n","protected":false},"featured_media":0,"template":"","meta":{"_monsterinsights_skip_tracking":false,"_monsterinsights_sitenote_active":false,"_monsterinsights_sitenote_note":"","_monsterinsights_sitenote_category":0},"product_brand":[],"product_cat":[12416,12291],"product_tag":[],"class_list":{"0":"post-766522","1":"product","2":"type-product","3":"status-publish","5":"product_cat-cizgi-roman","6":"product_cat-edebiyat","7":"pa_cilt-ciltsiz","8":"pa_tur-kitap","9":"pa_yayinevi-athica-yayinlari","10":"pa_yazar-kiki-thorpe","12":"first","13":"instock","14":"sale","15":"shipping-taxable","16":"purchasable","17":"product-type-simple"},"_links":{"self":[{"href":"https:\/\/roveyayinevi.com.tr\/index.php\/wp-json\/wp\/v2\/product\/766522","targetHints":{"allow":["GET"]}}],"collection":[{"href":"https:\/\/roveyayinevi.com.tr\/index.php\/wp-json\/wp\/v2\/product"}],"about":[{"href":"https:\/\/roveyayinevi.com.tr\/index.php\/wp-json\/wp\/v2\/types\/product"}],"wp:attachment":[{"href":"https:\/\/roveyayinevi.com.tr\/index.php\/wp-json\/wp\/v2\/media?parent=766522"}],"wp:term":[{"taxonomy":"product_brand","embeddable":true,"href":"https:\/\/roveyayinevi.com.tr\/index.php\/wp-json\/wp\/v2\/product_brand?post=766522"},{"taxonomy":"product_cat","embeddable":true,"href":"https:\/\/roveyayinevi.com.tr\/index.php\/wp-json\/wp\/v2\/product_cat?post=766522"},{"taxonomy":"product_tag","embeddable":true,"href":"https:\/\/roveyayinevi.com.tr\/index.php\/wp-json\/wp\/v2\/product_tag?post=766522"}],"curies":[{"name":"wp","href":"https:\/\/api.w.org\/{rel}","templated":true}]}}