{"id":766520,"date":"2025-08-28T12:16:19","date_gmt":"2025-08-28T09:16:19","guid":{"rendered":"https:\/\/roveyayinevi.com.tr\/index.php\/urun\/katiller-tatilde-2\/"},"modified":"2026-04-15T03:32:16","modified_gmt":"2026-04-15T00:32:16","slug":"katiller-tatilde-2","status":"publish","type":"product","link":"https:\/\/roveyayinevi.com.tr\/index.php\/urun\/katiller-tatilde-2\/","title":{"rendered":"Katiller Tatilde 2"},"content":{"rendered":"<p>Du\u0308nyan\u0131n en tehlikeli katilleri yeniden bir arada!   Yamyam G\u00fblyabani Harry, Seri Katil Richard ve Heyula Yoshie, hayatlar\u0131n\u0131n en komik ve absu\u0308rt maceras\u0131na devam ediyorlar. Bu kez, iyiden iyiye s\u0131radan insanlar\u0131n du\u0308nyas\u0131na girip gu\u0308nlu\u0308k hayat\u0131n karma\u015fas\u0131nda yollar\u0131n\u0131 bulmaya \u00e7al\u0131\u015f\u0131yorlar. Kahkaha ve \u00f6lu\u0308m, hi\u00e7 bu kadar yak\u0131n olmam\u0131\u015ft\u0131!   Katillerin Bulu\u015fmas\u0131 serisinin ikinci cildi, tamamen renkli sayfalarla geri d\u00f6nu\u0308yor! Katiller, Richard\u2019\u0131n korkutucu koleksiyonunu inceliyor, lanetli bir bebe\u011fe yeni kostu\u0308m tasarl\u0131yor ve Yoshie\u2019nin ta\u015f\u0131nma maceras\u0131na tan\u0131k oluyorlar. Richard ve Harry\u2019nin nas\u0131l tan\u0131\u015ft\u0131\u011f\u0131n\u0131 da \u00f6\u011freniyoruz! Ayr\u0131ca, bu b\u00f6lu\u0308mde zombiler de geri d\u00f6nu\u0308yor!   Zekice kurgulanm\u0131\u015f olaylar, beklenmedik dostluklar ve kara mizahla dolu bu hik\u00e2yede, katillerin hi\u00e7 bilmedi\u011finiz y\u00f6nlerini ke\u015ffedeceksiniz! <\/p>\n","protected":false},"excerpt":{"rendered":"<p>Du\u0308nyan\u0131n en tehlikeli katilleri yeniden bir arada! Yamyam G\u00fblyabani Harry, Seri Katil Richard ve Heyula Yoshie, hayatlar\u0131n\u0131n en komik ve absu\u0308rt maceras\u0131na devam ediyorlar. Bu kez,<span class=\"excerpt-hellip\"> [\u2026]<\/span><\/p>\n","protected":false},"featured_media":0,"template":"","meta":{"_monsterinsights_skip_tracking":false,"_monsterinsights_sitenote_active":false,"_monsterinsights_sitenote_note":"","_monsterinsights_sitenote_category":0},"product_brand":[],"product_cat":[12416,12291],"product_tag":[],"class_list":{"0":"post-766520","1":"product","2":"type-product","3":"status-publish","5":"product_cat-cizgi-roman","6":"product_cat-edebiyat","7":"pa_cilt-ciltsiz","8":"pa_tur-kitap","9":"pa_yayinevi-athica-yayinlari","10":"pa_yazar-matsu","12":"first","13":"instock","14":"sale","15":"shipping-taxable","16":"purchasable","17":"product-type-simple"},"_links":{"self":[{"href":"https:\/\/roveyayinevi.com.tr\/index.php\/wp-json\/wp\/v2\/product\/766520","targetHints":{"allow":["GET"]}}],"collection":[{"href":"https:\/\/roveyayinevi.com.tr\/index.php\/wp-json\/wp\/v2\/product"}],"about":[{"href":"https:\/\/roveyayinevi.com.tr\/index.php\/wp-json\/wp\/v2\/types\/product"}],"wp:attachment":[{"href":"https:\/\/roveyayinevi.com.tr\/index.php\/wp-json\/wp\/v2\/media?parent=766520"}],"wp:term":[{"taxonomy":"product_brand","embeddable":true,"href":"https:\/\/roveyayinevi.com.tr\/index.php\/wp-json\/wp\/v2\/product_brand?post=766520"},{"taxonomy":"product_cat","embeddable":true,"href":"https:\/\/roveyayinevi.com.tr\/index.php\/wp-json\/wp\/v2\/product_cat?post=766520"},{"taxonomy":"product_tag","embeddable":true,"href":"https:\/\/roveyayinevi.com.tr\/index.php\/wp-json\/wp\/v2\/product_tag?post=766520"}],"curies":[{"name":"wp","href":"https:\/\/api.w.org\/{rel}","templated":true}]}}