{"id":766518,"date":"2025-08-28T12:16:16","date_gmt":"2025-08-28T09:16:16","guid":{"rendered":"https:\/\/roveyayinevi.com.tr\/index.php\/urun\/adapa-mezopotamya-masallari\/"},"modified":"2026-04-15T03:32:15","modified_gmt":"2026-04-15T00:32:15","slug":"adapa-mezopotamya-masallari","status":"publish","type":"product","link":"https:\/\/roveyayinevi.com.tr\/index.php\/urun\/adapa-mezopotamya-masallari\/","title":{"rendered":"Adapa &#8211; Mezopotamya Masallar\u0131"},"content":{"rendered":"<p>Adapa d\u00fcnyadaki en eski masal olarak biliniyor. M\u00d6 1750 y\u0131llar\u0131nda S\u00fcmer yazarlar\u0131 taraf\u0131ndan \u00e7ivi yaz\u0131s\u0131yla tabletlere yaz\u0131lm\u0131\u015f. Yenisi ke\u015ffedilinceye kadar yaz\u0131ya ge\u00e7en ilk masal olarak kay\u0131tlara ge\u00e7mi\u015f. Yazar\u0131n\u0131n ad\u0131 ise bilinmiyor. Dicle k\u0131y\u0131s\u0131ndan g\u00f6t\u00fcr\u00fclen tabletler \u015fu anda B\u00fcy\u00fck Britanya M\u00fczesi\u2019nde bulunuyor.   1974 y\u0131l\u0131nda Prof. Bruno Bettelheim, Kinder brauchen M\u00e4rchen adl\u0131 Almanca kitab\u0131nda bu masal\u0131 anan ilk bilim insan\u0131d\u0131r. Y\u00fccel Feyzio\u011flu da asl\u0131na sad\u0131k kalarak masal\u0131 yeniden yazan ilk yazard\u0131r. Bu kitaptaki di\u011fer masallar ise ayn\u0131 co\u011frafyadan K\u00fcrt ve S\u00fcryanilerin en zengin hazineleridir. <\/p>\n","protected":false},"excerpt":{"rendered":"<p>Adapa d\u00fcnyadaki en eski masal olarak biliniyor. M\u00d6 1750 y\u0131llar\u0131nda S\u00fcmer yazarlar\u0131 taraf\u0131ndan \u00e7ivi yaz\u0131s\u0131yla tabletlere yaz\u0131lm\u0131\u015f. Yenisi ke\u015ffedilinceye kadar yaz\u0131ya ge\u00e7en ilk masal olarak kay\u0131tlara<span class=\"excerpt-hellip\"> [\u2026]<\/span><\/p>\n","protected":false},"featured_media":0,"template":"","meta":{"_monsterinsights_skip_tracking":false,"_monsterinsights_sitenote_active":false,"_monsterinsights_sitenote_note":"","_monsterinsights_sitenote_category":0},"product_brand":[],"product_cat":[12274],"product_tag":[],"class_list":{"0":"post-766518","1":"product","2":"type-product","3":"status-publish","5":"product_cat-cocuk-ve-genclik-kitaplari","6":"pa_cilt-ciltsiz","7":"pa_tur-kitap","8":"pa_yayinevi-dogu-bati-cocuk","9":"pa_yazar-yucel-feyzioglu","11":"first","12":"instock","13":"sale","14":"shipping-taxable","15":"purchasable","16":"product-type-simple"},"_links":{"self":[{"href":"https:\/\/roveyayinevi.com.tr\/index.php\/wp-json\/wp\/v2\/product\/766518","targetHints":{"allow":["GET"]}}],"collection":[{"href":"https:\/\/roveyayinevi.com.tr\/index.php\/wp-json\/wp\/v2\/product"}],"about":[{"href":"https:\/\/roveyayinevi.com.tr\/index.php\/wp-json\/wp\/v2\/types\/product"}],"wp:attachment":[{"href":"https:\/\/roveyayinevi.com.tr\/index.php\/wp-json\/wp\/v2\/media?parent=766518"}],"wp:term":[{"taxonomy":"product_brand","embeddable":true,"href":"https:\/\/roveyayinevi.com.tr\/index.php\/wp-json\/wp\/v2\/product_brand?post=766518"},{"taxonomy":"product_cat","embeddable":true,"href":"https:\/\/roveyayinevi.com.tr\/index.php\/wp-json\/wp\/v2\/product_cat?post=766518"},{"taxonomy":"product_tag","embeddable":true,"href":"https:\/\/roveyayinevi.com.tr\/index.php\/wp-json\/wp\/v2\/product_tag?post=766518"}],"curies":[{"name":"wp","href":"https:\/\/api.w.org\/{rel}","templated":true}]}}