{"id":766515,"date":"2025-08-28T12:16:11","date_gmt":"2025-08-28T09:16:11","guid":{"rendered":"https:\/\/roveyayinevi.com.tr\/index.php\/urun\/dolanik-beyin\/"},"modified":"2026-04-15T03:32:15","modified_gmt":"2026-04-15T00:32:15","slug":"dolanik-beyin","status":"publish","type":"product","link":"https:\/\/roveyayinevi.com.tr\/index.php\/urun\/dolanik-beyin\/","title":{"rendered":"Dolan\u0131k Beyin"},"content":{"rendered":"<p>Beyin-davran\u0131\u015f ili\u015fkisini inceleyen kitaplar ya tu\u0308m insan davran\u0131\u015flar\u0131n\u0131 beyne indirgemekte ya da beynin davran\u0131\u015flar\u0131n olu\u015fumundaki rolu\u0308nu\u0308 \u00e7ok fazla detaya girerek anla\u015f\u0131lmaz k\u0131lmaktad\u0131r. Luiz Pessoa\u2019n\u0131n Dolan\u0131k Beyin kitab\u0131 ise, alandaki di\u011fer \u00e7al\u0131\u015fmalardan ayr\u0131lan bir \u00f6zelli\u011fe sahip. \u0130nsan beyninin karma\u015f\u0131k ve \u00e7ok katmanl\u0131 yap\u0131s\u0131na y\u00f6nelik kapsaml\u0131 bir ara\u015ft\u0131rma yu\u0308ru\u0308ten Pessoa, zihinsel su\u0308re\u00e7lerimiz ile duygusal deneyimlerimizin birbirleriyle nas\u0131l i\u00e7 i\u00e7e ge\u00e7ti\u011fini ele al\u0131yor ve beyin-davran\u0131\u015f ili\u015fkisi incelerken indirgemeci ve detayc\u0131 yakla\u015f\u0131mlardan uzak durmaya \u00f6zen g\u00f6steriyor. Vak\u0131fBank Ku\u0308ltu\u0308r Yay\u0131nlar\u0131 olarak okuyucuyla bulu\u015fturdu\u011fumuz Pessoa\u2019n\u0131n bu kitab\u0131, beyin davran\u0131\u015f ili\u015fkisini en temelden kavramak isteyen psikiyatristler, n\u00f6rologlar, n\u00f6robilimciler, psikologlar ve ilgi duyan herkes i\u00e7in bir k\u0131lavuz niteli\u011finde. <\/p>\n","protected":false},"excerpt":{"rendered":"<p>Beyin-davran\u0131\u015f ili\u015fkisini inceleyen kitaplar ya tu\u0308m insan davran\u0131\u015flar\u0131n\u0131 beyne indirgemekte ya da beynin davran\u0131\u015flar\u0131n olu\u015fumundaki rolu\u0308nu\u0308 \u00e7ok fazla detaya girerek anla\u015f\u0131lmaz k\u0131lmaktad\u0131r. Luiz Pessoa\u2019n\u0131n Dolan\u0131k Beyin<span class=\"excerpt-hellip\"> [\u2026]<\/span><\/p>\n","protected":false},"featured_media":0,"template":"","meta":{"_monsterinsights_skip_tracking":false,"_monsterinsights_sitenote_active":false,"_monsterinsights_sitenote_note":"","_monsterinsights_sitenote_category":0},"product_brand":[],"product_cat":[13488],"product_tag":[],"class_list":{"0":"post-766515","1":"product","2":"type-product","3":"status-publish","5":"product_cat-toplum-ve-insan","6":"pa_cilt-ciltsiz","7":"pa_tur-kitap","8":"pa_yayinevi-vakifbank-kultur-yayinlari","9":"pa_yazar-luiz-pessoa","11":"first","12":"instock","13":"sale","14":"shipping-taxable","15":"purchasable","16":"product-type-simple"},"_links":{"self":[{"href":"https:\/\/roveyayinevi.com.tr\/index.php\/wp-json\/wp\/v2\/product\/766515","targetHints":{"allow":["GET"]}}],"collection":[{"href":"https:\/\/roveyayinevi.com.tr\/index.php\/wp-json\/wp\/v2\/product"}],"about":[{"href":"https:\/\/roveyayinevi.com.tr\/index.php\/wp-json\/wp\/v2\/types\/product"}],"wp:attachment":[{"href":"https:\/\/roveyayinevi.com.tr\/index.php\/wp-json\/wp\/v2\/media?parent=766515"}],"wp:term":[{"taxonomy":"product_brand","embeddable":true,"href":"https:\/\/roveyayinevi.com.tr\/index.php\/wp-json\/wp\/v2\/product_brand?post=766515"},{"taxonomy":"product_cat","embeddable":true,"href":"https:\/\/roveyayinevi.com.tr\/index.php\/wp-json\/wp\/v2\/product_cat?post=766515"},{"taxonomy":"product_tag","embeddable":true,"href":"https:\/\/roveyayinevi.com.tr\/index.php\/wp-json\/wp\/v2\/product_tag?post=766515"}],"curies":[{"name":"wp","href":"https:\/\/api.w.org\/{rel}","templated":true}]}}