{"id":766514,"date":"2025-08-28T12:16:10","date_gmt":"2025-08-28T09:16:10","guid":{"rendered":"https:\/\/roveyayinevi.com.tr\/index.php\/urun\/cocuklar-icin-klasik-muzige-ilk-adim-1\/"},"modified":"2026-04-15T03:32:15","modified_gmt":"2026-04-15T00:32:15","slug":"cocuklar-icin-klasik-muzige-ilk-adim-1","status":"publish","type":"product","link":"https:\/\/roveyayinevi.com.tr\/index.php\/urun\/cocuklar-icin-klasik-muzige-ilk-adim-1\/","title":{"rendered":"\u00c7ocuklar \u0130\u00e7in Klasik M\u00fczi\u011fe \u0130lk Ad\u0131m &#8211; 1"},"content":{"rendered":"<p>Bu kitap, hem m\u00fczik okullar\u0131nda e\u011fitim alan \u00f6\u011frencilerin hem de m\u00fczi\u011fe ilgi duyan ilkokul ve ortaokul ya\u015f grubu \u00e7ocuklar\u0131n\u0131n kendilerini geli\u015ftirmesi amac\u0131yla e\u011flenceli ve \u00f6\u011fretici bir kaynak olarak tasarlanm\u0131\u015ft\u0131r. Kitapta \u00fcnl\u00fc klasik m\u00fczik bestecilerinin eserlerinden se\u00e7ilmi\u015f \u00f6rnekler \u00fczerinden ritim kal\u0131plar\u0131 \u00f6\u011fretilirken, ayn\u0131 zamanda bu b\u00fcy\u00fck bestecilerin ya\u015fam \u00f6yk\u00fcleri de \u00e7ocuklara keyifli bir dille sunulmaktad\u0131r. Bestecilerin ya\u015fam \u00f6yk\u00fclerinden se\u00e7ilen ilgin\u00e7 anekdotlara hik\u00e2ye k\u00f6\u015felerinde yer verilerek \u00e7ocuklar\u0131n hem m\u00fczi\u011fe hem de bu \u00f6nemli fig\u00fcrlere olan ilgisini art\u0131rmak hedeflenmi\u015ftir. B\u00f6ylece \u00e7ocuklar, klasik m\u00fczik k\u00fclt\u00fcr\u00fcn\u00fc, m\u00fczi\u011fin b\u00fcy\u00fcleyici d\u00fcnyas\u0131n\u0131 sadece kuramsal olarak de\u011fil, duygusal ve tarihsel ba\u011flamda da ke\u015ffetme f\u0131rsat\u0131 bulacaklard\u0131r. Kitapta yer alan \u00e7al\u0131\u015fmalar ritim uygulamalar\u0131na y\u00f6neliktir. Temel ritim kal\u0131plar\u0131 sistematik bir s\u0131ralama ile \u00e7ocuklara tan\u0131t\u0131l\u0131r. \u00c7ocuklar bu ritim kal\u0131plar\u0131n\u0131 klasik m\u00fczik repertuvar\u0131ndan se\u00e7ilmi\u015f par\u00e7alar e\u015fli\u011finde, vurmal\u0131 bir \u00e7alg\u0131 ya da alk\u0131\u015fla vurarak uygular. Her uygulaman\u0131n notas\u0131 ve karekod okutarak dinlenebilen bir ses kayd\u0131 bulunmaktad\u0131r. Bu uygulamalar \u00e7ocuklara ritim kal\u0131plar\u0131n\u0131 \u00f6\u011fretmenin yan\u0131 s\u0131ra klasik m\u00fczik repertuvar\u0131n\u0131 tan\u0131tma ve m\u00fczik dinleme al\u0131\u015fkanl\u0131\u011f\u0131n\u0131 edindirme amac\u0131yla se\u00e7ilmi\u015ftir. Kitapta uygulamal\u0131 olarak \u00e7al\u0131\u015f\u0131lan par\u00e7alar Barok ve Klasik D\u00f6nem repertuvar\u0131n\u0131n en tan\u0131nm\u0131\u015f bestecilerinden Haendel, Bach, Haydn, Mozart ve Beethoven&#8217;\u0131n m\u00fcziklerinden se\u00e7ilmi\u015ftir. Bu do\u011frultuda \u00e7ocuklar\u0131n, \u00f6\u011frendikleri ritimleri bir m\u00fczik par\u00e7as\u0131 \u00fczerinde uygularken, m\u00fczi\u011fin bestecisiyle de tarihsel ba\u011flamda ili\u015fki kurmalar\u0131 ve bir b\u00fct\u00fcnl\u00fck i\u00e7inde \u00f6\u011frenmeleri ama\u00e7lanmaktad\u0131r. Serinin ilk kitab\u0131 olan \u201c\u00c7ocuklar i\u00e7in Klasik M\u00fczi\u011fe \u0130lk Ad\u0131m-1\u201d, e\u011flenceli ve \u00f6\u011fretici i\u00e7erikleriyle \u00e7ocuklara m\u00fczik sevgisi a\u015f\u0131lamay\u0131 ve onlar\u0131n m\u00fcziksel geli\u015fimine katk\u0131da bulunmay\u0131 hedeflemektedir. <\/p>\n","protected":false},"excerpt":{"rendered":"<p>Bu kitap, hem m\u00fczik okullar\u0131nda e\u011fitim alan \u00f6\u011frencilerin hem de m\u00fczi\u011fe ilgi duyan ilkokul ve ortaokul ya\u015f grubu \u00e7ocuklar\u0131n\u0131n kendilerini geli\u015ftirmesi amac\u0131yla e\u011flenceli ve \u00f6\u011fretici bir<span class=\"excerpt-hellip\"> [\u2026]<\/span><\/p>\n","protected":false},"featured_media":0,"template":"","meta":{"_monsterinsights_skip_tracking":false,"_monsterinsights_sitenote_active":false,"_monsterinsights_sitenote_note":"","_monsterinsights_sitenote_category":0},"product_brand":[],"product_cat":[14556,20810],"product_tag":[],"class_list":{"0":"post-766514","1":"product","2":"type-product","3":"status-publish","5":"product_cat-muzik","6":"product_cat-ogrenim-kitaplari","7":"pa_cilt-ciltsiz","8":"pa_tur-kitap","9":"pa_yayinevi-muzik-egitimi-yayinlari","10":"pa_yazar-deniz-arat-yasat-eda-dundar-okcebe","12":"first","13":"instock","14":"sale","15":"shipping-taxable","16":"purchasable","17":"product-type-simple"},"_links":{"self":[{"href":"https:\/\/roveyayinevi.com.tr\/index.php\/wp-json\/wp\/v2\/product\/766514","targetHints":{"allow":["GET"]}}],"collection":[{"href":"https:\/\/roveyayinevi.com.tr\/index.php\/wp-json\/wp\/v2\/product"}],"about":[{"href":"https:\/\/roveyayinevi.com.tr\/index.php\/wp-json\/wp\/v2\/types\/product"}],"wp:attachment":[{"href":"https:\/\/roveyayinevi.com.tr\/index.php\/wp-json\/wp\/v2\/media?parent=766514"}],"wp:term":[{"taxonomy":"product_brand","embeddable":true,"href":"https:\/\/roveyayinevi.com.tr\/index.php\/wp-json\/wp\/v2\/product_brand?post=766514"},{"taxonomy":"product_cat","embeddable":true,"href":"https:\/\/roveyayinevi.com.tr\/index.php\/wp-json\/wp\/v2\/product_cat?post=766514"},{"taxonomy":"product_tag","embeddable":true,"href":"https:\/\/roveyayinevi.com.tr\/index.php\/wp-json\/wp\/v2\/product_tag?post=766514"}],"curies":[{"name":"wp","href":"https:\/\/api.w.org\/{rel}","templated":true}]}}