{"id":766513,"date":"2025-08-28T12:16:08","date_gmt":"2025-08-28T09:16:08","guid":{"rendered":"https:\/\/roveyayinevi.com.tr\/index.php\/urun\/dinozor-olmak-isteyen-kus\/"},"modified":"2026-04-15T03:32:15","modified_gmt":"2026-04-15T00:32:15","slug":"dinozor-olmak-isteyen-kus","status":"publish","type":"product","link":"https:\/\/roveyayinevi.com.tr\/index.php\/urun\/dinozor-olmak-isteyen-kus\/","title":{"rendered":"Dinozor Olmak \u0130steyen Ku\u015f"},"content":{"rendered":"<p>\u00dc\u00e7 yavru ku\u015ftan birisi dinozor olmak istiyordu. Ama sorular ard\u0131 ard\u0131na geliyordu: \u201cAcaba dinozorlar da ka\u015f\u0131n\u0131r m\u0131yd\u0131?\u201d \u201cYuvalar\u0131n\u0131 a\u011faca m\u0131 yaparlard\u0131?\u201d \u201cKaranl\u0131kta da g\u00f6r\u00fcrler miydi?\u201d \u201cHavada takla atarlar m\u0131yd\u0131?\u201d     Muzaffer \u00d6zg\u00fcle\u015f\u2019in yazd\u0131\u011f\u0131 Dinozor Olmak \u0130steyen Ku\u015f kitab\u0131na Reha Bar\u0131\u015f r\u00fcya gibi resimleriyle e\u015flik ediyor. <\/p>\n","protected":false},"excerpt":{"rendered":"<p>\u00dc\u00e7 yavru ku\u015ftan birisi dinozor olmak istiyordu. Ama sorular ard\u0131 ard\u0131na geliyordu: \u201cAcaba dinozorlar da ka\u015f\u0131n\u0131r m\u0131yd\u0131?\u201d \u201cYuvalar\u0131n\u0131 a\u011faca m\u0131 yaparlard\u0131?\u201d \u201cKaranl\u0131kta da g\u00f6r\u00fcrler miydi?\u201d \u201cHavada<span class=\"excerpt-hellip\"> [\u2026]<\/span><\/p>\n","protected":false},"featured_media":0,"template":"","meta":{"_monsterinsights_skip_tracking":false,"_monsterinsights_sitenote_active":false,"_monsterinsights_sitenote_note":"","_monsterinsights_sitenote_category":0},"product_brand":[],"product_cat":[12274,12284],"product_tag":[],"class_list":{"0":"post-766513","1":"product","2":"type-product","3":"status-publish","5":"product_cat-cocuk-ve-genclik-kitaplari","6":"product_cat-hikayeler","7":"pa_cilt-ciltsiz","8":"pa_tur-kitap","9":"pa_yayinevi-yapi-kredi-yayinlari","10":"pa_yazar-muzaffer-ozgules","12":"first","13":"instock","14":"sale","15":"shipping-taxable","16":"purchasable","17":"product-type-simple"},"_links":{"self":[{"href":"https:\/\/roveyayinevi.com.tr\/index.php\/wp-json\/wp\/v2\/product\/766513","targetHints":{"allow":["GET"]}}],"collection":[{"href":"https:\/\/roveyayinevi.com.tr\/index.php\/wp-json\/wp\/v2\/product"}],"about":[{"href":"https:\/\/roveyayinevi.com.tr\/index.php\/wp-json\/wp\/v2\/types\/product"}],"wp:attachment":[{"href":"https:\/\/roveyayinevi.com.tr\/index.php\/wp-json\/wp\/v2\/media?parent=766513"}],"wp:term":[{"taxonomy":"product_brand","embeddable":true,"href":"https:\/\/roveyayinevi.com.tr\/index.php\/wp-json\/wp\/v2\/product_brand?post=766513"},{"taxonomy":"product_cat","embeddable":true,"href":"https:\/\/roveyayinevi.com.tr\/index.php\/wp-json\/wp\/v2\/product_cat?post=766513"},{"taxonomy":"product_tag","embeddable":true,"href":"https:\/\/roveyayinevi.com.tr\/index.php\/wp-json\/wp\/v2\/product_tag?post=766513"}],"curies":[{"name":"wp","href":"https:\/\/api.w.org\/{rel}","templated":true}]}}