{"id":766512,"date":"2025-08-28T12:16:06","date_gmt":"2025-08-28T09:16:06","guid":{"rendered":"https:\/\/roveyayinevi.com.tr\/index.php\/urun\/dem-bu-demdir-saat-bu-saat\/"},"modified":"2026-04-15T03:32:15","modified_gmt":"2026-04-15T00:32:15","slug":"dem-bu-demdir-saat-bu-saat","status":"publish","type":"product","link":"https:\/\/roveyayinevi.com.tr\/index.php\/urun\/dem-bu-demdir-saat-bu-saat\/","title":{"rendered":"Dem Bu Demdir Saat Bu Saat"},"content":{"rendered":"<p>\u201cGe\u00e7ti g\u00fcn ferd\u00e2y\u0131 ko S\u00e2at bu s\u00e2at dem bu dem.\u201d \u015eeyh G\u00e2lib   \u201c\u0130yi bir sohbet, dehlizlerinde kaybolmay\u0131 g\u00f6ze ald\u0131\u011f\u0131n\u0131z bir kar\u015f\u0131l\u0131kl\u0131 konu\u015fmad\u0131r. Bu sohbette sadece iki insan konu\u015fmaz, iki dudak \u00fczerinden ge\u00e7mi\u015fin b\u00fcy\u00fck ruhlar\u0131 da s\u00f6z al\u0131r, s\u00f6ze kar\u0131\u015f\u0131r, fikir serdeder. Her d\u00f6neme\u00e7te debisini art\u0131ran bir \u0131rmak gibi ba\u015fka sesleri de i\u00e7ine alan bir sohbet giderek g\u00fcmrahla\u015f\u0131r. S\u00fck\u00fbt da s\u00f6z al\u0131r iyi bir sohbette ve \u2018sessizli\u011fin sesi\u2019 dile gelir. Y\u00fczler, g\u00f6zler, g\u00f6zya\u015flar\u0131 ve g\u00fcl\u00fcc\u00fckler konu\u015fur. Ger\u00e7ek benli\u011fimizi d\u00fcr\u00fcst\u00e7e ortaya serdi\u011fimiz b\u00f6yle bir konu\u015fma bize d\u00f6n\u00fc\u015fme imk\u00e2n\u0131 verir. S\u00f6z suskunlu\u011fun y\u00fck\u00fcn\u00fc al\u0131r, o y\u00fczden insan kendi sesini duydu\u011fu, kendi \u015fark\u0131s\u0131n\u0131 buldu\u011fu anda suskun umars\u0131zl\u0131\u011f\u0131n z\u0131rh\u0131n\u0131 delmeli ve kendi \u015fark\u0131s\u0131n\u0131 \u015fak\u0131mal\u0131.\u201d (Kemal Sayar)   Dem Bu Demdir Saat Bu Saat, Sadettin \u00d6kten ile Kemal Sayar\u2019\u0131n benzersiz radyo sohbetlerinden olu\u015fan \u201cG\u00f6n\u00fcl Sadas\u0131\u2019ndan Akisler\u201d serisinin d\u00f6rd\u00fcnc\u00fc cildi.   \u00d6kten ve Sayar, \u201cmutlak hakikati\u201d ararken kaybolmay\u0131 da g\u00f6ze alarak ba\u015fl\u0131yorlar bu sohbete ve y\u00fcreklerinin izinden gidiyorlar.   Onlara e\u015flik edelim\u2026 Dem Bu Demdir Saat Bu Saat\u2026 <\/p>\n","protected":false},"excerpt":{"rendered":"<p>\u201cGe\u00e7ti g\u00fcn ferd\u00e2y\u0131 ko S\u00e2at bu s\u00e2at dem bu dem.\u201d \u015eeyh G\u00e2lib \u201c\u0130yi bir sohbet, dehlizlerinde kaybolmay\u0131 g\u00f6ze ald\u0131\u011f\u0131n\u0131z bir kar\u015f\u0131l\u0131kl\u0131 konu\u015fmad\u0131r. Bu sohbette sadece iki<span class=\"excerpt-hellip\"> [\u2026]<\/span><\/p>\n","protected":false},"featured_media":0,"template":"","meta":{"_monsterinsights_skip_tracking":false,"_monsterinsights_sitenote_active":false,"_monsterinsights_sitenote_note":"","_monsterinsights_sitenote_category":0},"product_brand":[],"product_cat":[12291,30969],"product_tag":[],"class_list":{"0":"post-766512","1":"product","2":"type-product","3":"status-publish","5":"product_cat-edebiyat","6":"product_cat-soylesi-edebiyat","7":"pa_cilt-ciltsiz","8":"pa_tur-kitap","9":"pa_yayinevi-tk-yayinlari","10":"pa_yazar-sadettin-okten-kemal-sayar","12":"first","13":"instock","14":"sale","15":"shipping-taxable","16":"purchasable","17":"product-type-simple"},"_links":{"self":[{"href":"https:\/\/roveyayinevi.com.tr\/index.php\/wp-json\/wp\/v2\/product\/766512","targetHints":{"allow":["GET"]}}],"collection":[{"href":"https:\/\/roveyayinevi.com.tr\/index.php\/wp-json\/wp\/v2\/product"}],"about":[{"href":"https:\/\/roveyayinevi.com.tr\/index.php\/wp-json\/wp\/v2\/types\/product"}],"wp:attachment":[{"href":"https:\/\/roveyayinevi.com.tr\/index.php\/wp-json\/wp\/v2\/media?parent=766512"}],"wp:term":[{"taxonomy":"product_brand","embeddable":true,"href":"https:\/\/roveyayinevi.com.tr\/index.php\/wp-json\/wp\/v2\/product_brand?post=766512"},{"taxonomy":"product_cat","embeddable":true,"href":"https:\/\/roveyayinevi.com.tr\/index.php\/wp-json\/wp\/v2\/product_cat?post=766512"},{"taxonomy":"product_tag","embeddable":true,"href":"https:\/\/roveyayinevi.com.tr\/index.php\/wp-json\/wp\/v2\/product_tag?post=766512"}],"curies":[{"name":"wp","href":"https:\/\/api.w.org\/{rel}","templated":true}]}}