{"id":766511,"date":"2025-08-28T12:16:04","date_gmt":"2025-08-28T09:16:04","guid":{"rendered":"https:\/\/roveyayinevi.com.tr\/index.php\/urun\/benim-canim-babam\/"},"modified":"2026-04-15T03:32:15","modified_gmt":"2026-04-15T00:32:15","slug":"benim-canim-babam","status":"publish","type":"product","link":"https:\/\/roveyayinevi.com.tr\/index.php\/urun\/benim-canim-babam\/","title":{"rendered":"Benim Can\u0131m Babam"},"content":{"rendered":"<p>\u201cY\u00fcrek \u0131s\u0131tan, hem iyi yaz\u0131lm\u0131\u015f hem de iyi resimlenmi\u015f bir hik\u00e2ye.\u201d                                                           Eric Fan (yazar ve ill\u00fcstrat\u00f6r)     \u201c\u0130yi resimlenmi\u015f, insan\u0131n kalbine dokunan bir sevgi hik\u00e2yesi.\u201d                                                                        Kirkus Reviews     Oliver, dedesiyle hi\u00e7 tan\u0131\u015fmam\u0131\u015ft\u0131r. Dedesiyle tan\u0131\u015fabilseydi ona ne anlataca\u011f\u0131n\u0131 hayal eder. Sonunda, dedesinin hi\u00e7 tan\u0131mad\u0131\u011f\u0131 bir adam\u0131 ona anlatmaya karar verir: Oliver\u2019\u0131n babas\u0131, dedesinin o\u011fludur anlataca\u011f\u0131 ki\u015fi. Y\u00fcrekleri \u0131s\u0131tan bu hik\u00e2ye, sizi baba olman\u0131n ve kendi kaderini \u00e7izmenin anlam\u0131na do\u011fru bir yolculu\u011fa \u00e7\u0131karacak.   <\/p>\n","protected":false},"excerpt":{"rendered":"<p>\u201cY\u00fcrek \u0131s\u0131tan, hem iyi yaz\u0131lm\u0131\u015f hem de iyi resimlenmi\u015f bir hik\u00e2ye.\u201d Eric Fan (yazar ve ill\u00fcstrat\u00f6r) \u201c\u0130yi resimlenmi\u015f, insan\u0131n kalbine dokunan bir sevgi hik\u00e2yesi.\u201d Kirkus Reviews<span class=\"excerpt-hellip\"> [\u2026]<\/span><\/p>\n","protected":false},"featured_media":0,"template":"","meta":{"_monsterinsights_skip_tracking":false,"_monsterinsights_sitenote_active":false,"_monsterinsights_sitenote_note":"","_monsterinsights_sitenote_category":0},"product_brand":[],"product_cat":[12274,12284],"product_tag":[],"class_list":{"0":"post-766511","1":"product","2":"type-product","3":"status-publish","5":"product_cat-cocuk-ve-genclik-kitaplari","6":"product_cat-hikayeler","7":"pa_cilt-ciltsiz","8":"pa_tur-kitap","9":"pa_yayinevi-yapi-kredi-yayinlari","10":"pa_yazar-victor-d-o-santos","12":"first","13":"instock","14":"sale","15":"shipping-taxable","16":"purchasable","17":"product-type-simple"},"_links":{"self":[{"href":"https:\/\/roveyayinevi.com.tr\/index.php\/wp-json\/wp\/v2\/product\/766511","targetHints":{"allow":["GET"]}}],"collection":[{"href":"https:\/\/roveyayinevi.com.tr\/index.php\/wp-json\/wp\/v2\/product"}],"about":[{"href":"https:\/\/roveyayinevi.com.tr\/index.php\/wp-json\/wp\/v2\/types\/product"}],"wp:attachment":[{"href":"https:\/\/roveyayinevi.com.tr\/index.php\/wp-json\/wp\/v2\/media?parent=766511"}],"wp:term":[{"taxonomy":"product_brand","embeddable":true,"href":"https:\/\/roveyayinevi.com.tr\/index.php\/wp-json\/wp\/v2\/product_brand?post=766511"},{"taxonomy":"product_cat","embeddable":true,"href":"https:\/\/roveyayinevi.com.tr\/index.php\/wp-json\/wp\/v2\/product_cat?post=766511"},{"taxonomy":"product_tag","embeddable":true,"href":"https:\/\/roveyayinevi.com.tr\/index.php\/wp-json\/wp\/v2\/product_tag?post=766511"}],"curies":[{"name":"wp","href":"https:\/\/api.w.org\/{rel}","templated":true}]}}