{"id":766510,"date":"2025-08-28T12:16:02","date_gmt":"2025-08-28T09:16:02","guid":{"rendered":"https:\/\/roveyayinevi.com.tr\/index.php\/urun\/yedek-parca-doku-ve-organ-nakillerinin-sasirtici-oykusu\/"},"modified":"2026-04-15T03:32:15","modified_gmt":"2026-04-15T00:32:15","slug":"yedek-parca-doku-ve-organ-nakillerinin-sasirtici-oykusu","status":"publish","type":"product","link":"https:\/\/roveyayinevi.com.tr\/index.php\/urun\/yedek-parca-doku-ve-organ-nakillerinin-sasirtici-oykusu\/","title":{"rendered":"Yedek Par\u00e7a Doku Ve Organ Nakillerinin \u015ea\u015f\u0131rt\u0131c\u0131 \u00d6yk\u00fcs\u00fc"},"content":{"rendered":"<p>Hepimiz organ nakli ameliyatlar\u0131n\u0131 modern \u00e7a\u011f\u0131n mucizeleri olarak g\u00f6rmeye meyilliyizdir ama bu ameliyatlar \u00e7ok eski \u00e7a\u011flara kadar uzan\u0131yor. Paul Craddock Yedek Par\u00e7a kitab\u0131nda bizi, 16. y\u00fczy\u0131la dek uzanan \u015fa\u015f\u0131rt\u0131c\u0131 bir yolculu\u011fa \u00e7\u0131kar\u0131yor; ilk deri greftlerinden modern organ nakillerine varan bir tarihi g\u00f6zler \u00f6n\u00fcne seriyor. \u00dcstelik ba\u015frolde sadece doktorlar yok; sanat\u00e7\u0131lar, berberler ve filozoflar da var.   \u0130nsanl\u0131k, var oldu\u011fu g\u00fcnden bu yana en ilkel korkular\u0131ndan biriyle, \u00f6l\u00fcm korkusuyla m\u00fccadele ediyor. Ruhunu ve v\u00fccudunu zaman kar\u015f\u0131s\u0131nda dik tutabilmek i\u00e7in \u00e7abalay\u0131p duruyor. Bu y\u00fczden de eski zamanlardan bu yana t\u0131p d\u00fcnyas\u0131 insan v\u00fccudunu tedavi etmek i\u00e7in yeni y\u00f6ntemler geli\u015ftiriyor.   Organ nakli de bu y\u00f6ntemlerden biri. Belki de en \u00f6nemlisi. 18. y\u00fczy\u0131lda di\u015f\u00e7iler neden yoksul \u00e7ocuklar\u0131n di\u015flerini al\u0131yordu? Berberler ve cerrahlar neden ayn\u0131 hastalarla \u00e7al\u0131\u015f\u0131yordu? 17. y\u00fczy\u0131lda ilk kan nakli kim taraf\u0131ndan, hangi y\u00f6ntemle yap\u0131lm\u0131\u015ft\u0131? Kimi zaman e\u011flenceli kimi zaman \u00fcz\u00fcc\u00fc tarihi hik\u00e2yelerle bezeli kitap, bize organ nakli gelece\u011finin sadece kim oldu\u011fumuz de\u011fil, ne oldu\u011fumuz ve ne olabilece\u011fimizle ilgili sorulara ba\u011fl\u0131 oldu\u011funu da g\u00f6steriyor. <\/p>\n","protected":false},"excerpt":{"rendered":"<p>Hepimiz organ nakli ameliyatlar\u0131n\u0131 modern \u00e7a\u011f\u0131n mucizeleri olarak g\u00f6rmeye meyilliyizdir ama bu ameliyatlar \u00e7ok eski \u00e7a\u011flara kadar uzan\u0131yor. Paul Craddock Yedek Par\u00e7a kitab\u0131nda bizi, 16. y\u00fczy\u0131la<span class=\"excerpt-hellip\"> [\u2026]<\/span><\/p>\n","protected":false},"featured_media":0,"template":"","meta":{"_monsterinsights_skip_tracking":false,"_monsterinsights_sitenote_active":false,"_monsterinsights_sitenote_note":"","_monsterinsights_sitenote_category":0},"product_brand":[],"product_cat":[13365],"product_tag":[],"class_list":{"0":"post-766510","1":"product","2":"type-product","3":"status-publish","5":"product_cat-saglik","6":"pa_cilt-ciltsiz","7":"pa_tur-kitap","8":"pa_yayinevi-yapi-kredi-yayinlari","9":"pa_yazar-paul-craddock","11":"first","12":"instock","13":"sale","14":"shipping-taxable","15":"purchasable","16":"product-type-simple"},"_links":{"self":[{"href":"https:\/\/roveyayinevi.com.tr\/index.php\/wp-json\/wp\/v2\/product\/766510","targetHints":{"allow":["GET"]}}],"collection":[{"href":"https:\/\/roveyayinevi.com.tr\/index.php\/wp-json\/wp\/v2\/product"}],"about":[{"href":"https:\/\/roveyayinevi.com.tr\/index.php\/wp-json\/wp\/v2\/types\/product"}],"wp:attachment":[{"href":"https:\/\/roveyayinevi.com.tr\/index.php\/wp-json\/wp\/v2\/media?parent=766510"}],"wp:term":[{"taxonomy":"product_brand","embeddable":true,"href":"https:\/\/roveyayinevi.com.tr\/index.php\/wp-json\/wp\/v2\/product_brand?post=766510"},{"taxonomy":"product_cat","embeddable":true,"href":"https:\/\/roveyayinevi.com.tr\/index.php\/wp-json\/wp\/v2\/product_cat?post=766510"},{"taxonomy":"product_tag","embeddable":true,"href":"https:\/\/roveyayinevi.com.tr\/index.php\/wp-json\/wp\/v2\/product_tag?post=766510"}],"curies":[{"name":"wp","href":"https:\/\/api.w.org\/{rel}","templated":true}]}}