{"id":766509,"date":"2025-08-28T12:16:01","date_gmt":"2025-08-28T09:16:01","guid":{"rendered":"https:\/\/roveyayinevi.com.tr\/index.php\/urun\/guzel-yasamak\/"},"modified":"2026-04-07T03:26:45","modified_gmt":"2026-04-07T00:26:45","slug":"guzel-yasamak","status":"publish","type":"product","link":"https:\/\/roveyayinevi.com.tr\/index.php\/urun\/guzel-yasamak\/","title":{"rendered":"G\u00fczel Ya\u015famak"},"content":{"rendered":"<p>Ya\u015famak da emek ister. \u00d6mr\u00fcm\u00fcze mana katmak, \u00e7a\u011fa yenilmeden ya\u015famak i\u00e7in kendimize bakal\u0131m ve nas\u0131l \u00e7i\u00e7ek a\u00e7abilece\u011fimizin yollar\u0131n\u0131 arayal\u0131m; sa\u011flam durman\u0131n, solmaman\u0131n yollar\u0131n\u0131. Bir \u00f6m\u00fcrde g\u00f6z ya\u015farm\u0131yor, yalvararak g\u00f6zya\u015f\u0131 d\u00f6kemiyor, kutlu s\u00f6zlere d\u00f6nm\u00fcyorsa dilimiz, kalbimiz g\u00fczelliklerin hayran\u0131 de\u011filse biz bu \u00f6mr\u00fc ne yapaca\u011f\u0131z?<\/p>\n","protected":false},"excerpt":{"rendered":"<p>Ya\u015famak da emek ister. \u00d6mr\u00fcm\u00fcze mana katmak, \u00e7a\u011fa yenilmeden ya\u015famak i\u00e7in kendimize bakal\u0131m ve nas\u0131l \u00e7i\u00e7ek a\u00e7abilece\u011fimizin yollar\u0131n\u0131 arayal\u0131m; sa\u011flam durman\u0131n, solmaman\u0131n yollar\u0131n\u0131. Bir \u00f6m\u00fcrde g\u00f6z<span class=\"excerpt-hellip\"> [\u2026]<\/span><\/p>\n","protected":false},"featured_media":0,"template":"","meta":{"_monsterinsights_skip_tracking":false,"_monsterinsights_sitenote_active":false,"_monsterinsights_sitenote_note":"","_monsterinsights_sitenote_category":0},"product_brand":[],"product_cat":[12358,12357],"product_tag":[],"class_list":{"0":"post-766509","1":"product","2":"type-product","3":"status-publish","5":"product_cat-genel-psikoloji","6":"product_cat-psikoloji","7":"pa_cilt-ciltsiz","8":"pa_tur-kitap","9":"pa_yayinevi-muhit-kitap","10":"pa_yazar-mehmet-dinc","12":"first","13":"instock","14":"sale","15":"shipping-taxable","16":"purchasable","17":"product-type-simple"},"_links":{"self":[{"href":"https:\/\/roveyayinevi.com.tr\/index.php\/wp-json\/wp\/v2\/product\/766509","targetHints":{"allow":["GET"]}}],"collection":[{"href":"https:\/\/roveyayinevi.com.tr\/index.php\/wp-json\/wp\/v2\/product"}],"about":[{"href":"https:\/\/roveyayinevi.com.tr\/index.php\/wp-json\/wp\/v2\/types\/product"}],"wp:attachment":[{"href":"https:\/\/roveyayinevi.com.tr\/index.php\/wp-json\/wp\/v2\/media?parent=766509"}],"wp:term":[{"taxonomy":"product_brand","embeddable":true,"href":"https:\/\/roveyayinevi.com.tr\/index.php\/wp-json\/wp\/v2\/product_brand?post=766509"},{"taxonomy":"product_cat","embeddable":true,"href":"https:\/\/roveyayinevi.com.tr\/index.php\/wp-json\/wp\/v2\/product_cat?post=766509"},{"taxonomy":"product_tag","embeddable":true,"href":"https:\/\/roveyayinevi.com.tr\/index.php\/wp-json\/wp\/v2\/product_tag?post=766509"}],"curies":[{"name":"wp","href":"https:\/\/api.w.org\/{rel}","templated":true}]}}