{"id":766508,"date":"2025-08-28T12:15:59","date_gmt":"2025-08-28T09:15:59","guid":{"rendered":"https:\/\/roveyayinevi.com.tr\/index.php\/urun\/icine-acan-insan\/"},"modified":"2026-04-15T03:32:15","modified_gmt":"2026-04-15T00:32:15","slug":"icine-acan-insan","status":"publish","type":"product","link":"https:\/\/roveyayinevi.com.tr\/index.php\/urun\/icine-acan-insan\/","title":{"rendered":"\u0130\u00e7ine A\u00e7an \u0130nsan"},"content":{"rendered":"<p>\u0130nsan bazen i\u00e7ine a\u00e7ar. Baz\u0131 insanlar i\u00e7ine a\u00e7ar. \u00c7orak, kurak ve \u00e7etin bir varolu\u015fun tam ortas\u0131nda \u00e7i\u00e7eksizli\u011fiyle g\u00f6r\u00fcn\u00fcr uzaktan. Oysa i\u00e7ine a\u00e7m\u0131\u015ft\u0131r o. \u00c7i\u00e7ekleri i\u00e7indeki sakl\u0131 bah\u00e7ededir onun. D\u0131\u015fa vurumcu bir varolu\u015f de\u011fil; bir t\u00fcr: \u201c\u0130\u00e7e vurumculuk\u201dtur bu.   Her insan\u0131n bir \u00e7i\u00e7ek a\u00e7ma zaman\u0131 var. Tohumuna g\u00f6re, topra\u011f\u0131na g\u00f6re, g\u00fcne\u015fine g\u00f6re&#8230; Hi\u00e7bir \u015fey i\u00e7in ge\u00e7 ya da erken de\u011fil bu y\u00fczden. \u00c7\u00fcnk\u00fc \u00e7i\u00e7ek a\u00e7ma zaman\u0131 da kendi vaktimize g\u00f6re. \u0130nsan\u0131n kendi zaman\u0131n\u0131, \u00e7i\u00e7ek a\u00e7ma zaman\u0131n\u0131 bulmas\u0131 bir \u00f6m\u00fcr s\u00fcr\u00fcyor bazen. Kendi ritmini, h\u0131z\u0131n\u0131, vaktini bilense; bilmenin tela\u015fs\u0131zl\u0131\u011f\u0131nda bekliyor kendini.   Zeynep Merdan, ilk kitab\u0131 Kendilik Cesareti\u2019yle ba\u015flatt\u0131\u011f\u0131 ke\u015fif istikametini bir ad\u0131m daha \u201ci\u00e7\u201deriye ta\u015f\u0131yor. \u0130\u00e7ine A\u00e7an \u0130nsan, felsefe ile edebiyat\u0131n rastla\u015ft\u0131\u011f\u0131 bir g\u00fczerg\u00e2hta i\u00e7ine d\u00fc\u015fmeye cesaret edenlere yeni bir varolu\u015f imk\u00e2n\u0131 sezdiriyor. \u0130\u00e7ine a\u00e7man\u0131n g\u00fczelli\u011fine. Ve hi\u00e7bir engeli mazeret bilmeyerek; var olma a\u015fk\u0131 ve cesaretiyle \u00f6l\u00fcm\u00fcne a\u00e7an herkese <\/p>\n","protected":false},"excerpt":{"rendered":"<p>\u0130nsan bazen i\u00e7ine a\u00e7ar. Baz\u0131 insanlar i\u00e7ine a\u00e7ar. \u00c7orak, kurak ve \u00e7etin bir varolu\u015fun tam ortas\u0131nda \u00e7i\u00e7eksizli\u011fiyle g\u00f6r\u00fcn\u00fcr uzaktan. Oysa i\u00e7ine a\u00e7m\u0131\u015ft\u0131r o. \u00c7i\u00e7ekleri i\u00e7indeki sakl\u0131<span class=\"excerpt-hellip\"> [\u2026]<\/span><\/p>\n","protected":false},"featured_media":0,"template":"","meta":{"_monsterinsights_skip_tracking":false,"_monsterinsights_sitenote_active":false,"_monsterinsights_sitenote_note":"","_monsterinsights_sitenote_category":0},"product_brand":[],"product_cat":[12777,12291],"product_tag":[],"class_list":{"0":"post-766508","1":"product","2":"type-product","3":"status-publish","5":"product_cat-deneme","6":"product_cat-edebiyat","7":"pa_cilt-ciltsiz","8":"pa_tur-kitap","9":"pa_yayinevi-muhit-kitap","10":"pa_yazar-zeynep-merdan","12":"first","13":"instock","14":"sale","15":"shipping-taxable","16":"purchasable","17":"product-type-simple"},"_links":{"self":[{"href":"https:\/\/roveyayinevi.com.tr\/index.php\/wp-json\/wp\/v2\/product\/766508","targetHints":{"allow":["GET"]}}],"collection":[{"href":"https:\/\/roveyayinevi.com.tr\/index.php\/wp-json\/wp\/v2\/product"}],"about":[{"href":"https:\/\/roveyayinevi.com.tr\/index.php\/wp-json\/wp\/v2\/types\/product"}],"wp:attachment":[{"href":"https:\/\/roveyayinevi.com.tr\/index.php\/wp-json\/wp\/v2\/media?parent=766508"}],"wp:term":[{"taxonomy":"product_brand","embeddable":true,"href":"https:\/\/roveyayinevi.com.tr\/index.php\/wp-json\/wp\/v2\/product_brand?post=766508"},{"taxonomy":"product_cat","embeddable":true,"href":"https:\/\/roveyayinevi.com.tr\/index.php\/wp-json\/wp\/v2\/product_cat?post=766508"},{"taxonomy":"product_tag","embeddable":true,"href":"https:\/\/roveyayinevi.com.tr\/index.php\/wp-json\/wp\/v2\/product_tag?post=766508"}],"curies":[{"name":"wp","href":"https:\/\/api.w.org\/{rel}","templated":true}]}}