{"id":766506,"date":"2025-08-28T12:15:56","date_gmt":"2025-08-28T09:15:56","guid":{"rendered":"https:\/\/roveyayinevi.com.tr\/index.php\/urun\/pinhan-defter\/"},"modified":"2026-04-15T03:32:15","modified_gmt":"2026-04-15T00:32:15","slug":"pinhan-defter","status":"publish","type":"product","link":"https:\/\/roveyayinevi.com.tr\/index.php\/urun\/pinhan-defter\/","title":{"rendered":"Pinhan Defter"},"content":{"rendered":"<p>Asl\u0131nda bu defterin bir ismi olmayabilirdi ama 15 y\u0131ld\u0131r tarih, siyaset, edebiyat, psikoloji, hukuk ve felsefe alanlar\u0131nda yay\u0131mlad\u0131\u011f\u0131m\u0131z kitaplardan se\u00e7ilen s\u00f6zleri muhakkak bir ba\u015fl\u0131k alt\u0131nda toplamam\u0131z gerekti\u011fine kanaat getirdik. Bu d\u00fc\u015f\u00fcnce \u00e7er\u00e7evesinde ortaya \u00e7\u0131kan Bilgelik Defteri ismi itibar\u0131yla \u00e7ok iddial\u0131 olmu\u015f olabilir ama hem yerel hem de uluslararas\u0131 alanda tan\u0131nan psikolog ve felsefecilerin \u00f6l\u00fcm, ya\u015fam, a\u015fk, bilin\u00e7, din, tanr\u0131 ve di\u011fer kavramlar \u00fczerine yazd\u0131klar\u0131n\u0131n isabeti tart\u0131\u015f\u0131lmazd\u0131r. Fakat en nihayetinde bu bir defter. Yani yazar sizsiniz. S\u00f6z konusu yaz\u0131lar ve \u00f6zl\u00fc s\u00f6zler belki de bir s\u00fcs i\u015fi g\u00f6r\u00fcyor. Belki bu defterin yazar\u0131na ilham kayna\u011f\u0131 olabilirler, belki o g\u00fcn\u00fcn d\u00fc\u015f\u00fcncesine kar\u015f\u0131l\u0131k gelebilirler, belki yeni bir d\u00fc\u015f\u00fcnceye k\u0131v\u0131lc\u0131m olabilirler. Aforizmalar\u0131n, \u00f6zl\u00fc s\u00f6zlerin en b\u00fcy\u00fck ustalar\u0131ndan biri olan Nietzsche\u2019nin g\u00f6r\u00fc\u015f\u00fcnden hareket edecek olursak, bir s\u00f6z ya da c\u00fcmle kendi uzamsal s\u0131n\u0131rlar\u0131n\u0131n \u00e7ok daha \u00f6tesine ula\u015fan bir kapsama sahiptir; k\u0131saca, \u00f6zl\u00fc bir s\u00f6z, onlarca s\u00f6z\u00fc hatta onlarca c\u00fcmleyi bar\u0131nd\u0131rabilir. Se\u00e7kilerin defterin yazar\u0131n\u0131n onlarca c\u00fcmlesine esin olmas\u0131, bilgeli\u011fine k\u00e2\u011f\u0131t \u00fczerinde bir rehberlik sa\u011flayabilmesi dile\u011fimizle\u2026  Keyifli yazmalar ve okumalar<\/p>\n","protected":false},"excerpt":{"rendered":"<p>Asl\u0131nda bu defterin bir ismi olmayabilirdi ama 15 y\u0131ld\u0131r tarih, siyaset, edebiyat, psikoloji, hukuk ve felsefe alanlar\u0131nda yay\u0131mlad\u0131\u011f\u0131m\u0131z kitaplardan se\u00e7ilen s\u00f6zleri muhakkak bir ba\u015fl\u0131k alt\u0131nda toplamam\u0131z<span class=\"excerpt-hellip\"> [\u2026]<\/span><\/p>\n","protected":false},"featured_media":0,"template":"","meta":{"_monsterinsights_skip_tracking":false,"_monsterinsights_sitenote_active":false,"_monsterinsights_sitenote_note":"","_monsterinsights_sitenote_category":0},"product_brand":[],"product_cat":[12777,12291],"product_tag":[],"class_list":{"0":"post-766506","1":"product","2":"type-product","3":"status-publish","5":"product_cat-deneme","6":"product_cat-edebiyat","7":"pa_cilt-ciltsiz","8":"pa_tur-kitap","9":"pa_yayinevi-pinhan-yayincilik","10":"pa_yazar-mahmut-sever","12":"first","13":"instock","14":"sale","15":"shipping-taxable","16":"purchasable","17":"product-type-simple"},"_links":{"self":[{"href":"https:\/\/roveyayinevi.com.tr\/index.php\/wp-json\/wp\/v2\/product\/766506","targetHints":{"allow":["GET"]}}],"collection":[{"href":"https:\/\/roveyayinevi.com.tr\/index.php\/wp-json\/wp\/v2\/product"}],"about":[{"href":"https:\/\/roveyayinevi.com.tr\/index.php\/wp-json\/wp\/v2\/types\/product"}],"wp:attachment":[{"href":"https:\/\/roveyayinevi.com.tr\/index.php\/wp-json\/wp\/v2\/media?parent=766506"}],"wp:term":[{"taxonomy":"product_brand","embeddable":true,"href":"https:\/\/roveyayinevi.com.tr\/index.php\/wp-json\/wp\/v2\/product_brand?post=766506"},{"taxonomy":"product_cat","embeddable":true,"href":"https:\/\/roveyayinevi.com.tr\/index.php\/wp-json\/wp\/v2\/product_cat?post=766506"},{"taxonomy":"product_tag","embeddable":true,"href":"https:\/\/roveyayinevi.com.tr\/index.php\/wp-json\/wp\/v2\/product_tag?post=766506"}],"curies":[{"name":"wp","href":"https:\/\/api.w.org\/{rel}","templated":true}]}}