{"id":766504,"date":"2025-08-28T12:15:53","date_gmt":"2025-08-28T09:15:53","guid":{"rendered":"https:\/\/roveyayinevi.com.tr\/index.php\/urun\/kamuda-liyakat\/"},"modified":"2026-04-15T03:32:15","modified_gmt":"2026-04-15T00:32:15","slug":"kamuda-liyakat","status":"publish","type":"product","link":"https:\/\/roveyayinevi.com.tr\/index.php\/urun\/kamuda-liyakat\/","title":{"rendered":"Kamuda Liyakat"},"content":{"rendered":"<p>\u0130\u00e7indekiler :           1. L\u0130YAKAT VE L\u0130YAKAT S\u0130STEM\u0130         2. KAMU H\u0130ZMETLER\u0130 VE L\u0130YAKAT \u0130L\u0130\u015eK\u0130S\u0130         3. KAMU Y\u00d6NET\u0130M\u0130NDE L\u0130YAKAT ET\u0130K \u0130L\u0130\u015eK\u0130S\u0130         4. L\u0130YAKAT S\u0130STEM\u0130N\u0130N \u0130LKELER\u0130         5. L\u0130YAKAT KAR\u015eITI TUTUMLAR         6. L\u0130YAKAT DI\u015eI UYGULAMALAR         7. KAYNAKLAR <\/p>\n","protected":false},"excerpt":{"rendered":"<p>\u0130\u00e7indekiler : 1. L\u0130YAKAT VE L\u0130YAKAT S\u0130STEM\u0130 2. KAMU H\u0130ZMETLER\u0130 VE L\u0130YAKAT \u0130L\u0130\u015eK\u0130S\u0130 3. KAMU Y\u00d6NET\u0130M\u0130NDE L\u0130YAKAT ET\u0130K \u0130L\u0130\u015eK\u0130S\u0130 4. L\u0130YAKAT S\u0130STEM\u0130N\u0130N \u0130LKELER\u0130 5. L\u0130YAKAT KAR\u015eITI<span class=\"excerpt-hellip\"> [\u2026]<\/span><\/p>\n","protected":false},"featured_media":0,"template":"","meta":{"_monsterinsights_skip_tracking":false,"_monsterinsights_sitenote_active":false,"_monsterinsights_sitenote_note":"","_monsterinsights_sitenote_category":0},"product_brand":[],"product_cat":[12337],"product_tag":[],"class_list":{"0":"post-766504","1":"product","2":"type-product","3":"status-publish","5":"product_cat-politika-siyaset","6":"pa_cilt-ciltsiz","7":"pa_tur-kitap","8":"pa_yayinevi-gazi-kitabevi","9":"pa_yazar-r-tugrul-ogulata","11":"first","12":"instock","13":"sale","14":"shipping-taxable","15":"purchasable","16":"product-type-simple"},"_links":{"self":[{"href":"https:\/\/roveyayinevi.com.tr\/index.php\/wp-json\/wp\/v2\/product\/766504","targetHints":{"allow":["GET"]}}],"collection":[{"href":"https:\/\/roveyayinevi.com.tr\/index.php\/wp-json\/wp\/v2\/product"}],"about":[{"href":"https:\/\/roveyayinevi.com.tr\/index.php\/wp-json\/wp\/v2\/types\/product"}],"wp:attachment":[{"href":"https:\/\/roveyayinevi.com.tr\/index.php\/wp-json\/wp\/v2\/media?parent=766504"}],"wp:term":[{"taxonomy":"product_brand","embeddable":true,"href":"https:\/\/roveyayinevi.com.tr\/index.php\/wp-json\/wp\/v2\/product_brand?post=766504"},{"taxonomy":"product_cat","embeddable":true,"href":"https:\/\/roveyayinevi.com.tr\/index.php\/wp-json\/wp\/v2\/product_cat?post=766504"},{"taxonomy":"product_tag","embeddable":true,"href":"https:\/\/roveyayinevi.com.tr\/index.php\/wp-json\/wp\/v2\/product_tag?post=766504"}],"curies":[{"name":"wp","href":"https:\/\/api.w.org\/{rel}","templated":true}]}}