{"id":766502,"date":"2025-08-28T12:15:51","date_gmt":"2025-08-28T09:15:51","guid":{"rendered":"https:\/\/roveyayinevi.com.tr\/index.php\/urun\/bagisikligin-arka-bahcesi-2\/"},"modified":"2026-04-15T03:32:15","modified_gmt":"2026-04-15T00:32:15","slug":"bagisikligin-arka-bahcesi-2","status":"publish","type":"product","link":"https:\/\/roveyayinevi.com.tr\/index.php\/urun\/bagisikligin-arka-bahcesi-2\/","title":{"rendered":"Ba\u011f\u0131\u015f\u0131kl\u0131\u011f\u0131n Arka Bah\u00e7esi 2"},"content":{"rendered":"<p>D\u00fckk\u00e2nlar\u0131n vitrinleri veya evlerin \u00f6n bah\u00e7eleri her zaman g\u00fczel, d\u00fczenli ve \u00e7ekici g\u00f6r\u00fcn\u00fcr. Ger\u00e7ek d\u00fczeni ise d\u00fckk\u00e2n\u0131n i\u00e7inde veya evin arka bah\u00e7esinde g\u00f6r\u00fcrs\u00fcn\u00fcz. Do\u00e7. Dr. C\u00fcneyt Konuralp, hakikati g\u00f6stermek i\u00e7in okuru arka bah\u00e7eye davet ediyor. Bilim, varl\u0131\u011f\u0131n\u0131 g\u00f6steremedi\u011fi veya g\u00f6sterdi\u011fi halde \u00f6l\u00e7emedi\u011fi fakt\u00f6rleri yok h\u00fckm\u00fcnde kabul eder. Oysa ilim, bilgi veya veri kayna\u011f\u0131 olarak i\u015fine yarayabilece\u011fini d\u00fc\u015f\u00fcnd\u00fc\u011f\u00fc her \u015feyi kullan\u0131r. Elinizdeki bu kitap, ger\u00e7ekler k\u00fcmesi i\u00e7indeki \u201chakikati\u201d arayan bir kitapt\u0131r. C\u00fcneyt Konuralp bug\u00fcne kadar yap\u0131lmayan, al\u0131\u015f\u0131lmad\u0131k, detayl\u0131 ve kapsaml\u0131 bir \u00e7al\u0131\u015fma yapt\u0131; 1600\u2019l\u00fc y\u0131llardan gelen verilere kadar gitti. A\u015f\u0131lar ve bula\u015f\u0131c\u0131 hastal\u0131klarla ilgili grafikler ve veri sunumlar\u0131nda yap\u0131lm\u0131\u015f \u015feytan\u0131n akl\u0131na gelmeyecek manip\u00fclasyonlar\u0131, y\u00f6nlendirmeleri, NLP oyunlar\u0131n\u0131 ve hatta sahtek\u00e2rl\u0131klar\u0131 tek tek ve herkesin anlayaca\u011f\u0131 bir dilde bu kitapta izah etti, de\u015fifre etti.Konuralp bunu yaparken, mikrop ve parazitlerin hastal\u0131k yapmadaki rolleri ile ilgili olarak \u2018Mikrop Teorisi\u2019 ve \u2018Ortam Teorisi\u2019nden \u00e7ok daha ge\u00e7erli olan yepyeni bir tez de ortaya att\u0131: \u2018Kontrat Teorisi\u2019&#8230; C\u00fcneyt Konuralp serinin ilk kitab\u0131nda ba\u015flatt\u0131\u011f\u0131 ara\u015ft\u0131rmas\u0131n\u0131 bu kitab\u0131nda da s\u00fcrd\u00fcr\u00fcyor ve arka bah\u00e7ede daha diplere, daha derinlere dal\u0131yor. A\u015f\u0131lar konusunda hi\u00e7bir \u015fey sand\u0131\u011f\u0131n\u0131z gibi de\u011fil. Ba\u015fta doktorlar olmak \u00fczere herkes kand\u0131r\u0131lm\u0131\u015f&#8230; 84 grafik ve 260 referans ile&#8230;<\/p>\n","protected":false},"excerpt":{"rendered":"<p>D\u00fckk\u00e2nlar\u0131n vitrinleri veya evlerin \u00f6n bah\u00e7eleri her zaman g\u00fczel, d\u00fczenli ve \u00e7ekici g\u00f6r\u00fcn\u00fcr. Ger\u00e7ek d\u00fczeni ise d\u00fckk\u00e2n\u0131n i\u00e7inde veya evin arka bah\u00e7esinde g\u00f6r\u00fcrs\u00fcn\u00fcz. Do\u00e7. Dr. C\u00fcneyt<span class=\"excerpt-hellip\"> [\u2026]<\/span><\/p>\n","protected":false},"featured_media":0,"template":"","meta":{"_monsterinsights_skip_tracking":false,"_monsterinsights_sitenote_active":false,"_monsterinsights_sitenote_note":"","_monsterinsights_sitenote_category":0},"product_brand":[],"product_cat":[16965,13365],"product_tag":[],"class_list":{"0":"post-766502","1":"product","2":"type-product","3":"status-publish","5":"product_cat-genel-saglik-kitaplari","6":"product_cat-saglik","7":"pa_cilt-ciltsiz","8":"pa_tur-kitap","9":"pa_yayinevi-hayykitap","10":"pa_yazar-cuneyt-konuralp","12":"first","13":"instock","14":"sale","15":"shipping-taxable","16":"purchasable","17":"product-type-simple"},"_links":{"self":[{"href":"https:\/\/roveyayinevi.com.tr\/index.php\/wp-json\/wp\/v2\/product\/766502","targetHints":{"allow":["GET"]}}],"collection":[{"href":"https:\/\/roveyayinevi.com.tr\/index.php\/wp-json\/wp\/v2\/product"}],"about":[{"href":"https:\/\/roveyayinevi.com.tr\/index.php\/wp-json\/wp\/v2\/types\/product"}],"wp:attachment":[{"href":"https:\/\/roveyayinevi.com.tr\/index.php\/wp-json\/wp\/v2\/media?parent=766502"}],"wp:term":[{"taxonomy":"product_brand","embeddable":true,"href":"https:\/\/roveyayinevi.com.tr\/index.php\/wp-json\/wp\/v2\/product_brand?post=766502"},{"taxonomy":"product_cat","embeddable":true,"href":"https:\/\/roveyayinevi.com.tr\/index.php\/wp-json\/wp\/v2\/product_cat?post=766502"},{"taxonomy":"product_tag","embeddable":true,"href":"https:\/\/roveyayinevi.com.tr\/index.php\/wp-json\/wp\/v2\/product_tag?post=766502"}],"curies":[{"name":"wp","href":"https:\/\/api.w.org\/{rel}","templated":true}]}}