{"id":766501,"date":"2025-08-28T12:15:50","date_gmt":"2025-08-28T09:15:50","guid":{"rendered":"https:\/\/roveyayinevi.com.tr\/index.php\/urun\/afetler-toplum-ve-saglik-hizmetleri\/"},"modified":"2026-04-15T03:32:15","modified_gmt":"2026-04-15T00:32:15","slug":"afetler-toplum-ve-saglik-hizmetleri","status":"publish","type":"product","link":"https:\/\/roveyayinevi.com.tr\/index.php\/urun\/afetler-toplum-ve-saglik-hizmetleri\/","title":{"rendered":"Afetler, Toplum Ve Sa\u011fl\u0131k Hizmetleri"},"content":{"rendered":"<p>\u0130\u00e7indekiler :     \u00b7         Sosyal Politika ve Sa\u011fl\u0131k Politikalar\u0131 Kapsam\u0131nda T\u00fcrkiye\u2019de Afet Y\u00f6netimi   \u00b7         Afet, G\u00f6\u00e7 Ve Sa\u011fl\u0131k   \u00b7         Afetlerde Sivil Toplum Kurulu\u015flar\u0131n\u0131n Sa\u011fl\u0131k Hizmetlerindeki Rol\u00fc   \u00b7         D\u00fcnyada Ve T\u00fcrkiye\u2019de Afet Koordinasyon Modellerinin \u0130ncelenmesi \u00dczerine Bir Ara\u015ft\u0131rma   \u00b7         Sahra-Acil Durum Hastaneleri   \u00b7         Afet Sonras\u0131nda Sosyal Sa\u011fl\u0131k ve Sosyal Destek   \u00b7         Afet D\u00f6nemlerinde Sa\u011fl\u0131k Hizmetleri ve Y\u00f6netimi: Paramediklerin Deneyimleri \u00dczerinden Bir De\u011ferlendirme   \u00b7         Depremde \u00c7ocuklarla \u0130leti\u015fim   \u00b7         Kahramanmara\u015f Merkezli Depremlerde T\u00fcrkiye Sa\u011fl\u0131k Sisteminin Yeterli\u011fi   \u00b7         Kahramanmara\u015f Merkezli Depremlerin Sosyal ve Psikolojik Etkileri   \u00b7         Kayb\u0131n \u0130zleri: K\u00fclt\u00fcrel Yas <\/p>\n","protected":false},"excerpt":{"rendered":"<p>\u0130\u00e7indekiler : \u00b7 Sosyal Politika ve Sa\u011fl\u0131k Politikalar\u0131 Kapsam\u0131nda T\u00fcrkiye\u2019de Afet Y\u00f6netimi \u00b7 Afet, G\u00f6\u00e7 Ve Sa\u011fl\u0131k \u00b7 Afetlerde Sivil Toplum Kurulu\u015flar\u0131n\u0131n Sa\u011fl\u0131k Hizmetlerindeki Rol\u00fc \u00b7<span class=\"excerpt-hellip\"> [\u2026]<\/span><\/p>\n","protected":false},"featured_media":0,"template":"","meta":{"_monsterinsights_skip_tracking":false,"_monsterinsights_sitenote_active":false,"_monsterinsights_sitenote_note":"","_monsterinsights_sitenote_category":0},"product_brand":[],"product_cat":[13365],"product_tag":[],"class_list":{"0":"post-766501","1":"product","2":"type-product","3":"status-publish","5":"product_cat-saglik","6":"pa_cilt-ciltsiz","7":"pa_tur-kitap","8":"pa_yayinevi-gazi-kitabevi","9":"pa_yazar-kolektif","11":"first","12":"instock","13":"sale","14":"shipping-taxable","15":"purchasable","16":"product-type-simple"},"_links":{"self":[{"href":"https:\/\/roveyayinevi.com.tr\/index.php\/wp-json\/wp\/v2\/product\/766501","targetHints":{"allow":["GET"]}}],"collection":[{"href":"https:\/\/roveyayinevi.com.tr\/index.php\/wp-json\/wp\/v2\/product"}],"about":[{"href":"https:\/\/roveyayinevi.com.tr\/index.php\/wp-json\/wp\/v2\/types\/product"}],"wp:attachment":[{"href":"https:\/\/roveyayinevi.com.tr\/index.php\/wp-json\/wp\/v2\/media?parent=766501"}],"wp:term":[{"taxonomy":"product_brand","embeddable":true,"href":"https:\/\/roveyayinevi.com.tr\/index.php\/wp-json\/wp\/v2\/product_brand?post=766501"},{"taxonomy":"product_cat","embeddable":true,"href":"https:\/\/roveyayinevi.com.tr\/index.php\/wp-json\/wp\/v2\/product_cat?post=766501"},{"taxonomy":"product_tag","embeddable":true,"href":"https:\/\/roveyayinevi.com.tr\/index.php\/wp-json\/wp\/v2\/product_tag?post=766501"}],"curies":[{"name":"wp","href":"https:\/\/api.w.org\/{rel}","templated":true}]}}