{"id":766500,"date":"2025-08-28T12:15:49","date_gmt":"2025-08-28T09:15:49","guid":{"rendered":"https:\/\/roveyayinevi.com.tr\/index.php\/urun\/sirket-degerleme-yaklasimlari-sektorel-bazli-bir-uygulama\/"},"modified":"2025-11-08T11:04:33","modified_gmt":"2025-11-08T08:04:33","slug":"sirket-degerleme-yaklasimlari-sektorel-bazli-bir-uygulama","status":"publish","type":"product","link":"https:\/\/roveyayinevi.com.tr\/index.php\/urun\/sirket-degerleme-yaklasimlari-sektorel-bazli-bir-uygulama\/","title":{"rendered":"\u015eirket De\u011ferleme Yakla\u015f\u0131mlar\u0131 Sekt\u00f6rel Bazl\u0131 Bir Uygulama"},"content":{"rendered":"<p>\u0130\u00e7indekiler :           1. DE\u011eER VE DE\u011eERLEME KAVRAMLARI         2. \u015e\u0130RKET DE\u011eERLEME         3. \u015e\u0130RKET DE\u011eERLEME YAKLA\u015eIMLARI         4. \u015e\u0130RKET DE\u011eERLEME YAKLA\u015eIMLARI \u0130LE BIST ULA\u015eTIRMA ENDEKS\u0130NDE             UYGULAMA         5. TARTI\u015eMA VE SONU\u00c7 <\/p>\n","protected":false},"excerpt":{"rendered":"<p>\u0130\u00e7indekiler : 1. DE\u011eER VE DE\u011eERLEME KAVRAMLARI 2. \u015e\u0130RKET DE\u011eERLEME 3. \u015e\u0130RKET DE\u011eERLEME YAKLA\u015eIMLARI 4. \u015e\u0130RKET DE\u011eERLEME YAKLA\u015eIMLARI \u0130LE BIST ULA\u015eTIRMA ENDEKS\u0130NDE UYGULAMA 5. TARTI\u015eMA VE<span class=\"excerpt-hellip\"> [\u2026]<\/span><\/p>\n","protected":false},"featured_media":0,"template":"","meta":{"_monsterinsights_skip_tracking":false,"_monsterinsights_sitenote_active":false,"_monsterinsights_sitenote_note":"","_monsterinsights_sitenote_category":0},"product_brand":[],"product_cat":[13043],"product_tag":[],"class_list":{"0":"post-766500","1":"product","2":"type-product","3":"status-publish","5":"product_cat-ekonomi","6":"pa_cilt-ciltsiz","7":"pa_tur-kitap","8":"pa_yayinevi-gazi-kitabevi","9":"pa_yazar-cagri-koroglu-mehmet-anbarci","11":"first","12":"instock","13":"sale","14":"shipping-taxable","15":"purchasable","16":"product-type-simple"},"_links":{"self":[{"href":"https:\/\/roveyayinevi.com.tr\/index.php\/wp-json\/wp\/v2\/product\/766500","targetHints":{"allow":["GET"]}}],"collection":[{"href":"https:\/\/roveyayinevi.com.tr\/index.php\/wp-json\/wp\/v2\/product"}],"about":[{"href":"https:\/\/roveyayinevi.com.tr\/index.php\/wp-json\/wp\/v2\/types\/product"}],"wp:attachment":[{"href":"https:\/\/roveyayinevi.com.tr\/index.php\/wp-json\/wp\/v2\/media?parent=766500"}],"wp:term":[{"taxonomy":"product_brand","embeddable":true,"href":"https:\/\/roveyayinevi.com.tr\/index.php\/wp-json\/wp\/v2\/product_brand?post=766500"},{"taxonomy":"product_cat","embeddable":true,"href":"https:\/\/roveyayinevi.com.tr\/index.php\/wp-json\/wp\/v2\/product_cat?post=766500"},{"taxonomy":"product_tag","embeddable":true,"href":"https:\/\/roveyayinevi.com.tr\/index.php\/wp-json\/wp\/v2\/product_tag?post=766500"}],"curies":[{"name":"wp","href":"https:\/\/api.w.org\/{rel}","templated":true}]}}