{"id":766498,"date":"2025-08-28T12:15:46","date_gmt":"2025-08-28T09:15:46","guid":{"rendered":"https:\/\/roveyayinevi.com.tr\/index.php\/urun\/teknoloji-dijitallesme-ve-surdurulebilirlik-perspektifinden-sporun-yeni-yuzu\/"},"modified":"2026-04-15T03:32:15","modified_gmt":"2026-04-15T00:32:15","slug":"teknoloji-dijitallesme-ve-surdurulebilirlik-perspektifinden-sporun-yeni-yuzu","status":"publish","type":"product","link":"https:\/\/roveyayinevi.com.tr\/index.php\/urun\/teknoloji-dijitallesme-ve-surdurulebilirlik-perspektifinden-sporun-yeni-yuzu\/","title":{"rendered":"Teknoloji, Dijitalle\u015fme Ve S\u00fcrd\u00fcr\u00fclebilirlik Perspektifinden Sporun Yeni Y\u00fcz\u00fc"},"content":{"rendered":"<p>\u0130\u00e7indekiler :     B\u0130R\u0130NC\u0130 B\u00d6L\u00dcM  TEKNOLOJ\u0130K GEL\u0130\u015eMELER VE SPOR D\u00dcNYASI   \u0130K\u0130NC\u0130 B\u00d6L\u00dcM  D\u0130J\u0130TAL D\u00d6N\u00dc\u015e\u00dcM VE SPOR SEKT\u00d6R\u00dcNDEK\u0130 GEL\u0130\u015eMELER   \u00dc\u00c7\u00dcNC\u00dc B\u00d6L\u00dcM  S\u00dcRD\u00dcR\u00dcLEB\u0130L\u0130RL\u0130K VE SPOR <\/p>\n","protected":false},"excerpt":{"rendered":"<p>\u0130\u00e7indekiler : B\u0130R\u0130NC\u0130 B\u00d6L\u00dcM TEKNOLOJ\u0130K GEL\u0130\u015eMELER VE SPOR D\u00dcNYASI \u0130K\u0130NC\u0130 B\u00d6L\u00dcM D\u0130J\u0130TAL D\u00d6N\u00dc\u015e\u00dcM VE SPOR SEKT\u00d6R\u00dcNDEK\u0130 GEL\u0130\u015eMELER \u00dc\u00c7\u00dcNC\u00dc B\u00d6L\u00dcM S\u00dcRD\u00dcR\u00dcLEB\u0130L\u0130RL\u0130K VE SPOR<\/p>\n","protected":false},"featured_media":0,"template":"","meta":{"_monsterinsights_skip_tracking":false,"_monsterinsights_sitenote_active":false,"_monsterinsights_sitenote_note":"","_monsterinsights_sitenote_category":0},"product_brand":[],"product_cat":[15563,15564],"product_tag":[],"class_list":{"0":"post-766498","1":"product","2":"type-product","3":"status-publish","5":"product_cat-hobi","6":"product_cat-spor","7":"pa_cilt-ciltsiz","8":"pa_tur-kitap","9":"pa_yayinevi-gazi-kitabevi","10":"pa_yazar-feray-kucukbas-duman","12":"first","13":"instock","14":"sale","15":"shipping-taxable","16":"purchasable","17":"product-type-simple"},"_links":{"self":[{"href":"https:\/\/roveyayinevi.com.tr\/index.php\/wp-json\/wp\/v2\/product\/766498","targetHints":{"allow":["GET"]}}],"collection":[{"href":"https:\/\/roveyayinevi.com.tr\/index.php\/wp-json\/wp\/v2\/product"}],"about":[{"href":"https:\/\/roveyayinevi.com.tr\/index.php\/wp-json\/wp\/v2\/types\/product"}],"wp:attachment":[{"href":"https:\/\/roveyayinevi.com.tr\/index.php\/wp-json\/wp\/v2\/media?parent=766498"}],"wp:term":[{"taxonomy":"product_brand","embeddable":true,"href":"https:\/\/roveyayinevi.com.tr\/index.php\/wp-json\/wp\/v2\/product_brand?post=766498"},{"taxonomy":"product_cat","embeddable":true,"href":"https:\/\/roveyayinevi.com.tr\/index.php\/wp-json\/wp\/v2\/product_cat?post=766498"},{"taxonomy":"product_tag","embeddable":true,"href":"https:\/\/roveyayinevi.com.tr\/index.php\/wp-json\/wp\/v2\/product_tag?post=766498"}],"curies":[{"name":"wp","href":"https:\/\/api.w.org\/{rel}","templated":true}]}}