{"id":766497,"date":"2025-08-28T12:15:44","date_gmt":"2025-08-28T09:15:44","guid":{"rendered":"https:\/\/roveyayinevi.com.tr\/index.php\/urun\/alfabe-adan-zye-hayvanlar-aleminde\/"},"modified":"2026-04-15T03:32:15","modified_gmt":"2026-04-15T00:32:15","slug":"alfabe-adan-zye-hayvanlar-aleminde","status":"publish","type":"product","link":"https:\/\/roveyayinevi.com.tr\/index.php\/urun\/alfabe-adan-zye-hayvanlar-aleminde\/","title":{"rendered":"Alfabe &#8211; A\u2019dan Z\u2019ye Hayvanlar Aleminde"},"content":{"rendered":"<p>Harflerin A&#8217;dan Z&#8217;ye ilgin\u00e7 \u00f6zellikleri olan hayvanlarla tan\u0131t\u0131ld\u0131\u011f\u0131 e\u011flence dolu bir ormana davetlisin!Hi\u00e7 ay\u0131n\u0131n araba kulland\u0131\u011f\u0131 ya da sincab\u0131n ip atlad\u0131\u011f\u0131 bir orman g\u00f6rd\u00fcn m\u00fc hayat\u0131nda? Kitap okumay\u0131 ve yazmay\u0131 \u00e7ok seven Bilge Bayku\u015f harfleri tan\u0131tmak i\u00e7in hayvan dostlar\u0131ndan yard\u0131m istiyor ve macera ba\u015fl\u0131yor. Sen de kat\u0131lsana! <\/p>\n","protected":false},"excerpt":{"rendered":"<p>Harflerin A&#8217;dan Z&#8217;ye ilgin\u00e7 \u00f6zellikleri olan hayvanlarla tan\u0131t\u0131ld\u0131\u011f\u0131 e\u011flence dolu bir ormana davetlisin!Hi\u00e7 ay\u0131n\u0131n araba kulland\u0131\u011f\u0131 ya da sincab\u0131n ip atlad\u0131\u011f\u0131 bir orman g\u00f6rd\u00fcn m\u00fc hayat\u0131nda?<span class=\"excerpt-hellip\"> [\u2026]<\/span><\/p>\n","protected":false},"featured_media":0,"template":"","meta":{"_monsterinsights_skip_tracking":false,"_monsterinsights_sitenote_active":false,"_monsterinsights_sitenote_note":"","_monsterinsights_sitenote_category":0},"product_brand":[],"product_cat":[12274,12284],"product_tag":[],"class_list":{"0":"post-766497","1":"product","2":"type-product","3":"status-publish","5":"product_cat-cocuk-ve-genclik-kitaplari","6":"product_cat-hikayeler","7":"pa_cilt-ciltsiz","8":"pa_tur-kitap","9":"pa_yayinevi-abm-yayinevi","10":"pa_yazar-gloria-gulay-baltali","12":"first","13":"instock","14":"sale","15":"shipping-taxable","16":"purchasable","17":"product-type-simple"},"_links":{"self":[{"href":"https:\/\/roveyayinevi.com.tr\/index.php\/wp-json\/wp\/v2\/product\/766497","targetHints":{"allow":["GET"]}}],"collection":[{"href":"https:\/\/roveyayinevi.com.tr\/index.php\/wp-json\/wp\/v2\/product"}],"about":[{"href":"https:\/\/roveyayinevi.com.tr\/index.php\/wp-json\/wp\/v2\/types\/product"}],"wp:attachment":[{"href":"https:\/\/roveyayinevi.com.tr\/index.php\/wp-json\/wp\/v2\/media?parent=766497"}],"wp:term":[{"taxonomy":"product_brand","embeddable":true,"href":"https:\/\/roveyayinevi.com.tr\/index.php\/wp-json\/wp\/v2\/product_brand?post=766497"},{"taxonomy":"product_cat","embeddable":true,"href":"https:\/\/roveyayinevi.com.tr\/index.php\/wp-json\/wp\/v2\/product_cat?post=766497"},{"taxonomy":"product_tag","embeddable":true,"href":"https:\/\/roveyayinevi.com.tr\/index.php\/wp-json\/wp\/v2\/product_tag?post=766497"}],"curies":[{"name":"wp","href":"https:\/\/api.w.org\/{rel}","templated":true}]}}