{"id":766496,"date":"2025-08-28T12:15:43","date_gmt":"2025-08-28T09:15:43","guid":{"rendered":"https:\/\/roveyayinevi.com.tr\/index.php\/urun\/idari-ve-burokratik-protokol-kurallarinin-halkla-iliskiler-perspektifinde-tarihsel-donusumu\/"},"modified":"2026-04-15T03:32:15","modified_gmt":"2026-04-15T00:32:15","slug":"idari-ve-burokratik-protokol-kurallarinin-halkla-iliskiler-perspektifinde-tarihsel-donusumu","status":"publish","type":"product","link":"https:\/\/roveyayinevi.com.tr\/index.php\/urun\/idari-ve-burokratik-protokol-kurallarinin-halkla-iliskiler-perspektifinde-tarihsel-donusumu\/","title":{"rendered":"\u0130dari ve B\u00fcrokratik Protokol Kurallar\u0131n\u0131n Halkla \u0130li\u015fkiler Perspektifinde Tarihsel D\u00f6n\u00fc\u015f\u00fcm\u00fc"},"content":{"rendered":"<p>\u0130\u00e7indekiler :     B\u00d6L\u00dcM 1. G\u0130R\u0130\u015e       B\u00d6L\u00dcM 2. HALKLA \u0130L\u0130\u015eK\u0130LERDE PROTOKOL VE KAMU \u0130T\u0130BARI   B\u00d6L\u00dcM 3. OSMANLI \u0130MPARATORLU\u011eUNUN \u0130DAR\u0130 \u00d6ZELL\u0130KLER\u0130 VE PROTOKOL KURALLARI   B\u00d6L\u00dcM 4. CUMHUR\u0130YET D\u00d6NEM\u0130NDE PROTOKOL   B\u00d6L\u00dcM 5. SONU\u00c7 <\/p>\n","protected":false},"excerpt":{"rendered":"<p>\u0130\u00e7indekiler : B\u00d6L\u00dcM 1. G\u0130R\u0130\u015e B\u00d6L\u00dcM 2. HALKLA \u0130L\u0130\u015eK\u0130LERDE PROTOKOL VE KAMU \u0130T\u0130BARI B\u00d6L\u00dcM 3. OSMANLI \u0130MPARATORLU\u011eUNUN \u0130DAR\u0130 \u00d6ZELL\u0130KLER\u0130 VE PROTOKOL KURALLARI B\u00d6L\u00dcM 4. CUMHUR\u0130YET D\u00d6NEM\u0130NDE<span class=\"excerpt-hellip\"> [\u2026]<\/span><\/p>\n","protected":false},"featured_media":0,"template":"","meta":{"_monsterinsights_skip_tracking":false,"_monsterinsights_sitenote_active":false,"_monsterinsights_sitenote_note":"","_monsterinsights_sitenote_category":0},"product_brand":[],"product_cat":[13043],"product_tag":[],"class_list":{"0":"post-766496","1":"product","2":"type-product","3":"status-publish","5":"product_cat-ekonomi","6":"pa_cilt-ciltsiz","7":"pa_tur-kitap","8":"pa_yayinevi-gazi-kitabevi","9":"pa_yazar-sidika-sibel-bayyigit","11":"first","12":"instock","13":"sale","14":"shipping-taxable","15":"purchasable","16":"product-type-simple"},"_links":{"self":[{"href":"https:\/\/roveyayinevi.com.tr\/index.php\/wp-json\/wp\/v2\/product\/766496","targetHints":{"allow":["GET"]}}],"collection":[{"href":"https:\/\/roveyayinevi.com.tr\/index.php\/wp-json\/wp\/v2\/product"}],"about":[{"href":"https:\/\/roveyayinevi.com.tr\/index.php\/wp-json\/wp\/v2\/types\/product"}],"wp:attachment":[{"href":"https:\/\/roveyayinevi.com.tr\/index.php\/wp-json\/wp\/v2\/media?parent=766496"}],"wp:term":[{"taxonomy":"product_brand","embeddable":true,"href":"https:\/\/roveyayinevi.com.tr\/index.php\/wp-json\/wp\/v2\/product_brand?post=766496"},{"taxonomy":"product_cat","embeddable":true,"href":"https:\/\/roveyayinevi.com.tr\/index.php\/wp-json\/wp\/v2\/product_cat?post=766496"},{"taxonomy":"product_tag","embeddable":true,"href":"https:\/\/roveyayinevi.com.tr\/index.php\/wp-json\/wp\/v2\/product_tag?post=766496"}],"curies":[{"name":"wp","href":"https:\/\/api.w.org\/{rel}","templated":true}]}}