{"id":766495,"date":"2025-08-28T12:15:42","date_gmt":"2025-08-28T09:15:42","guid":{"rendered":"https:\/\/roveyayinevi.com.tr\/index.php\/urun\/vergi-kacakciligi-sucunda-etkin-pismanlik\/"},"modified":"2026-04-15T03:32:15","modified_gmt":"2026-04-15T00:32:15","slug":"vergi-kacakciligi-sucunda-etkin-pismanlik","status":"publish","type":"product","link":"https:\/\/roveyayinevi.com.tr\/index.php\/urun\/vergi-kacakciligi-sucunda-etkin-pismanlik\/","title":{"rendered":"Vergi Ka\u00e7ak\u00e7\u0131l\u0131\u011f\u0131 Su\u00e7unda Etkin Pi\u015fmanl\u0131k"},"content":{"rendered":"<p>\u0130\u00e7indekiler :     B\u0130R\u0130NC\u0130 B\u00d6L\u00dcM VERG\u0130 KA\u00c7AK\u00c7ILI\u011eI SU\u00c7U   \u0130K\u0130NC\u0130 B\u00d6L\u00dcM ETK\u0130N P\u0130\u015eMANLIK M\u00dcESSESES\u0130   \u00dc\u00c7\u00dcNC\u00dc B\u00d6L\u00dcM VERG\u0130 KA\u00c7AK\u00c7ILI\u011eI SU\u00c7UNDA ETK\u0130N P\u0130\u015eMANLIK M\u00dcESSESES\u0130N\u0130N DE\u011eERLEND\u0130R\u0130LMES\u0130       <\/p>\n","protected":false},"excerpt":{"rendered":"<p>\u0130\u00e7indekiler : B\u0130R\u0130NC\u0130 B\u00d6L\u00dcM VERG\u0130 KA\u00c7AK\u00c7ILI\u011eI SU\u00c7U \u0130K\u0130NC\u0130 B\u00d6L\u00dcM ETK\u0130N P\u0130\u015eMANLIK M\u00dcESSESES\u0130 \u00dc\u00c7\u00dcNC\u00dc B\u00d6L\u00dcM VERG\u0130 KA\u00c7AK\u00c7ILI\u011eI SU\u00c7UNDA ETK\u0130N P\u0130\u015eMANLIK M\u00dcESSESES\u0130N\u0130N DE\u011eERLEND\u0130R\u0130LMES\u0130<\/p>\n","protected":false},"featured_media":0,"template":"","meta":{"_monsterinsights_skip_tracking":false,"_monsterinsights_sitenote_active":false,"_monsterinsights_sitenote_note":"","_monsterinsights_sitenote_category":0},"product_brand":[],"product_cat":[15350],"product_tag":[],"class_list":{"0":"post-766495","1":"product","2":"type-product","3":"status-publish","5":"product_cat-hukuk","6":"pa_cilt-ciltsiz","7":"pa_tur-kitap","8":"pa_yayinevi-gazi-kitabevi","9":"pa_yazar-osman-kagan-ergur","11":"first","12":"instock","13":"sale","14":"shipping-taxable","15":"purchasable","16":"product-type-simple"},"_links":{"self":[{"href":"https:\/\/roveyayinevi.com.tr\/index.php\/wp-json\/wp\/v2\/product\/766495","targetHints":{"allow":["GET"]}}],"collection":[{"href":"https:\/\/roveyayinevi.com.tr\/index.php\/wp-json\/wp\/v2\/product"}],"about":[{"href":"https:\/\/roveyayinevi.com.tr\/index.php\/wp-json\/wp\/v2\/types\/product"}],"wp:attachment":[{"href":"https:\/\/roveyayinevi.com.tr\/index.php\/wp-json\/wp\/v2\/media?parent=766495"}],"wp:term":[{"taxonomy":"product_brand","embeddable":true,"href":"https:\/\/roveyayinevi.com.tr\/index.php\/wp-json\/wp\/v2\/product_brand?post=766495"},{"taxonomy":"product_cat","embeddable":true,"href":"https:\/\/roveyayinevi.com.tr\/index.php\/wp-json\/wp\/v2\/product_cat?post=766495"},{"taxonomy":"product_tag","embeddable":true,"href":"https:\/\/roveyayinevi.com.tr\/index.php\/wp-json\/wp\/v2\/product_tag?post=766495"}],"curies":[{"name":"wp","href":"https:\/\/api.w.org\/{rel}","templated":true}]}}