{"id":766491,"date":"2025-08-28T12:15:35","date_gmt":"2025-08-28T09:15:35","guid":{"rendered":"https:\/\/roveyayinevi.com.tr\/index.php\/urun\/aile-takvimi-2025\/"},"modified":"2026-04-15T03:32:15","modified_gmt":"2026-04-15T00:32:15","slug":"aile-takvimi-2025","status":"publish","type":"product","link":"https:\/\/roveyayinevi.com.tr\/index.php\/urun\/aile-takvimi-2025\/","title":{"rendered":"Aile Takvimi 2025"},"content":{"rendered":"<p>Ayl\u0131k planlar\u0131n\u0131z\u0131 kolayca yapabilece\u011finiz bu takvim, 48 e\u011flenceli etkinlik i\u00e7eriyor. Bu y\u0131lki temam\u0131zla, s\u00fcrd\u00fcr\u00fclebilir ya\u015fam\u0131 e\u011flenceli bir \u015fekilde ke\u015ffedecek, ailenizle unutulmaz an\u0131lar biriktireceksiniz. Hem \u00e7ok e\u011fleneceksiniz hem de ileti\u015fiminiz kuvvetlenecek. Bir s\u00fcr\u00fc an\u0131 biriktirece\u011finiz bir y\u0131l sizi bekliyor! <\/p>\n","protected":false},"excerpt":{"rendered":"<p>Ayl\u0131k planlar\u0131n\u0131z\u0131 kolayca yapabilece\u011finiz bu takvim, 48 e\u011flenceli etkinlik i\u00e7eriyor. Bu y\u0131lki temam\u0131zla, s\u00fcrd\u00fcr\u00fclebilir ya\u015fam\u0131 e\u011flenceli bir \u015fekilde ke\u015ffedecek, ailenizle unutulmaz an\u0131lar biriktireceksiniz. Hem \u00e7ok e\u011fleneceksiniz<span class=\"excerpt-hellip\"> [\u2026]<\/span><\/p>\n","protected":false},"featured_media":0,"template":"","meta":{"_monsterinsights_skip_tracking":false,"_monsterinsights_sitenote_active":false,"_monsterinsights_sitenote_note":"","_monsterinsights_sitenote_category":0},"product_brand":[],"product_cat":[28265,15563],"product_tag":[],"class_list":{"0":"post-766491","1":"product","2":"type-product","3":"status-publish","5":"product_cat-diger-hobi","6":"product_cat-hobi","7":"pa_cilt-ciltsiz","8":"pa_tur-kitap20","9":"pa_yayinevi-abm-yayinevi","10":"pa_yazar-kolektif","12":"first","13":"instock","14":"sale","15":"shipping-taxable","16":"purchasable","17":"product-type-simple"},"_links":{"self":[{"href":"https:\/\/roveyayinevi.com.tr\/index.php\/wp-json\/wp\/v2\/product\/766491","targetHints":{"allow":["GET"]}}],"collection":[{"href":"https:\/\/roveyayinevi.com.tr\/index.php\/wp-json\/wp\/v2\/product"}],"about":[{"href":"https:\/\/roveyayinevi.com.tr\/index.php\/wp-json\/wp\/v2\/types\/product"}],"wp:attachment":[{"href":"https:\/\/roveyayinevi.com.tr\/index.php\/wp-json\/wp\/v2\/media?parent=766491"}],"wp:term":[{"taxonomy":"product_brand","embeddable":true,"href":"https:\/\/roveyayinevi.com.tr\/index.php\/wp-json\/wp\/v2\/product_brand?post=766491"},{"taxonomy":"product_cat","embeddable":true,"href":"https:\/\/roveyayinevi.com.tr\/index.php\/wp-json\/wp\/v2\/product_cat?post=766491"},{"taxonomy":"product_tag","embeddable":true,"href":"https:\/\/roveyayinevi.com.tr\/index.php\/wp-json\/wp\/v2\/product_tag?post=766491"}],"curies":[{"name":"wp","href":"https:\/\/api.w.org\/{rel}","templated":true}]}}