{"id":766489,"date":"2025-08-28T12:15:30","date_gmt":"2025-08-28T09:15:30","guid":{"rendered":"https:\/\/roveyayinevi.com.tr\/index.php\/urun\/zamana-bes-kala\/"},"modified":"2026-04-15T03:32:15","modified_gmt":"2026-04-15T00:32:15","slug":"zamana-bes-kala","status":"publish","type":"product","link":"https:\/\/roveyayinevi.com.tr\/index.php\/urun\/zamana-bes-kala\/","title":{"rendered":"Zamana Be\u015f Kala"},"content":{"rendered":"<p>Sana yaz\u0131p da sildi\u011fim y\u00fczlerce \u015fiiri Zamana be\u015f kala okudum. Ard\u0131n s\u0131ra karalad\u0131\u011f\u0131m o \u015fiirleri Senden sonra korudum. Bahts\u0131zl\u0131\u011f\u0131n \u00e7\u0131\u011fl\u0131klar\u0131ma konu olmu\u015f ey kalem, Hangi kad\u0131na yazsam m\u00fcrekkebin donuyor\u2026 Sana yazd\u0131\u011f\u0131m her \u015fiirde, Ben yeniden \u00f6l\u00fcyorum.<\/p>\n","protected":false},"excerpt":{"rendered":"<p>Sana yaz\u0131p da sildi\u011fim y\u00fczlerce \u015fiiri Zamana be\u015f kala okudum. Ard\u0131n s\u0131ra karalad\u0131\u011f\u0131m o \u015fiirleri Senden sonra korudum. Bahts\u0131zl\u0131\u011f\u0131n \u00e7\u0131\u011fl\u0131klar\u0131ma konu olmu\u015f ey kalem, Hangi kad\u0131na<span class=\"excerpt-hellip\"> [\u2026]<\/span><\/p>\n","protected":false},"featured_media":0,"template":"","meta":{"_monsterinsights_skip_tracking":false,"_monsterinsights_sitenote_active":false,"_monsterinsights_sitenote_note":"","_monsterinsights_sitenote_category":0},"product_brand":[],"product_cat":[12291,12509],"product_tag":[],"class_list":{"0":"post-766489","1":"product","2":"type-product","3":"status-publish","5":"product_cat-edebiyat","6":"product_cat-siir","7":"pa_cilt-ciltsiz","8":"pa_tur-kitap","9":"pa_yayinevi-ulysses-yayinlari","10":"pa_yazar-osman-kurt-elif-korkurt","12":"first","13":"instock","14":"sale","15":"shipping-taxable","16":"purchasable","17":"product-type-simple"},"_links":{"self":[{"href":"https:\/\/roveyayinevi.com.tr\/index.php\/wp-json\/wp\/v2\/product\/766489","targetHints":{"allow":["GET"]}}],"collection":[{"href":"https:\/\/roveyayinevi.com.tr\/index.php\/wp-json\/wp\/v2\/product"}],"about":[{"href":"https:\/\/roveyayinevi.com.tr\/index.php\/wp-json\/wp\/v2\/types\/product"}],"wp:attachment":[{"href":"https:\/\/roveyayinevi.com.tr\/index.php\/wp-json\/wp\/v2\/media?parent=766489"}],"wp:term":[{"taxonomy":"product_brand","embeddable":true,"href":"https:\/\/roveyayinevi.com.tr\/index.php\/wp-json\/wp\/v2\/product_brand?post=766489"},{"taxonomy":"product_cat","embeddable":true,"href":"https:\/\/roveyayinevi.com.tr\/index.php\/wp-json\/wp\/v2\/product_cat?post=766489"},{"taxonomy":"product_tag","embeddable":true,"href":"https:\/\/roveyayinevi.com.tr\/index.php\/wp-json\/wp\/v2\/product_tag?post=766489"}],"curies":[{"name":"wp","href":"https:\/\/api.w.org\/{rel}","templated":true}]}}