{"id":766487,"date":"2025-08-28T12:15:26","date_gmt":"2025-08-28T09:15:26","guid":{"rendered":"https:\/\/roveyayinevi.com.tr\/index.php\/urun\/beyaz-kurt\/"},"modified":"2026-04-15T03:32:15","modified_gmt":"2026-04-15T00:32:15","slug":"beyaz-kurt","status":"publish","type":"product","link":"https:\/\/roveyayinevi.com.tr\/index.php\/urun\/beyaz-kurt\/","title":{"rendered":"Beyaz Kurt"},"content":{"rendered":"<p>Frederick Marryat\u2019\u0131n gotik ve do\u011fa\u00fcst\u00fc unsurlarla harmanlad\u0131\u011f\u0131 bu e\u015fsiz \u00f6yk\u00fcler, okuyucuyu gizem dolu d\u00fcnyalar\u0131n e\u015fi\u011fine davet ediyor. Beyaz Kurt ve Bell Rock Efsanesi, insan ruhunun en karanl\u0131k korkular\u0131 ve kaderin ac\u0131mas\u0131z cilveleriyle y\u00fczle\u015fen karakterlerin hik\u00e2yelerini anlat\u0131yor.  Bir kurt ulumas\u0131n\u0131n sessizli\u011fi deldi\u011fi Hartz Da\u011flar\u0131\u2019nda ba\u015flayan yolculuk, denizlerin so\u011fuk ve dalgal\u0131 sular\u0131nda yank\u0131lanan lanetli bir \u00e7an\u0131n t\u0131n\u0131s\u0131yla sona eriyor. A\u015fk\u0131n ve ihanetin, lanetin ve kefaretin i\u00e7 i\u00e7e ge\u00e7ti\u011fi bu \u00f6yk\u00fclerde, do\u011fa\u00fcst\u00fc g\u00fc\u00e7lerin g\u00f6lgesinde al\u0131nan her karar bir bedel ta\u015f\u0131yor. Marryat\u2019\u0131n usta kalemi, korku ve gerilimi ustal\u0131kla \u00f6rerek okuru her sayfada beklenmedik bir sona s\u00fcr\u00fckl\u00fcyor.  Beyaz Kurt ve Bell Rock Efsanesi, bilinmezli\u011fin cazibesine kap\u0131lmak isteyen okurlar\u0131 bekliyor. Her sayfas\u0131nda daha karanl\u0131k bir s\u0131r a\u00e7\u0131\u011fa \u00e7\u0131karken, okuyucuya tek bir soru soruluyor: Ka\u00e7maya \u00e7al\u0131\u015fsan\u0131z da kaderin pen\u00e7esinden ger\u00e7ekten kurtulabilir misiniz? <\/p>\n","protected":false},"excerpt":{"rendered":"<p>Frederick Marryat\u2019\u0131n gotik ve do\u011fa\u00fcst\u00fc unsurlarla harmanlad\u0131\u011f\u0131 bu e\u015fsiz \u00f6yk\u00fcler, okuyucuyu gizem dolu d\u00fcnyalar\u0131n e\u015fi\u011fine davet ediyor. Beyaz Kurt ve Bell Rock Efsanesi, insan ruhunun en<span class=\"excerpt-hellip\"> [\u2026]<\/span><\/p>\n","protected":false},"featured_media":0,"template":"","meta":{"_monsterinsights_skip_tracking":false,"_monsterinsights_sitenote_active":false,"_monsterinsights_sitenote_note":"","_monsterinsights_sitenote_category":0},"product_brand":[],"product_cat":[12291,17033],"product_tag":[],"class_list":{"0":"post-766487","1":"product","2":"type-product","3":"status-publish","5":"product_cat-edebiyat","6":"product_cat-korku-gerilim","7":"pa_cilt-ciltsiz","8":"pa_tur-kitap","9":"pa_yayinevi-ulysses-yayinlari","10":"pa_yazar-frederick-marryat","12":"first","13":"instock","14":"sale","15":"shipping-taxable","16":"purchasable","17":"product-type-simple"},"_links":{"self":[{"href":"https:\/\/roveyayinevi.com.tr\/index.php\/wp-json\/wp\/v2\/product\/766487","targetHints":{"allow":["GET"]}}],"collection":[{"href":"https:\/\/roveyayinevi.com.tr\/index.php\/wp-json\/wp\/v2\/product"}],"about":[{"href":"https:\/\/roveyayinevi.com.tr\/index.php\/wp-json\/wp\/v2\/types\/product"}],"wp:attachment":[{"href":"https:\/\/roveyayinevi.com.tr\/index.php\/wp-json\/wp\/v2\/media?parent=766487"}],"wp:term":[{"taxonomy":"product_brand","embeddable":true,"href":"https:\/\/roveyayinevi.com.tr\/index.php\/wp-json\/wp\/v2\/product_brand?post=766487"},{"taxonomy":"product_cat","embeddable":true,"href":"https:\/\/roveyayinevi.com.tr\/index.php\/wp-json\/wp\/v2\/product_cat?post=766487"},{"taxonomy":"product_tag","embeddable":true,"href":"https:\/\/roveyayinevi.com.tr\/index.php\/wp-json\/wp\/v2\/product_tag?post=766487"}],"curies":[{"name":"wp","href":"https:\/\/api.w.org\/{rel}","templated":true}]}}