{"id":766486,"date":"2025-08-28T12:15:24","date_gmt":"2025-08-28T09:15:24","guid":{"rendered":"https:\/\/roveyayinevi.com.tr\/index.php\/urun\/fisiltilar\/"},"modified":"2026-04-15T03:32:15","modified_gmt":"2026-04-15T00:32:15","slug":"fisiltilar","status":"publish","type":"product","link":"https:\/\/roveyayinevi.com.tr\/index.php\/urun\/fisiltilar\/","title":{"rendered":"F\u0131s\u0131lt\u0131lar"},"content":{"rendered":"<p>G\u00f6lgeler her zaman yaln\u0131zca karanl\u0131ktan ibaret de\u011fildir; bazen f\u0131s\u0131ldar, bazen izler, bazen de ruhunuza i\u015fler. Bu kitapta, s\u0131radan g\u00f6r\u00fcnen hayatlar\u0131n gerisinde saklanan korkun\u00e7 ger\u00e7eklerle y\u00fczle\u015feceksiniz. Merdiven ba\u015f\u0131nda beliren siluetler, r\u00fcyalar\u0131n derinliklerine s\u0131zan bilinmeyen fig\u00fcrler, bedenler aras\u0131 gezinen lanetli ruhlar&#8230; Ve her hik\u00e2yede, sizi bekleyen tek bir soru olacak: GER\u00c7EKTEN G\u00dcVENDE M\u0130S\u0130N\u0130Z? Her sayfada, basit bir f\u0131s\u0131lt\u0131n\u0131n bile ne kadar tehlikeli olabilece\u011fini fark edeceksiniz. \u00c7\u00fcnk\u00fc baz\u0131 s\u0131rlar anlat\u0131lmaz, baz\u0131 ac\u0131lar dilsizdir. Ama onlar hep oradad\u0131r&#8230; Sab\u0131rla sizinle bulu\u015fmay\u0131 beklerler. Ve siz sayfalar\u0131 \u00e7evirdik\u00e7e g\u00f6lgelerden ka\u00e7amayaca\u011f\u0131n\u0131z\u0131 anlayacaks\u0131n\u0131z. Hayaletlerle, kaybolmu\u015f ruhlarla ve ge\u00e7mi\u015fin korkun\u00e7 y\u00fczleriyle dolu bu karanl\u0131k \u00f6yk\u00fclerin her biri, sizi bekliyor. Cesaretiniz varsa sayfalar\u0131 aralay\u0131n&#8230; Ama unutmay\u0131n: BAZI KAPILAR B\u0130R KEZ A\u00c7ILDI\u011eINDA B\u0130R DAHA KAPANMAZ. <\/p>\n","protected":false},"excerpt":{"rendered":"<p>G\u00f6lgeler her zaman yaln\u0131zca karanl\u0131ktan ibaret de\u011fildir; bazen f\u0131s\u0131ldar, bazen izler, bazen de ruhunuza i\u015fler. Bu kitapta, s\u0131radan g\u00f6r\u00fcnen hayatlar\u0131n gerisinde saklanan korkun\u00e7 ger\u00e7eklerle y\u00fczle\u015feceksiniz. Merdiven<span class=\"excerpt-hellip\"> [\u2026]<\/span><\/p>\n","protected":false},"featured_media":0,"template":"","meta":{"_monsterinsights_skip_tracking":false,"_monsterinsights_sitenote_active":false,"_monsterinsights_sitenote_note":"","_monsterinsights_sitenote_category":0},"product_brand":[],"product_cat":[12291,14777],"product_tag":[],"class_list":{"0":"post-766486","1":"product","2":"type-product","3":"status-publish","5":"product_cat-edebiyat","6":"product_cat-fantastik","7":"pa_cilt-ciltsiz","8":"pa_tur-kitap","9":"pa_yayinevi-ulysses-yayinlari","10":"pa_yazar-demir-deniz","12":"first","13":"instock","14":"sale","15":"shipping-taxable","16":"purchasable","17":"product-type-simple"},"_links":{"self":[{"href":"https:\/\/roveyayinevi.com.tr\/index.php\/wp-json\/wp\/v2\/product\/766486","targetHints":{"allow":["GET"]}}],"collection":[{"href":"https:\/\/roveyayinevi.com.tr\/index.php\/wp-json\/wp\/v2\/product"}],"about":[{"href":"https:\/\/roveyayinevi.com.tr\/index.php\/wp-json\/wp\/v2\/types\/product"}],"wp:attachment":[{"href":"https:\/\/roveyayinevi.com.tr\/index.php\/wp-json\/wp\/v2\/media?parent=766486"}],"wp:term":[{"taxonomy":"product_brand","embeddable":true,"href":"https:\/\/roveyayinevi.com.tr\/index.php\/wp-json\/wp\/v2\/product_brand?post=766486"},{"taxonomy":"product_cat","embeddable":true,"href":"https:\/\/roveyayinevi.com.tr\/index.php\/wp-json\/wp\/v2\/product_cat?post=766486"},{"taxonomy":"product_tag","embeddable":true,"href":"https:\/\/roveyayinevi.com.tr\/index.php\/wp-json\/wp\/v2\/product_tag?post=766486"}],"curies":[{"name":"wp","href":"https:\/\/api.w.org\/{rel}","templated":true}]}}