{"id":766484,"date":"2025-08-28T12:15:21","date_gmt":"2025-08-28T09:15:21","guid":{"rendered":"https:\/\/roveyayinevi.com.tr\/index.php\/urun\/kendi-yolumda-2\/"},"modified":"2026-04-11T14:35:20","modified_gmt":"2026-04-11T11:35:20","slug":"kendi-yolumda-2","status":"publish","type":"product","link":"https:\/\/roveyayinevi.com.tr\/index.php\/urun\/kendi-yolumda-2\/","title":{"rendered":"Kendi Yolumda"},"content":{"rendered":"<p>Ba\u015fak Ki\u015fisel\u2019den \u0130lham Veren Bir \u0130\u00e7sel Yolculuk   &#8220;\u0130\u00e7imdeki huzursuz bo\u015fluk beni d\u00fcrt\u00fcyor ve \u015f\u00f6yle diyordu: \u2018Hayat\u0131n ak\u0131p gidiyor&#8230; Peki ya sen ne yapmak istiyorsun?\u2019&#8221; Hepimiz hayat\u0131n bir d\u00f6neminde bir duraklama noktas\u0131na geliriz. \u0130\u00e7imizde beliren huzursuzluk ve de\u011fi\u015fim ihtiyac\u0131, bizi derin bir sorgulamaya g\u00f6t\u00fcr\u00fcr. B\u00f6yle anlarda, i\u00e7imizdeki ses sanki &#8220;Burada kalmamal\u0131y\u0131m&#8221; ya da &#8220;Hayat\u0131mda bir \u015feylerin de\u011fi\u015fmesi gerek&#8221; der . Bu his, y\u00fczeyde basit bir huzursuzluk gibi g\u00f6r\u00fcnse de asl\u0131nda olduk\u00e7a derindir ve bizi daha geni\u015f bir sorgulamaya iter. Bu duraklama noktas\u0131, insan\u0131n kendini, ya\u015fad\u0131\u011f\u0131 hayat\u0131 ve i\u00e7inde bulundu\u011fu durumu sorgulamas\u0131na zemin haz\u0131rlar. &#8220;Kimim?&#8221;, &#8220;Ne istiyorum?&#8221;, &#8220;Hayat\u0131m ger\u00e7ekten bana ait mi?&#8221; \u2026Bu sorgulamalar, ya\u015fam yolculu\u011fumuzda bize e\u015flik eden rehberler gibidir; kendimizi tan\u0131mam\u0131za, hedeflerimizi ve hayallerimizi daha iyi anlamam\u0131za yard\u0131mc\u0131 olur. \u0130\u015fte tam da b\u00f6ylesi hislerle yaz\u0131lan Kendi Yolumda, Ba\u015fak Ki\u015fisel&#8217;in i\u00e7sel yolculu\u011funu ve bu yolculukta kazand\u0131\u011f\u0131 fark\u0131ndal\u0131klar\u0131 okurlar\u0131yla bulu\u015fturuyor. K\u0131rkl\u0131 ya\u015flar\u0131n\u0131n ba\u015f\u0131nda, kariyerin ve g\u00fcnl\u00fck hayat\u0131n monotonlu\u011funda s\u0131k\u0131\u015fm\u0131\u015f hisseden yazar, radikal bir karar alarak hayat\u0131n\u0131 yeniden \u015fekillendirmeye ba\u015fl\u0131yor. Bu s\u00fcre\u00e7te kar\u015f\u0131la\u015ft\u0131\u011f\u0131 zorluklar, ya\u015fad\u0131\u011f\u0131 d\u00f6n\u00fc\u015f\u00fcm ve kendini yeniden ke\u015ffetme yolculu\u011fu, kitab\u0131n her sayfas\u0131nda derinlemesine i\u015fleniyor. Yazar\u0131n bu de\u011fi\u015fim yolculu\u011funa dair s\u00f6yledikleri, kitab\u0131n ruhunu \u00f6zetler nitelikte: &#8220;Bir yolculu\u011fa \u00e7\u0131karken nereye varaca\u011f\u0131n\u0131z\u0131 tam olarak bilemezsiniz. Her bir kelime, hayat\u0131n ak\u0131\u015f\u0131 i\u00e7inde bir dura\u011f\u0131n, bir molan\u0131n, belki de bir \u00e7\u0131kmaz soka\u011f\u0131n izlerini ta\u015f\u0131yor.&#8221; Bu sade ve derin s\u00f6zlerle okuru ilk sayfalarda yolculu\u011fun belirsizli\u011fiyle bulu\u015fturan yazar, ilerleyen sat\u0131rlarda bizi kendi i\u00e7sel d\u00f6n\u00fc\u015f\u00fcm\u00fcn\u00fcn hik\u00e2yesine ortak ediyor. Her sayfada, yaln\u0131zca bir bireyin de\u011fil, asl\u0131nda t\u00fcm insanl\u0131\u011f\u0131n \u00f6zlemlerini, aray\u0131\u015flar\u0131n\u0131 ve ke\u015fiflerini payla\u015ft\u0131\u011f\u0131n\u0131 hissediyoruz. Yazar\u0131n kalemi, s\u0131radan bir biyografi de\u011fil; ge\u00e7mi\u015fin ve gelece\u011fin, umudun ve hayal k\u0131r\u0131kl\u0131klar\u0131n\u0131n, d\u00fc\u015flerin ve ger\u00e7eklerin i\u00e7 i\u00e7e ge\u00e7ti\u011fi bir i\u00e7sel ke\u015fif s\u00fcreci olarak \u015fekilleniyor. \u0130lham verici dili, bizi de kendi yolculu\u011fumuza \u00e7\u0131kmaya, ya\u015fam\u0131m\u0131z\u0131, de\u011ferlerimizi ve kendimizi yeniden g\u00f6zden ge\u00e7irmeye te\u015fvik ediyor. Felsefe, psikoloji ve edebiyat ile zenginle\u015fen metin, sadece bir anlat\u0131 olmaktan \u00e7\u0131k\u0131p d\u00fc\u015f\u00fcnsel bir k\u0131lavuza d\u00f6n\u00fc\u015f\u00fcyor. Yazar, Alman filozof Immanuel Kant\u2019\u0131n &#8220;kendinde varl\u0131k&#8221; (Ding an sich) teorisinden, Hans Christian Andersen\u2019in \u201c\u00c7irkin \u00d6rdek Yavrusu\u201d\u2019na, Aristoteles\u2019in Telos kavram\u0131ndan, Zaman Felsefesine kadar pek \u00e7ok fikir ile hem kendi yolunu hem de okurun yolunu ayd\u0131nlat\u0131yor. Bu d\u00fc\u015f\u00fcnceleri ki\u015fisel deneyimleriyle harmanlayarak, ya\u015fad\u0131\u011f\u0131 ini\u015f \u00e7\u0131k\u0131\u015flar\u0131, duygu f\u0131rt\u0131nalar\u0131n\u0131 ve anbean yeniden do\u011fu\u015flar\u0131n\u0131, okura samimi ve i\u00e7ten bir dille anlat\u0131yor. Sonu\u00e7ta ortaya her sayfas\u0131nda, kendi i\u00e7sel yolculu\u011fumuza d\u00f6n\u00fcp bakmam\u0131z i\u00e7in davet niteli\u011finde bir kitap \u00e7\u0131k\u0131yor.<\/p>\n","protected":false},"excerpt":{"rendered":"<p>Ba\u015fak Ki\u015fisel\u2019den \u0130lham Veren Bir \u0130\u00e7sel Yolculuk &#8220;\u0130\u00e7imdeki huzursuz bo\u015fluk beni d\u00fcrt\u00fcyor ve \u015f\u00f6yle diyordu: \u2018Hayat\u0131n ak\u0131p gidiyor&#8230; Peki ya sen ne yapmak istiyorsun?\u2019&#8221; Hepimiz hayat\u0131n<span class=\"excerpt-hellip\"> [\u2026]<\/span><\/p>\n","protected":false},"featured_media":0,"template":"","meta":{"_monsterinsights_skip_tracking":false,"_monsterinsights_sitenote_active":false,"_monsterinsights_sitenote_note":"","_monsterinsights_sitenote_category":0},"product_brand":[],"product_cat":[12364,12376],"product_tag":[],"class_list":{"0":"post-766484","1":"product","2":"type-product","3":"status-publish","5":"product_cat-genel-konular","6":"product_cat-kisisel-gelisim","7":"pa_cilt-ciltsiz","8":"pa_tur-kitap","9":"pa_yayinevi-okuyan-us-yayin","10":"pa_yazar-basak-kisisel","12":"first","13":"instock","14":"sale","15":"shipping-taxable","16":"purchasable","17":"product-type-simple"},"_links":{"self":[{"href":"https:\/\/roveyayinevi.com.tr\/index.php\/wp-json\/wp\/v2\/product\/766484","targetHints":{"allow":["GET"]}}],"collection":[{"href":"https:\/\/roveyayinevi.com.tr\/index.php\/wp-json\/wp\/v2\/product"}],"about":[{"href":"https:\/\/roveyayinevi.com.tr\/index.php\/wp-json\/wp\/v2\/types\/product"}],"wp:attachment":[{"href":"https:\/\/roveyayinevi.com.tr\/index.php\/wp-json\/wp\/v2\/media?parent=766484"}],"wp:term":[{"taxonomy":"product_brand","embeddable":true,"href":"https:\/\/roveyayinevi.com.tr\/index.php\/wp-json\/wp\/v2\/product_brand?post=766484"},{"taxonomy":"product_cat","embeddable":true,"href":"https:\/\/roveyayinevi.com.tr\/index.php\/wp-json\/wp\/v2\/product_cat?post=766484"},{"taxonomy":"product_tag","embeddable":true,"href":"https:\/\/roveyayinevi.com.tr\/index.php\/wp-json\/wp\/v2\/product_tag?post=766484"}],"curies":[{"name":"wp","href":"https:\/\/api.w.org\/{rel}","templated":true}]}}