{"id":766483,"date":"2025-08-28T12:15:19","date_gmt":"2025-08-28T09:15:19","guid":{"rendered":"https:\/\/roveyayinevi.com.tr\/index.php\/urun\/kuantum-ustunlugu\/"},"modified":"2026-04-15T03:32:15","modified_gmt":"2026-04-15T00:32:15","slug":"kuantum-ustunlugu","status":"publish","type":"product","link":"https:\/\/roveyayinevi.com.tr\/index.php\/urun\/kuantum-ustunlugu\/","title":{"rendered":"Kuantum \u00dcst\u00fcnl\u00fc\u011f\u00fc"},"content":{"rendered":"<p>\u00c7ok satan Tanr\u0131 Denklemi kitab\u0131n\u0131n yazar\u0131ndan; yapay zek\u00e2y\u0131 g\u00fc\u00e7lendirebilecek, k\u00fcresel \u0131s\u0131nma, a\u00e7l\u0131k ve tedavisi olmayan hastal\u0131klar gibi insanl\u0131\u011f\u0131n en b\u00fcy\u00fck sorunlar\u0131ndan baz\u0131lar\u0131n\u0131 \u00e7\u00f6zebilecek ve nihayetinde bilimin en derin gizemlerini ayd\u0131nlatabilecek, insanl\u0131\u011f\u0131n bir sonraki b\u00fcy\u00fck teknolojik ba\u015far\u0131s\u0131 olan kuantum hesaplamaya dair heyecan verici bir yolculuk. T\u00fcm profesyonel hayat\u0131n\u0131 kuantum teorisi \u00fczerine \u00e7al\u0131\u015fmalar yaparak ge\u00e7irmi\u015f olan Dr. Michio Kaku, kendine \u00f6zg\u00fc ak\u0131c\u0131 anlat\u0131m\u0131yla, bu heyecan verici bilimsel geli\u015fmenin ve insanl\u0131\u011f\u0131n gelece\u011fine sahip \u00e7\u0131kma yar\u0131\u015f\u0131n\u0131n b\u00fcy\u00fcleyici hik\u00e2yesini anlat\u0131yor. <\/p>\n","protected":false},"excerpt":{"rendered":"<p>\u00c7ok satan Tanr\u0131 Denklemi kitab\u0131n\u0131n yazar\u0131ndan; yapay zek\u00e2y\u0131 g\u00fc\u00e7lendirebilecek, k\u00fcresel \u0131s\u0131nma, a\u00e7l\u0131k ve tedavisi olmayan hastal\u0131klar gibi insanl\u0131\u011f\u0131n en b\u00fcy\u00fck sorunlar\u0131ndan baz\u0131lar\u0131n\u0131 \u00e7\u00f6zebilecek ve nihayetinde bilimin<span class=\"excerpt-hellip\"> [\u2026]<\/span><\/p>\n","protected":false},"featured_media":0,"template":"","meta":{"_monsterinsights_skip_tracking":false,"_monsterinsights_sitenote_active":false,"_monsterinsights_sitenote_note":"","_monsterinsights_sitenote_category":0},"product_brand":[],"product_cat":[13005],"product_tag":[],"class_list":{"0":"post-766483","1":"product","2":"type-product","3":"status-publish","5":"product_cat-bilim-muhendislik","6":"pa_cilt-ciltsiz","7":"pa_tur-kitap","8":"pa_yayinevi-odtu-gelistirme-vakfi-yayincilik","9":"pa_yazar-michio-kaku","11":"first","12":"instock","13":"sale","14":"shipping-taxable","15":"purchasable","16":"product-type-simple"},"_links":{"self":[{"href":"https:\/\/roveyayinevi.com.tr\/index.php\/wp-json\/wp\/v2\/product\/766483","targetHints":{"allow":["GET"]}}],"collection":[{"href":"https:\/\/roveyayinevi.com.tr\/index.php\/wp-json\/wp\/v2\/product"}],"about":[{"href":"https:\/\/roveyayinevi.com.tr\/index.php\/wp-json\/wp\/v2\/types\/product"}],"wp:attachment":[{"href":"https:\/\/roveyayinevi.com.tr\/index.php\/wp-json\/wp\/v2\/media?parent=766483"}],"wp:term":[{"taxonomy":"product_brand","embeddable":true,"href":"https:\/\/roveyayinevi.com.tr\/index.php\/wp-json\/wp\/v2\/product_brand?post=766483"},{"taxonomy":"product_cat","embeddable":true,"href":"https:\/\/roveyayinevi.com.tr\/index.php\/wp-json\/wp\/v2\/product_cat?post=766483"},{"taxonomy":"product_tag","embeddable":true,"href":"https:\/\/roveyayinevi.com.tr\/index.php\/wp-json\/wp\/v2\/product_tag?post=766483"}],"curies":[{"name":"wp","href":"https:\/\/api.w.org\/{rel}","templated":true}]}}