{"id":766480,"date":"2025-08-28T12:15:13","date_gmt":"2025-08-28T09:15:13","guid":{"rendered":"https:\/\/roveyayinevi.com.tr\/index.php\/urun\/yasama-dair-tecrube-duygu-ve-gorusler\/"},"modified":"2026-03-12T03:29:29","modified_gmt":"2026-03-12T00:29:29","slug":"yasama-dair-tecrube-duygu-ve-gorusler","status":"publish","type":"product","link":"https:\/\/roveyayinevi.com.tr\/index.php\/urun\/yasama-dair-tecrube-duygu-ve-gorusler\/","title":{"rendered":"Ya\u015fama Dair Tecr\u00fcbe, Duygu ve G\u00f6r\u00fc\u015fler"},"content":{"rendered":"<p>Kar\u015f\u0131ndakine g\u00fcl\u00fcp ge\u00e7me. Yar\u0131n\u0131n sana ne b\u0131rakaca\u011f\u0131 belli olmaz.   1952 y\u0131l\u0131nda I\u011fd\u0131r\u2019\u0131n Z\u00fclfik\u00e2r k\u00f6y\u00fcnde d\u00fcnyaya gelen Ka\u015fem \u00c7AYIR, e\u015fi Sona \u00c7AYIR ile beraber 4 \u00e7ocuk babas\u0131d\u0131r. Bu kitap, bir insan\u0131n ya\u015fama dair tecr\u00fcbe, duygu ve g\u00f6r\u00fc\u015flerini adalet anlay\u0131\u015f\u0131 i\u00e7erisinde benimsemi\u015f ve bunlar\u0131 muhterem okuyucular\u0131na anlatmaktad\u0131r. T\u00fcm okuyucular\u0131na huzur dolu ya\u015fam ve toplum sevgisiyle ba\u015far\u0131lar diler. <\/p>\n","protected":false},"excerpt":{"rendered":"<p>Kar\u015f\u0131ndakine g\u00fcl\u00fcp ge\u00e7me. Yar\u0131n\u0131n sana ne b\u0131rakaca\u011f\u0131 belli olmaz. 1952 y\u0131l\u0131nda I\u011fd\u0131r\u2019\u0131n Z\u00fclfik\u00e2r k\u00f6y\u00fcnde d\u00fcnyaya gelen Ka\u015fem \u00c7AYIR, e\u015fi Sona \u00c7AYIR ile beraber 4 \u00e7ocuk babas\u0131d\u0131r.<span class=\"excerpt-hellip\"> [\u2026]<\/span><\/p>\n","protected":false},"featured_media":0,"template":"","meta":{"_monsterinsights_skip_tracking":false,"_monsterinsights_sitenote_active":false,"_monsterinsights_sitenote_note":"","_monsterinsights_sitenote_category":0},"product_brand":[],"product_cat":[12291,12509],"product_tag":[],"class_list":{"0":"post-766480","1":"product","2":"type-product","3":"status-publish","5":"product_cat-edebiyat","6":"product_cat-siir","7":"pa_cilt-ciltsiz","8":"pa_tur-kitap","9":"pa_yayinevi-kirmizi-cati-yayinlari","10":"pa_yazar-kasem-cayir-sona-cayir","12":"first","13":"instock","14":"sale","15":"shipping-taxable","16":"purchasable","17":"product-type-simple"},"_links":{"self":[{"href":"https:\/\/roveyayinevi.com.tr\/index.php\/wp-json\/wp\/v2\/product\/766480","targetHints":{"allow":["GET"]}}],"collection":[{"href":"https:\/\/roveyayinevi.com.tr\/index.php\/wp-json\/wp\/v2\/product"}],"about":[{"href":"https:\/\/roveyayinevi.com.tr\/index.php\/wp-json\/wp\/v2\/types\/product"}],"wp:attachment":[{"href":"https:\/\/roveyayinevi.com.tr\/index.php\/wp-json\/wp\/v2\/media?parent=766480"}],"wp:term":[{"taxonomy":"product_brand","embeddable":true,"href":"https:\/\/roveyayinevi.com.tr\/index.php\/wp-json\/wp\/v2\/product_brand?post=766480"},{"taxonomy":"product_cat","embeddable":true,"href":"https:\/\/roveyayinevi.com.tr\/index.php\/wp-json\/wp\/v2\/product_cat?post=766480"},{"taxonomy":"product_tag","embeddable":true,"href":"https:\/\/roveyayinevi.com.tr\/index.php\/wp-json\/wp\/v2\/product_tag?post=766480"}],"curies":[{"name":"wp","href":"https:\/\/api.w.org\/{rel}","templated":true}]}}