{"id":766477,"date":"2025-08-28T12:15:06","date_gmt":"2025-08-28T09:15:06","guid":{"rendered":"https:\/\/roveyayinevi.com.tr\/index.php\/urun\/kader-konusunca-insanlar-susar\/"},"modified":"2026-03-12T03:29:29","modified_gmt":"2026-03-12T00:29:29","slug":"kader-konusunca-insanlar-susar","status":"publish","type":"product","link":"https:\/\/roveyayinevi.com.tr\/index.php\/urun\/kader-konusunca-insanlar-susar\/","title":{"rendered":"Kader Konu\u015funca \u0130nsanlar Susar"},"content":{"rendered":"<p>Y\u00fcz\u00fcn bir melek kadar g\u00fczel Sanki Rabbim yaratm\u0131\u015f seni \u00f6zel Senin bak\u0131\u015flar\u0131n g\u00f6nl\u00fcm\u00fc s\u00fczer Bunu sana yazd\u0131m art\u0131k anlasana   G\u00fcne\u015fi ays\u0131z d\u00fc\u015f\u00fcnmek olmaz Sulanan \u00e7icekler kuruyup solmaz G\u00f6nl\u00fcm diyorki sensiz olmaz Bunu sana yazd\u0131m art\u0131k anlasana <\/p>\n","protected":false},"excerpt":{"rendered":"<p>Y\u00fcz\u00fcn bir melek kadar g\u00fczel Sanki Rabbim yaratm\u0131\u015f seni \u00f6zel Senin bak\u0131\u015flar\u0131n g\u00f6nl\u00fcm\u00fc s\u00fczer Bunu sana yazd\u0131m art\u0131k anlasana G\u00fcne\u015fi ays\u0131z d\u00fc\u015f\u00fcnmek olmaz Sulanan \u00e7icekler kuruyup<span class=\"excerpt-hellip\"> [\u2026]<\/span><\/p>\n","protected":false},"featured_media":0,"template":"","meta":{"_monsterinsights_skip_tracking":false,"_monsterinsights_sitenote_active":false,"_monsterinsights_sitenote_note":"","_monsterinsights_sitenote_category":0},"product_brand":[],"product_cat":[12291,12509],"product_tag":[],"class_list":{"0":"post-766477","1":"product","2":"type-product","3":"status-publish","5":"product_cat-edebiyat","6":"product_cat-siir","7":"pa_cilt-ciltsiz","8":"pa_tur-kitap","9":"pa_yayinevi-kirmizi-cati-yayinlari","10":"pa_yazar-hursit-kose","12":"first","13":"instock","14":"sale","15":"shipping-taxable","16":"purchasable","17":"product-type-simple"},"_links":{"self":[{"href":"https:\/\/roveyayinevi.com.tr\/index.php\/wp-json\/wp\/v2\/product\/766477","targetHints":{"allow":["GET"]}}],"collection":[{"href":"https:\/\/roveyayinevi.com.tr\/index.php\/wp-json\/wp\/v2\/product"}],"about":[{"href":"https:\/\/roveyayinevi.com.tr\/index.php\/wp-json\/wp\/v2\/types\/product"}],"wp:attachment":[{"href":"https:\/\/roveyayinevi.com.tr\/index.php\/wp-json\/wp\/v2\/media?parent=766477"}],"wp:term":[{"taxonomy":"product_brand","embeddable":true,"href":"https:\/\/roveyayinevi.com.tr\/index.php\/wp-json\/wp\/v2\/product_brand?post=766477"},{"taxonomy":"product_cat","embeddable":true,"href":"https:\/\/roveyayinevi.com.tr\/index.php\/wp-json\/wp\/v2\/product_cat?post=766477"},{"taxonomy":"product_tag","embeddable":true,"href":"https:\/\/roveyayinevi.com.tr\/index.php\/wp-json\/wp\/v2\/product_tag?post=766477"}],"curies":[{"name":"wp","href":"https:\/\/api.w.org\/{rel}","templated":true}]}}