{"id":766476,"date":"2025-08-28T12:15:04","date_gmt":"2025-08-28T09:15:04","guid":{"rendered":"https:\/\/roveyayinevi.com.tr\/index.php\/urun\/icimdeki-elifsin\/"},"modified":"2026-03-12T03:29:29","modified_gmt":"2026-03-12T00:29:29","slug":"icimdeki-elifsin","status":"publish","type":"product","link":"https:\/\/roveyayinevi.com.tr\/index.php\/urun\/icimdeki-elifsin\/","title":{"rendered":"\u0130\u00e7imdeki Elifsin"},"content":{"rendered":"<p>\u201c\u0130\u00e7imdeki Elifsin\u201d A\u015fk\u0131n en saf hali, ayr\u0131l\u0131\u011f\u0131n en keskin y\u00fcz\u00fc ve do\u011fan\u0131n sonsuz huzuru bu sat\u0131rlar-da can buluyor. Bu kitap, bir sevdan\u0131n en derin izlerini  ta\u015f\u0131rken, ayn\u0131 zamanda do\u011fayla i\u00e7 i\u00e7e ge\u00e7en anlar\u0131n sessizli\u011fini dile getiriyor. Her bir \u015fiir, \u00f6zlemle beklenen bir sevgilinin ad\u0131mlar\u0131 gibi y\u00fcre\u011finize dokunacak. \u201c\u0130\u00e7imdeki Elifsin\u201d okuyucusunu; a\u015fk\u0131, ayr\u0131l\u0131\u011f\u0131 ve \u00f6zlemi en i\u00e7ten hislerle yeniden ke\u015ffetmeye davet ediyor. Kendinizi bu \u015fiirlerde bulacak, kaybetti\u011finiz ya da hi\u00e7 bilmedi\u011finiz duygularla tan\u0131\u015facaks\u0131n\u0131z. <\/p>\n","protected":false},"excerpt":{"rendered":"<p>\u201c\u0130\u00e7imdeki Elifsin\u201d A\u015fk\u0131n en saf hali, ayr\u0131l\u0131\u011f\u0131n en keskin y\u00fcz\u00fc ve do\u011fan\u0131n sonsuz huzuru bu sat\u0131rlar-da can buluyor. Bu kitap, bir sevdan\u0131n en derin izlerini ta\u015f\u0131rken,<span class=\"excerpt-hellip\"> [\u2026]<\/span><\/p>\n","protected":false},"featured_media":0,"template":"","meta":{"_monsterinsights_skip_tracking":false,"_monsterinsights_sitenote_active":false,"_monsterinsights_sitenote_note":"","_monsterinsights_sitenote_category":0},"product_brand":[],"product_cat":[12291,12509],"product_tag":[],"class_list":{"0":"post-766476","1":"product","2":"type-product","3":"status-publish","5":"product_cat-edebiyat","6":"product_cat-siir","7":"pa_cilt-ciltsiz","8":"pa_tur-kitap","9":"pa_yayinevi-kirmizi-cati-yayinlari","10":"pa_yazar-bunyamin-kalemli","12":"first","13":"instock","14":"sale","15":"shipping-taxable","16":"purchasable","17":"product-type-simple"},"_links":{"self":[{"href":"https:\/\/roveyayinevi.com.tr\/index.php\/wp-json\/wp\/v2\/product\/766476","targetHints":{"allow":["GET"]}}],"collection":[{"href":"https:\/\/roveyayinevi.com.tr\/index.php\/wp-json\/wp\/v2\/product"}],"about":[{"href":"https:\/\/roveyayinevi.com.tr\/index.php\/wp-json\/wp\/v2\/types\/product"}],"wp:attachment":[{"href":"https:\/\/roveyayinevi.com.tr\/index.php\/wp-json\/wp\/v2\/media?parent=766476"}],"wp:term":[{"taxonomy":"product_brand","embeddable":true,"href":"https:\/\/roveyayinevi.com.tr\/index.php\/wp-json\/wp\/v2\/product_brand?post=766476"},{"taxonomy":"product_cat","embeddable":true,"href":"https:\/\/roveyayinevi.com.tr\/index.php\/wp-json\/wp\/v2\/product_cat?post=766476"},{"taxonomy":"product_tag","embeddable":true,"href":"https:\/\/roveyayinevi.com.tr\/index.php\/wp-json\/wp\/v2\/product_tag?post=766476"}],"curies":[{"name":"wp","href":"https:\/\/api.w.org\/{rel}","templated":true}]}}