{"id":766471,"date":"2025-08-28T12:14:53","date_gmt":"2025-08-28T09:14:53","guid":{"rendered":"https:\/\/roveyayinevi.com.tr\/index.php\/urun\/heterodoks-iktisat-ve-cogulculugu-ogretmek\/"},"modified":"2026-04-15T03:32:14","modified_gmt":"2026-04-15T00:32:14","slug":"heterodoks-iktisat-ve-cogulculugu-ogretmek","status":"publish","type":"product","link":"https:\/\/roveyayinevi.com.tr\/index.php\/urun\/heterodoks-iktisat-ve-cogulculugu-ogretmek\/","title":{"rendered":"Heterodoks \u0130ktisat ve \u00c7o\u011fulculu\u011fu \u00d6\u011fretmek"},"content":{"rendered":"<p>\u201cBug\u00fcn inand\u0131\u011f\u0131m\u0131z fikirlere neden inand\u0131\u011f\u0131m\u0131z\u0131, d\u00fcn\u00fcn fikirlerinde neyin yanl\u0131\u015f oldu\u011funu (neden ba\u015far\u0131s\u0131z olduklar\u0131n\u0131\/art\u0131k kullan\u0131lmad\u0131klar\u0131n\u0131), \u00f6rne\u011fin Alt\u0131n Standard\u0131\u2019ndan Keynes\u00e7ili\u011fe, Thatcherizm\u2019den g\u00fcn\u00fcm\u00fcze nas\u0131l geldi\u011fimizi anlamak i\u00e7in fikirlerin tarihsel geli\u015fiminin daha fazla \u00fczerinde durulmas\u0131 gerekti\u011fini d\u00fc\u015f\u00fcn\u00fcyorum.\u201d \u201cTemel sorun, [derste \u00f6\u011fretilen] iktisad\u0131n b\u00fcy\u00fck \u00e7o\u011funlu\u011funun ortodoks\/anaak\u0131m olmas\u0131d\u0131r. \u00d6\u011frencilere post-keynesyenler, kurumsalc\u0131lar ve marksistler taraf\u0131ndan geli\u015ftirilen alternatif yakla\u015f\u0131mlar anlat\u0131lm\u0131yor.\u201d \u201cDerslerde, iktisadi modelleri desteklemek veya bu modelleri \u00e7\u00fcr\u00fctmek i\u00e7in ampirik kan\u0131tlar\u0131n daha fazla kullan\u0131ld\u0131\u011f\u0131n\u0131 g\u00f6rmek isterdim. Bu, \u00e7ok soyut g\u00f6r\u00fcnen fikirlerin ger\u00e7ek d\u00fcnyayla ba\u011flant\u0131s\u0131n\u0131 kurmaya yard\u0131mc\u0131 olacakt\u0131r.\u201d \u201cDaha geni\u015f bir perspektif sunmak i\u00e7in sadece neo-klasik iktisada de\u011fil ortodoks olmayan iktisada da odaklan\u0131lmal\u0131.\u201d Yukar\u0131daki ifadeler iktisat \u00f6\u011frencilerine ait. \u00d6\u011frenciler (ve anaak\u0131m iktisad\u0131n entelekt\u00fcel tekeline itiraz eden \u00f6\u011freticiler) uzun s\u00fcredir iktisad\u0131n daha geni\u015f bir perspektifle \u00f6\u011fretilmesini talep ediyor. Bu \u00e7al\u0131\u015fma, iktisat \u00f6\u011fretiminin bu talebe uygun bir \u015fekilde yeniden tasar\u0131m\u0131nda kullan\u0131labilecek \u00e7o\u011fulcu y\u00f6ntem ve ara\u00e7lar sunmaktad\u0131r. \u00c7al\u0131\u015fma, iktisat \u00f6\u011fretimine yap\u0131lan ele\u015ftirileri g\u00f6z \u00f6n\u00fcnde bulundurarak, heterodoks iktisad\u0131n ve \u00e7o\u011fulculu\u011fun neden \u00f6\u011fretilmesi gerekti\u011fi ve bu \u00f6\u011fretimin kapsam\u0131 konular\u0131na odaklanmaktad\u0131r. Bu ba\u011flamda, \u00e7al\u0131\u015fmada, heterodoks iktisat ve \u00e7o\u011fulculu\u011fun tan\u0131mlar\u0131, bunlar\u0131 \u00f6\u011fretmeye y\u00f6nelik arg\u00fcmanlar\u0131n bir \u00f6zeti ve b\u00f6yle bir \u00f6\u011fretim i\u00e7in kullan\u0131labilecek y\u00f6ntemler sunulmaktad\u0131r. <\/p>\n","protected":false},"excerpt":{"rendered":"<p>\u201cBug\u00fcn inand\u0131\u011f\u0131m\u0131z fikirlere neden inand\u0131\u011f\u0131m\u0131z\u0131, d\u00fcn\u00fcn fikirlerinde neyin yanl\u0131\u015f oldu\u011funu (neden ba\u015far\u0131s\u0131z olduklar\u0131n\u0131\/art\u0131k kullan\u0131lmad\u0131klar\u0131n\u0131), \u00f6rne\u011fin Alt\u0131n Standard\u0131\u2019ndan Keynes\u00e7ili\u011fe, Thatcherizm\u2019den g\u00fcn\u00fcm\u00fcze nas\u0131l geldi\u011fimizi anlamak i\u00e7in fikirlerin tarihsel<span class=\"excerpt-hellip\"> [\u2026]<\/span><\/p>\n","protected":false},"featured_media":0,"template":"","meta":{"_monsterinsights_skip_tracking":false,"_monsterinsights_sitenote_active":false,"_monsterinsights_sitenote_note":"","_monsterinsights_sitenote_category":0},"product_brand":[],"product_cat":[13043],"product_tag":[],"class_list":{"0":"post-766471","1":"product","2":"type-product","3":"status-publish","5":"product_cat-ekonomi","6":"pa_cilt-ciltsiz","7":"pa_tur-kitap","8":"pa_yayinevi-heretik-yayincilik","9":"pa_yazar-andrew-mearman","11":"first","12":"instock","13":"sale","14":"shipping-taxable","15":"purchasable","16":"product-type-simple"},"_links":{"self":[{"href":"https:\/\/roveyayinevi.com.tr\/index.php\/wp-json\/wp\/v2\/product\/766471","targetHints":{"allow":["GET"]}}],"collection":[{"href":"https:\/\/roveyayinevi.com.tr\/index.php\/wp-json\/wp\/v2\/product"}],"about":[{"href":"https:\/\/roveyayinevi.com.tr\/index.php\/wp-json\/wp\/v2\/types\/product"}],"wp:attachment":[{"href":"https:\/\/roveyayinevi.com.tr\/index.php\/wp-json\/wp\/v2\/media?parent=766471"}],"wp:term":[{"taxonomy":"product_brand","embeddable":true,"href":"https:\/\/roveyayinevi.com.tr\/index.php\/wp-json\/wp\/v2\/product_brand?post=766471"},{"taxonomy":"product_cat","embeddable":true,"href":"https:\/\/roveyayinevi.com.tr\/index.php\/wp-json\/wp\/v2\/product_cat?post=766471"},{"taxonomy":"product_tag","embeddable":true,"href":"https:\/\/roveyayinevi.com.tr\/index.php\/wp-json\/wp\/v2\/product_tag?post=766471"}],"curies":[{"name":"wp","href":"https:\/\/api.w.org\/{rel}","templated":true}]}}