{"id":766469,"date":"2025-08-28T12:14:48","date_gmt":"2025-08-28T09:14:48","guid":{"rendered":"https:\/\/roveyayinevi.com.tr\/index.php\/urun\/karga-2\/"},"modified":"2026-04-15T03:32:14","modified_gmt":"2026-04-15T00:32:14","slug":"karga-2","status":"publish","type":"product","link":"https:\/\/roveyayinevi.com.tr\/index.php\/urun\/karga-2\/","title":{"rendered":"Karga"},"content":{"rendered":"<p>1970! Sava\u015fmak i\u00e7in gu\u0308zel bir y\u0131l. Mafya i\u00e7indeki sava\u015f \u00f6nce \u0130talya ve Amerika\u2019da ba\u015flam\u0131\u015ft\u0131r. Herkes taraf\u0131n\u0131 se\u00e7erken en yak\u0131nlar\u0131 bile Servillo ailesine ihanet etmek i\u00e7in haz\u0131rd\u0131r. Padrino\u2019nun en ku\u0308\u00e7u\u0308k o\u011flu olan Diego Servillo, do\u011fdu\u011fu gu\u0308nden beri kendi yu\u0308kseli\u015fini h\u0131zland\u0131rmak zorundad\u0131r. Aile ad\u0131na yapaca\u011f\u0131 evlilik, onu herkesin g\u00f6zu\u0308nde ku\u0308\u00e7u\u0308k du\u0308\u015fu\u0308ren bir oyuna d\u00f6nu\u0308\u015fu\u0308r. Du\u0308\u011fu\u0308n gu\u0308nu\u0308 gelini taraf\u0131ndan terk edilmi\u015ftir. Mafya du\u0308nyas\u0131nda KARGA olarak an\u0131lmas\u0131n\u0131n bir nedeni vard\u0131r: O hi\u00e7bir \u015feyi unutmaz. \u00dcstelik intikam i\u00e7in do\u011fru zaman\u0131 beklemek konusunda \u00e7ok iyidir. Rosanna De Luca, mafya bir aileye do\u011fman\u0131n zorluklar\u0131yla ku\u0308\u00e7u\u0308k ya\u015fta tan\u0131\u015f\u0131r. \u00c7ocuk ya\u015fta yapt\u0131\u011f\u0131 evlilik ki\u015fili\u011fini tamamen de\u011fi\u015ftirirken kocas\u0131n\u0131 \u00f6ldu\u0308rmek, ona \u00f6zgu\u0308rlu\u0308\u011fu\u0308nu\u0308 geri kazand\u0131r\u0131r. Rosanna zamanla \u00f6ldu\u0308rmenin bir al\u0131\u015fkanl\u0131k haline geldi\u011fini fark eder. Dikkat \u00e7ekmemek i\u00e7in yapt\u0131\u011f\u0131 planlar\u0131 birka\u00e7 kez bozar. Her zaman ona destek olan dostu ve korumas\u0131 Gabriel\u2019le ortal\u0131\u011f\u0131 birbirine katarken ailesini g\u00f6rmek i\u00e7in \u0130talya\u2019ya yapt\u0131\u011f\u0131 bir seyahat her \u015feyi de\u011fi\u015ftirir. Rosanna kendisini bir anda Padrino\u2019nun o\u011flu Diego\u2019yla ni\u015fanl\u0131 bulur. \u015eimdi ka\u00e7mas\u0131 gereken bir du\u0308\u011fu\u0308n, terk etmesi gereken bir psikopat ve saklanmas\u0131 gereken gu\u0308\u00e7lu\u0308 aileler vard\u0131r.<\/p>\n","protected":false},"excerpt":{"rendered":"<p>1970! Sava\u015fmak i\u00e7in gu\u0308zel bir y\u0131l. Mafya i\u00e7indeki sava\u015f \u00f6nce \u0130talya ve Amerika\u2019da ba\u015flam\u0131\u015ft\u0131r. Herkes taraf\u0131n\u0131 se\u00e7erken en yak\u0131nlar\u0131 bile Servillo ailesine ihanet etmek i\u00e7in haz\u0131rd\u0131r.<span class=\"excerpt-hellip\"> [\u2026]<\/span><\/p>\n","protected":false},"featured_media":0,"template":"","meta":{"_monsterinsights_skip_tracking":false,"_monsterinsights_sitenote_active":false,"_monsterinsights_sitenote_note":"","_monsterinsights_sitenote_category":0},"product_brand":[],"product_cat":[12291,12711],"product_tag":[],"class_list":{"0":"post-766469","1":"product","2":"type-product","3":"status-publish","5":"product_cat-edebiyat","6":"product_cat-roman-oyku","7":"pa_cilt-ciltsiz","8":"pa_tur-kitap","9":"pa_yayinevi-lapis-kitap","10":"pa_yazar-askin-nur-karatas","12":"first","13":"instock","14":"sale","15":"shipping-taxable","16":"purchasable","17":"product-type-simple"},"_links":{"self":[{"href":"https:\/\/roveyayinevi.com.tr\/index.php\/wp-json\/wp\/v2\/product\/766469","targetHints":{"allow":["GET"]}}],"collection":[{"href":"https:\/\/roveyayinevi.com.tr\/index.php\/wp-json\/wp\/v2\/product"}],"about":[{"href":"https:\/\/roveyayinevi.com.tr\/index.php\/wp-json\/wp\/v2\/types\/product"}],"wp:attachment":[{"href":"https:\/\/roveyayinevi.com.tr\/index.php\/wp-json\/wp\/v2\/media?parent=766469"}],"wp:term":[{"taxonomy":"product_brand","embeddable":true,"href":"https:\/\/roveyayinevi.com.tr\/index.php\/wp-json\/wp\/v2\/product_brand?post=766469"},{"taxonomy":"product_cat","embeddable":true,"href":"https:\/\/roveyayinevi.com.tr\/index.php\/wp-json\/wp\/v2\/product_cat?post=766469"},{"taxonomy":"product_tag","embeddable":true,"href":"https:\/\/roveyayinevi.com.tr\/index.php\/wp-json\/wp\/v2\/product_tag?post=766469"}],"curies":[{"name":"wp","href":"https:\/\/api.w.org\/{rel}","templated":true}]}}