{"id":766466,"date":"2025-08-28T12:14:41","date_gmt":"2025-08-28T09:14:41","guid":{"rendered":"https:\/\/roveyayinevi.com.tr\/index.php\/urun\/yazma-sanatinda-ciraklik\/"},"modified":"2026-04-15T03:32:14","modified_gmt":"2026-04-15T00:32:14","slug":"yazma-sanatinda-ciraklik","status":"publish","type":"product","link":"https:\/\/roveyayinevi.com.tr\/index.php\/urun\/yazma-sanatinda-ciraklik\/","title":{"rendered":"Yazma Sanat\u0131nda \u00c7\u0131rakl\u0131k"},"content":{"rendered":"<p>Yazma Sanat\u0131nda \u00c7\u0131rakl\u0131k\u2026 Ve Jules Payot. \u0130rade Terbiyesi yazar\u0131n\u0131n bu \u00e7arp\u0131c\u0131 eseri T\u00fcrk\u00e7eye ilk kez \u00e7evriliyor\u2026 Yaln\u0131zca yaz\u0131 alan\u0131nda kendini geli\u015ftirmek isteyen \u00f6\u011fretmen ve \u00f6\u011frenciler i\u00e7in de\u011fil, bu sanata ilgi duyan herkes i\u00e7in \u00f6nemli bir kitap\u2026 Jules Payot d\u00f6neminin ve \u00fclkesinin yazma e\u011fitimini ele\u015ftirirken sundu\u011fu tekliflerle yeni bir benlik in\u015fas\u0131n\u0131 da m\u00fcmk\u00fcn k\u0131l\u0131yor\u2026 Yazmaya dair felsefi ilkeler&#8230; Yazma sanat\u0131nda ilerlemek isteyenler i\u00e7in bulunmaz bir rehber.<\/p>\n","protected":false},"excerpt":{"rendered":"<p>Yazma Sanat\u0131nda \u00c7\u0131rakl\u0131k\u2026 Ve Jules Payot. \u0130rade Terbiyesi yazar\u0131n\u0131n bu \u00e7arp\u0131c\u0131 eseri T\u00fcrk\u00e7eye ilk kez \u00e7evriliyor\u2026 Yaln\u0131zca yaz\u0131 alan\u0131nda kendini geli\u015ftirmek isteyen \u00f6\u011fretmen ve \u00f6\u011frenciler i\u00e7in<span class=\"excerpt-hellip\"> [\u2026]<\/span><\/p>\n","protected":false},"featured_media":0,"template":"","meta":{"_monsterinsights_skip_tracking":false,"_monsterinsights_sitenote_active":false,"_monsterinsights_sitenote_note":"","_monsterinsights_sitenote_category":0},"product_brand":[],"product_cat":[13072,12291],"product_tag":[],"class_list":{"0":"post-766466","1":"product","2":"type-product","3":"status-publish","5":"product_cat-arastirma-inceleme-referans","6":"product_cat-edebiyat","7":"pa_cilt-ciltsiz","8":"pa_tur-kitap","9":"pa_yayinevi-kapi-yayinlari","10":"pa_yazar-jules-payot","12":"first","13":"instock","14":"sale","15":"shipping-taxable","16":"purchasable","17":"product-type-simple"},"_links":{"self":[{"href":"https:\/\/roveyayinevi.com.tr\/index.php\/wp-json\/wp\/v2\/product\/766466","targetHints":{"allow":["GET"]}}],"collection":[{"href":"https:\/\/roveyayinevi.com.tr\/index.php\/wp-json\/wp\/v2\/product"}],"about":[{"href":"https:\/\/roveyayinevi.com.tr\/index.php\/wp-json\/wp\/v2\/types\/product"}],"wp:attachment":[{"href":"https:\/\/roveyayinevi.com.tr\/index.php\/wp-json\/wp\/v2\/media?parent=766466"}],"wp:term":[{"taxonomy":"product_brand","embeddable":true,"href":"https:\/\/roveyayinevi.com.tr\/index.php\/wp-json\/wp\/v2\/product_brand?post=766466"},{"taxonomy":"product_cat","embeddable":true,"href":"https:\/\/roveyayinevi.com.tr\/index.php\/wp-json\/wp\/v2\/product_cat?post=766466"},{"taxonomy":"product_tag","embeddable":true,"href":"https:\/\/roveyayinevi.com.tr\/index.php\/wp-json\/wp\/v2\/product_tag?post=766466"}],"curies":[{"name":"wp","href":"https:\/\/api.w.org\/{rel}","templated":true}]}}